{"id":8829,"date":"2023-06-19T07:47:22","date_gmt":"2023-06-19T11:47:22","guid":{"rendered":"https:\/\/www.danburykarateschool.com\/recursos\/"},"modified":"2024-05-13T10:39:49","modified_gmt":"2024-05-13T14:39:49","slug":"recursos","status":"publish","type":"page","link":"https:\/\/www.danburykarateschool.com\/pt-pt\/recursos\/","title":{"rendered":"Recursos"},"content":{"rendered":"<p>[et_pb_section fb_built=&#8221;1&#8243; _builder_version=&#8221;4.21.0&#8243; _module_preset=&#8221;default&#8221; global_colors_info=&#8221;{}&#8221;][et_pb_row _builder_version=&#8221;4.21.0&#8243; _module_preset=&#8221;default&#8221; global_colors_info=&#8221;{}&#8221;][et_pb_column type=&#8221;4_4&#8243; _builder_version=&#8221;4.21.0&#8243; _module_preset=&#8221;default&#8221; global_colors_info=&#8221;{}&#8221;][et_pb_text _builder_version=&#8221;4.21.0&#8243; _module_preset=&#8221;default&#8221; global_colors_info=&#8221;{}&#8221;]<\/p>\n<h1>Recursos de Karat\u00e9<strong><\/strong><\/h1>\n<h2><strong>PDF<\/strong><\/h2>\n<ul>\n<li><strong>Perguntas frequentes sobre a integra\u00e7\u00e3o &#8211; <a href=\"https:\/\/www.danburykarateschool.com\/wp-content\/uploads\/2023\/06\/Kanreikai-Karate-of-Connecticut-Onboarding-FAQ.pdf\">Ingl\u00eas<\/a> \/ <a href=\"https:\/\/www.danburykarateschool.com\/wp-content\/uploads\/2023\/06\/Kanreikai-Onboarding-FAQ-ES.pdf\">Espanhol<\/a> \/ <a href=\"https:\/\/www.danburykarateschool.com\/wp-content\/uploads\/2023\/06\/Kanreikai-Onboarding-FAQ-PT.pdf\">Portugu\u00eas<\/a><\/strong><\/li>\n<li><strong>Como reservar uma aula &#8211; <a href=\"https:\/\/www.danburykarateschool.com\/wp-content\/uploads\/2023\/06\/How-To-Reserve-A-Class.pdf\">English<\/a> \/ <a href=\"https:\/\/www.danburykarateschool.com\/wp-content\/uploads\/2023\/06\/How-To-Reserve-A-Class-ES.pdf\">Espa\u00f1ol<\/a> \/ <a href=\"https:\/\/www.danburykarateschool.com\/wp-content\/uploads\/2023\/06\/How-To-Reserve-A-Class-PT.pdf\">Portugu\u00eas<\/a><\/strong><\/li>\n<li><strong>Conta Mundial de Karate Kanreikai &#8211; <a href=\"https:\/\/www.danburykarateschool.com\/wp-content\/uploads\/2023\/06\/World-Kanreikai-Karate-Account.pdf\">English<\/a> \/ <a href=\"https:\/\/www.danburykarateschool.com\/wp-content\/uploads\/2023\/06\/World-Kanreikai-Karate-Account-ES.pdf\"><br \/>\n  <span>Espa\u00f1ol<\/span><br \/>\n<\/a> \/ <a href=\"https:\/\/www.danburykarateschool.com\/wp-content\/uploads\/2023\/06\/World-Kanreikai-Karate-Account-PT.pdf\">Portugu\u00eas<\/a><\/strong><\/li>\n<\/ul>\n<p>[\/et_pb_text][\/et_pb_column][\/et_pb_row][\/et_pb_section]<\/p>\n","protected":false},"excerpt":{"rendered":"<p>Recursos de Karat\u00e9 PDF Perguntas frequentes sobre a integra\u00e7\u00e3o &#8211; Ingl\u00eas \/ Espanhol \/ Portugu\u00eas Como reservar uma aula &#8211; English \/ Espa\u00f1ol \/ Portugu\u00eas Conta Mundial de Karate Kanreikai &#8211; English \/ Espa\u00f1ol \/ Portugu\u00eas<\/p>\n","protected":false},"author":9,"featured_media":0,"parent":0,"menu_order":0,"comment_status":"closed","ping_status":"closed","template":"","meta":{"_et_pb_use_builder":"on","_et_pb_old_content":"","_et_gb_content_width":"","footnotes":""},"class_list":["post-8829","page","type-page","status-publish","hentry"],"_links":{"self":[{"href":"https:\/\/www.danburykarateschool.com\/pt-pt\/wp-json\/wp\/v2\/pages\/8829","targetHints":{"allow":["GET"]}}],"collection":[{"href":"https:\/\/www.danburykarateschool.com\/pt-pt\/wp-json\/wp\/v2\/pages"}],"about":[{"href":"https:\/\/www.danburykarateschool.com\/pt-pt\/wp-json\/wp\/v2\/types\/page"}],"author":[{"embeddable":true,"href":"https:\/\/www.danburykarateschool.com\/pt-pt\/wp-json\/wp\/v2\/users\/9"}],"replies":[{"embeddable":true,"href":"https:\/\/www.danburykarateschool.com\/pt-pt\/wp-json\/wp\/v2\/comments?post=8829"}],"version-history":[{"count":1,"href":"https:\/\/www.danburykarateschool.com\/pt-pt\/wp-json\/wp\/v2\/pages\/8829\/revisions"}],"predecessor-version":[{"id":8837,"href":"https:\/\/www.danburykarateschool.com\/pt-pt\/wp-json\/wp\/v2\/pages\/8829\/revisions\/8837"}],"wp:attachment":[{"href":"https:\/\/www.danburykarateschool.com\/pt-pt\/wp-json\/wp\/v2\/media?parent=8829"}],"curies":[{"name":"wp","href":"https:\/\/api.w.org\/{rel}","templated":true}]}}