{"id":8685,"date":"2018-02-27T14:38:12","date_gmt":"2018-02-27T19:38:12","guid":{"rendered":"https:\/\/www.danburykarateschool.com\/as-nossas-aulas-de-karate\/aulas-de-karate-para-criancas-7-11-anos\/"},"modified":"2024-05-09T12:23:52","modified_gmt":"2024-05-09T16:23:52","slug":"aulas-de-karate-para-criancas-7-11-anos","status":"publish","type":"page","link":"https:\/\/www.danburykarateschool.com\/pt-pt\/as-nossas-aulas-de-karate\/aulas-de-karate-para-criancas-7-11-anos\/","title":{"rendered":"Aulas de Karat\u00e9 para crian\u00e7as &#8211; 7-11 anos"},"content":{"rendered":"<p>[et_pb_section fb_built=&#8221;1&#8243; _builder_version=&#8221;4.16&#8243; custom_padding=&#8221;30px||||false|false&#8221; global_colors_info=&#8221;{}&#8221;][et_pb_row _builder_version=&#8221;4.16&#8243; global_colors_info=&#8221;{}&#8221;][et_pb_column type=&#8221;4_4&#8243; _builder_version=&#8221;4.16&#8243; custom_padding=&#8221;|||&#8221; global_colors_info=&#8221;{}&#8221; custom_padding__hover=&#8221;|||&#8221;][et_pb_post_title title=&#8221;off&#8221; meta=&#8221;off&#8221; featured_image=&#8221;off&#8221; text_color=&#8221;light&#8221; admin_label=&#8221;Beginner Level&#8221; module_class=&#8221;post-title-class&#8221; _builder_version=&#8221;4.16&#8243; title_font=&#8221;|700|||||||&#8221; title_text_align=&#8221;left&#8221; title_text_color=&#8221;#000000&#8243; title_font_size=&#8221;36px&#8221; global_colors_info=&#8221;{}&#8221;][\/et_pb_post_title][et_pb_text _builder_version=&#8221;4.16&#8243; _module_preset=&#8221;default&#8221; global_colors_info=&#8221;{}&#8221;]<\/p>\n<h1>Aula de Karat\u00e9 dos 7-11 anos<\/h1>\n<p>[\/et_pb_text][\/et_pb_column][\/et_pb_row][et_pb_row _builder_version=&#8221;4.16&#8243; global_colors_info=&#8221;{}&#8221;][et_pb_column type=&#8221;4_4&#8243; _builder_version=&#8221;4.16&#8243; custom_padding=&#8221;|||&#8221; global_colors_info=&#8221;{}&#8221; custom_padding__hover=&#8221;|||&#8221;][et_pb_text admin_label=&#8221;Intro &#8211; Beginner&#8221; _builder_version=&#8221;4.16&#8243; text_text_color=&#8221;#000000&#8243; text_font_size=&#8221;20px&#8221; header_text_color=&#8221;#000000&#8243; header_2_text_color=&#8221;#000000&#8243; header_3_text_color=&#8221;#000000&#8243; header_4_text_color=&#8221;#000000&#8243; header_5_text_color=&#8221;#000000&#8243; header_6_text_color=&#8221;#000000&#8243; background_layout=&#8221;dark&#8221; global_colors_info=&#8221;{}&#8221;]<\/p>\n<p>As nossas aulas <strong>de Karat\u00e9 para crian\u00e7as principiantes<\/strong> destinam-se a alunos com idades compreendidas entre os 7 e os 11 anos. O karat\u00e9 come\u00e7a com os princ\u00edpios b\u00e1sicos chamados <a href=\"https:\/\/www.danburykarateschool.com\/pt-pt\/a-nossa-escola-de-karate\/se-bem-vindo\/\"><br \/>\n  <strong>KIHON<\/strong><br \/>\n<\/a>. A luta livre \u00e9 o objetivo, e chamamos a isto <strong>KUMITE<\/strong>.<\/p>\n<p><strong>Em primeiro lugar<\/strong>, os alunos aprendem os movimentos do corpo. Estes movimentos incluem a utiliza\u00e7\u00e3o dos bra\u00e7os, m\u00e3os, cotovelos, pernas, joelhos e p\u00e9s. Em <strong>segundo lugar<\/strong>, reconhece os seus pontos fortes e fracos. <strong>Em terceiro lugar<\/strong>, os nossos exerc\u00edcios ajudam a desenvolver a sua coordena\u00e7\u00e3o e agilidade. Melhora o desempenho nos outros desportos em que participa.<\/p>\n<p>Os alunos principiantes come\u00e7am a aprender <strong>KATA<\/strong>, que s\u00e3o exerc\u00edcios de forma. Estes katas s\u00e3o combina\u00e7\u00f5es de todos os diferentes movimentos do corpo. T\u00e9cnicas que incluem socos, bloqueios, pontap\u00e9s e posturas. Constr\u00f3i assim uma base para aprender movimentos e t\u00e9cnicas avan\u00e7adas.<\/p>\n<p>[\/et_pb_text][\/et_pb_column][\/et_pb_row][et_pb_row column_structure=&#8221;2_3,1_3&#8243; use_custom_gutter=&#8221;on&#8221; _builder_version=&#8221;4.16&#8243; global_colors_info=&#8221;{}&#8221;][et_pb_column type=&#8221;2_3&#8243; _builder_version=&#8221;4.16&#8243; background_color=&#8221;#eaeaea&#8221; custom_padding=&#8221;20px|35px|35px|35px|false|false&#8221; global_colors_info=&#8221;{}&#8221; custom_padding__hover=&#8221;|||&#8221;][et_pb_text admin_label=&#8221;Texte- Beginner&#8221; _builder_version=&#8221;4.16&#8243; text_text_color=&#8221;#000000&#8243; header_text_color=&#8221;#000000&#8243; header_2_text_color=&#8221;#000000&#8243; header_3_text_color=&#8221;#000000&#8243; header_4_text_color=&#8221;#000000&#8243; header_5_text_color=&#8221;#000000&#8243; header_6_text_color=&#8221;#000000&#8243; background_color=&#8221;rgba(0,0,0,0)&#8221; global_colors_info=&#8221;{}&#8221;]<\/p>\n<div class=\"et_pb_module et_pb_text et_pb_text_2 et_pb_text_align_left et_pb_bg_layout_light\">\n<div class=\"et_pb_text_inner\">\n<p style=\"text-align: center;\"><strong>AULAS DE KARAT\u00c9 PARA CRIAN\u00c7AS PRINCIPIANTES<\/strong><\/p>\n<p>As t\u00e9cnicas b\u00e1sicas s\u00e3o divididas em posturas, t\u00e9cnicas de m\u00e3os e de p\u00e9s. As nossas aulas de karat\u00e9 para crian\u00e7as introduzem estas t\u00e9cnicas a todos os nossos alunos e eles t\u00eam de aprender a compreender que \u00e9 preciso vontade, determina\u00e7\u00e3o, paci\u00eancia e pr\u00e1tica. Come\u00e7a ent\u00e3o a jornada de desenvolvimento da base para te concentrares na t\u00e9cnica, no equil\u00edbrio, no respeito por ti pr\u00f3prio, o que, em \u00faltima an\u00e1lise, leva a construir confian\u00e7a em ti pr\u00f3prio. Apresenta em seguida outros aspectos que s\u00e3o introduzidos:<\/p>\n<ul>\n<li><strong>Regras do Dojo &amp; Conduta<\/strong> &#8211; Regras que seguimos e a conduta que deve ser cumprida.<\/li>\n<li><strong>Terminologia japonesa<\/strong> &#8211; Ensinamos t\u00e9cnicas em japon\u00eas e ingl\u00eas.<\/li>\n<li><strong>KIHON<\/strong> &#8211; T\u00e9cnicas b\u00e1sicas:\n<ul>\n<li>Posi\u00e7\u00f5es<\/li>\n<li>Perfura\u00e7\u00f5es<\/li>\n<li>Pontap\u00e9s<\/li>\n<\/ul>\n<\/li>\n<li><strong>KATA<\/strong> &#8211; Exerc\u00edcios de forma compostos por combina\u00e7\u00f5es de posturas, socos e pontap\u00e9s.<\/li>\n<li><strong>KUMITE<\/strong> &#8211; Luta\n<ul>\n<li>Pontap\u00e9s e socos em escudos almofadados e luvas de m\u00e3o.<\/li>\n<li>Aprende t\u00e9cnicas aplicadas um a um.<\/li>\n<li>Treinos ligeiros sob a supervis\u00e3o do instrutor.<\/li>\n<\/ul>\n<\/li>\n<\/ul>\n<ul>\n<li style=\"list-style-type: none;\">\n<\/li>\n<\/ul>\n<\/div>\n<\/div>\n<p>[\/et_pb_text][\/et_pb_column][et_pb_column type=&#8221;1_3&#8243; _builder_version=&#8221;4.16&#8243; custom_padding=&#8221;|||&#8221; global_colors_info=&#8221;{}&#8221; custom_padding__hover=&#8221;|||&#8221;][et_pb_image src=&#8221;https:\/\/www.danburykarateschool.com\/wp-content\/uploads\/2021\/03\/CTW-Classes-Beginner.jpg&#8221; alt=&#8221;Karat\u00e9 para crian\u00e7as de n\u00edvel iniciante&#8221; align=&#8221;center&#8221; align_tablet=&#8221;center&#8221; align_phone=&#8221;&#8221; align_last_edited=&#8221;on|desktop&#8221; admin_label=&#8221;image &#8211; Beginner&#8221; _builder_version=&#8221;4.16&#8243; border_width_bottom=&#8221;5px&#8221; border_color_bottom=&#8221;#ec3331&#8243; global_colors_info=&#8221;{}&#8221;][\/et_pb_image][\/et_pb_column][\/et_pb_row][\/et_pb_section]<\/p>\n","protected":false},"excerpt":{"rendered":"<p>Aula de Karat\u00e9 dos 7-11 anos As nossas aulas de Karat\u00e9 para crian\u00e7as principiantes destinam-se a alunos com idades compreendidas entre os 7 e os 11 anos. O karat\u00e9 come\u00e7a com os princ\u00edpios b\u00e1sicos chamados KIHON . A luta livre \u00e9 o objetivo, e chamamos a isto KUMITE. Em primeiro lugar, os alunos aprendem os [&hellip;]<\/p>\n","protected":false},"author":8,"featured_media":0,"parent":8674,"menu_order":20,"comment_status":"closed","ping_status":"closed","template":"","meta":{"_et_pb_use_builder":"on","_et_pb_old_content":"","_et_gb_content_width":"","footnotes":""},"class_list":["post-8685","page","type-page","status-publish","hentry"],"_links":{"self":[{"href":"https:\/\/www.danburykarateschool.com\/pt-pt\/wp-json\/wp\/v2\/pages\/8685","targetHints":{"allow":["GET"]}}],"collection":[{"href":"https:\/\/www.danburykarateschool.com\/pt-pt\/wp-json\/wp\/v2\/pages"}],"about":[{"href":"https:\/\/www.danburykarateschool.com\/pt-pt\/wp-json\/wp\/v2\/types\/page"}],"author":[{"embeddable":true,"href":"https:\/\/www.danburykarateschool.com\/pt-pt\/wp-json\/wp\/v2\/users\/8"}],"replies":[{"embeddable":true,"href":"https:\/\/www.danburykarateschool.com\/pt-pt\/wp-json\/wp\/v2\/comments?post=8685"}],"version-history":[{"count":1,"href":"https:\/\/www.danburykarateschool.com\/pt-pt\/wp-json\/wp\/v2\/pages\/8685\/revisions"}],"predecessor-version":[{"id":8696,"href":"https:\/\/www.danburykarateschool.com\/pt-pt\/wp-json\/wp\/v2\/pages\/8685\/revisions\/8696"}],"up":[{"embeddable":true,"href":"https:\/\/www.danburykarateschool.com\/pt-pt\/wp-json\/wp\/v2\/pages\/8674"}],"wp:attachment":[{"href":"https:\/\/www.danburykarateschool.com\/pt-pt\/wp-json\/wp\/v2\/media?parent=8685"}],"curies":[{"name":"wp","href":"https:\/\/api.w.org\/{rel}","templated":true}]}}