{"id":8635,"date":"2020-11-23T16:47:39","date_gmt":"2020-11-23T21:47:39","guid":{"rendered":"https:\/\/www.danburykarateschool.com\/a-nossa-escola-de-karate\/o-nosso-grao-mestre\/"},"modified":"2024-05-09T12:23:20","modified_gmt":"2024-05-09T16:23:20","slug":"o-nosso-grao-mestre","status":"publish","type":"page","link":"https:\/\/www.danburykarateschool.com\/pt-pt\/a-nossa-escola-de-karate\/o-nosso-grao-mestre\/","title":{"rendered":"O nosso Gr\u00e3o-Mestre"},"content":{"rendered":"<p>[et_pb_section fb_built=&#8221;1&#8243; _builder_version=&#8221;4.6.3&#8243; custom_padding=&#8221;30px||||false|false&#8221; global_colors_info=&#8221;{}&#8221;][et_pb_row _builder_version=&#8221;4.6.3&#8243; global_colors_info=&#8221;{}&#8221;][et_pb_column type=&#8221;4_4&#8243; _builder_version=&#8221;3.25&#8243; custom_padding=&#8221;|||&#8221; global_colors_info=&#8221;{}&#8221; custom_padding__hover=&#8221;|||&#8221;][et_pb_post_title meta=&#8221;off&#8221; featured_image=&#8221;off&#8221; text_color=&#8221;light&#8221; module_class=&#8221;post-title-class&#8221; _builder_version=&#8221;4.14.2&#8243; title_font=&#8221;|700|||||||&#8221; title_text_align=&#8221;left&#8221; title_text_color=&#8221;#000000&#8243; title_font_size=&#8221;36px&#8221; hover_enabled=&#8221;0&#8243; global_colors_info=&#8221;{}&#8221; title=&#8221;off&#8221; sticky_enabled=&#8221;0&#8243;][\/et_pb_post_title][et_pb_text _builder_version=&#8221;4.14.2&#8243; _module_preset=&#8221;default&#8221; hover_enabled=&#8221;0&#8243; sticky_enabled=&#8221;0&#8243;]<\/p>\n<h1>O nosso Grande Mestre de Karat\u00e9<\/h1>\n<p>[\/et_pb_text][\/et_pb_column][\/et_pb_row][et_pb_row column_structure=&#8221;1_3,2_3&#8243; use_custom_gutter=&#8221;on&#8221; make_equal=&#8221;on&#8221; _builder_version=&#8221;4.6.5&#8243; global_colors_info=&#8221;{}&#8221;][et_pb_column type=&#8221;1_3&#8243; _builder_version=&#8221;3.25&#8243; custom_padding=&#8221;|||&#8221; global_colors_info=&#8221;{}&#8221; custom_padding__hover=&#8221;|||&#8221;][et_pb_image src=&#8221;https:\/\/www.danburykarateschool.com\/wp-content\/uploads\/2021\/04\/CTW-School-Master-2.jpg&#8221; title_text=&#8221;Grande Mestre&#8221; align_tablet=&#8221;center&#8221; align_phone=&#8221;&#8221; align_last_edited=&#8221;on|desktop&#8221; admin_label=&#8221;Image-Master&#8221; _builder_version=&#8221;4.6.6&#8243; always_center_on_mobile=&#8221;on&#8221; global_colors_info=&#8221;{}&#8221;][\/et_pb_image][\/et_pb_column][et_pb_column type=&#8221;2_3&#8243; _builder_version=&#8221;4.6.3&#8243; background_color=&#8221;#eaeaea&#8221; custom_padding=&#8221;|||&#8221; global_colors_info=&#8221;{}&#8221; custom_padding__hover=&#8221;|||&#8221;][et_pb_text admin_label=&#8221;Bio &#8211; Hanshi Manny&#8221; _builder_version=&#8221;4.6.6&#8243; text_text_color=&#8221;#000000&#8243; header_text_color=&#8221;#000000&#8243; header_2_text_color=&#8221;#000000&#8243; header_3_text_color=&#8221;#000000&#8243; header_4_text_color=&#8221;#000000&#8243; header_5_text_color=&#8221;#000000&#8243; header_6_text_color=&#8221;#000000&#8243; background_layout=&#8221;dark&#8221; custom_padding=&#8221;20px|35px|35px|35px&#8221; global_colors_info=&#8221;{}&#8221;]<\/p>\n<p style=\"text-align: center;\"><strong>HANSHI MANNY MATIAS,<sup>8\u00ba<\/sup> DAN<\/strong><\/p>\n<p><strong>Hanshi Manny Matias,<sup>8\u00ba<\/sup> dan<\/strong>, <strong>cofundador e Grande Mestre do World Kanreikai Karate<\/strong>, tem vindo a treinar alunos nos Estados Unidos e no Canad\u00e1 desde 1971.<\/p>\n<p>Durante as d\u00e9cadas de 1970 e 80, Manny Matias adquiriu uma s\u00f3lida reputa\u00e7\u00e3o como lutador de pesos leves e campe\u00e3o de knockdowns em toda a Am\u00e9rica do Norte. Desde ent\u00e3o, treinou muitos campe\u00f5es para torneios internacionais de contacto total.<\/p>\n<p>\u00c9 altamente considerado nos c\u00edrculos de artes marciais em todo o mundo, tanto como lutador como t\u00e9cnico de Karat\u00e9 Japon\u00eas.<\/p>\n<p>Para al\u00e9m dos in\u00fameros pr\u00e9mios que recebeu ao longo da sua carreira, Manny Matias participou num filme internacional de artes marciais. Foi admitido no U.S.A. Martial Arts Hall of Fame em 2003, onde foi nomeado &#8216;Shihan of the Year in Japanese Karate&#8217;, e em 2014, por ter alcan\u00e7ado a maior das honras poss\u00edveis, &#8216;Hall of Heroes &#8211; Karate Living Legacy \/ Pioneer Award&#8217; pelos seus anos de dedica\u00e7\u00e3o \u00e0s artes marciais.<\/p>\n<p>Em meados dos anos 80, Manny decidiu seguir o seu mestre, Soshu Shigeru Oyama, e contribuiu para a funda\u00e7\u00e3o e desenvolvimento da World Oyama Karate Organization. Classificado em 4\u00ba lugar na organiza\u00e7\u00e3o, viu-se \u00e0 frente de milhares de alunos.<\/p>\n<p>Manny Matias seguiu fielmente o seu mestre at\u00e9 que Soshu Shigeru Oyama fechou o seu dojo em Nova Iorque e deixou de ser diretor da organiza\u00e7\u00e3o em 2004.<\/p>\n<p>Depois disso, Hanshi Manny Matias, Sensei Robert Underhill, Shihan Denis Cordeiro e Shihan Shlomi Levy fundaram uma nova organiza\u00e7\u00e3o chamada &#8220;World Kanreikai Karate&#8221;. \u00c9 dentro desta organiza\u00e7\u00e3o que segue os ensinamentos dos grandes Mestres Mas Oyama e Shigeru Oyama.<\/p>\n<p>[\/et_pb_text][\/et_pb_column][\/et_pb_row][\/et_pb_section]<\/p>\n","protected":false},"excerpt":{"rendered":"<p>O nosso Grande Mestre de Karat\u00e9 HANSHI MANNY MATIAS,8\u00ba DAN Hanshi Manny Matias,8\u00ba dan, cofundador e Grande Mestre do World Kanreikai Karate, tem vindo a treinar alunos nos Estados Unidos e no Canad\u00e1 desde 1971. Durante as d\u00e9cadas de 1970 e 80, Manny Matias adquiriu uma s\u00f3lida reputa\u00e7\u00e3o como lutador de pesos leves e campe\u00e3o [&hellip;]<\/p>\n","protected":false},"author":8,"featured_media":0,"parent":8611,"menu_order":30,"comment_status":"closed","ping_status":"closed","template":"","meta":{"_et_pb_use_builder":"on","_et_pb_old_content":"","_et_gb_content_width":"","footnotes":""},"class_list":["post-8635","page","type-page","status-publish","hentry"],"_links":{"self":[{"href":"https:\/\/www.danburykarateschool.com\/pt-pt\/wp-json\/wp\/v2\/pages\/8635","targetHints":{"allow":["GET"]}}],"collection":[{"href":"https:\/\/www.danburykarateschool.com\/pt-pt\/wp-json\/wp\/v2\/pages"}],"about":[{"href":"https:\/\/www.danburykarateschool.com\/pt-pt\/wp-json\/wp\/v2\/types\/page"}],"author":[{"embeddable":true,"href":"https:\/\/www.danburykarateschool.com\/pt-pt\/wp-json\/wp\/v2\/users\/8"}],"replies":[{"embeddable":true,"href":"https:\/\/www.danburykarateschool.com\/pt-pt\/wp-json\/wp\/v2\/comments?post=8635"}],"version-history":[{"count":1,"href":"https:\/\/www.danburykarateschool.com\/pt-pt\/wp-json\/wp\/v2\/pages\/8635\/revisions"}],"predecessor-version":[{"id":8644,"href":"https:\/\/www.danburykarateschool.com\/pt-pt\/wp-json\/wp\/v2\/pages\/8635\/revisions\/8644"}],"up":[{"embeddable":true,"href":"https:\/\/www.danburykarateschool.com\/pt-pt\/wp-json\/wp\/v2\/pages\/8611"}],"wp:attachment":[{"href":"https:\/\/www.danburykarateschool.com\/pt-pt\/wp-json\/wp\/v2\/media?parent=8635"}],"curies":[{"name":"wp","href":"https:\/\/api.w.org\/{rel}","templated":true}]}}