{"id":9127,"date":"2018-02-27T14:38:12","date_gmt":"2018-02-27T19:38:12","guid":{"rendered":"https:\/\/www.danburykarateschool.com\/nos-cours-de-karate\/cours-de-karate-pour-enfants-7-11-ans\/"},"modified":"2024-10-17T10:41:42","modified_gmt":"2024-10-17T14:41:42","slug":"cours-de-karate-pour-enfants-7-11-ans","status":"publish","type":"page","link":"https:\/\/www.danburykarateschool.com\/fr\/nos-cours-de-karate\/cours-de-karate-pour-enfants-7-11-ans\/","title":{"rendered":"Cours de karat\u00e9 pour enfants &#8211; 7-11 ans"},"content":{"rendered":"<p>[et_pb_section fb_built=\u00a0\u00bb1&Prime; _builder_version=\u00a0\u00bb4.16&Prime; custom_padding=\u00a0\u00bb30px||||false|false\u00a0\u00bb global_colors_info=\u00a0\u00bb{}\u00a0\u00bb][et_pb_row _builder_version=\u00a0\u00bb4.16&Prime; global_colors_info=\u00a0\u00bb{}\u00a0\u00bb][et_pb_column type=\u00a0\u00bb4_4&Prime; _builder_version=\u00a0\u00bb4.16&Prime; custom_padding=\u00a0\u00bb|||\u00a0\u00bb global_colors_info=\u00a0\u00bb{}\u00a0\u00bb custom_padding__hover=\u00a0\u00bb|||\u00a0\u00bb][et_pb_post_title title=\u00a0\u00bboff\u00a0\u00bb meta=\u00a0\u00bboff\u00a0\u00bb featured_image=\u00a0\u00bboff\u00a0\u00bb text_color=\u00a0\u00bblight\u00a0\u00bb admin_label=\u00a0\u00bbBeginner Level\u00a0\u00bb module_class=\u00a0\u00bbpost-title-class\u00a0\u00bb _builder_version=\u00a0\u00bb4.16&Prime; title_font=\u00a0\u00bb|700|||||||\u00a0\u00bb title_text_align=\u00a0\u00bbleft\u00a0\u00bb title_text_color=\u00a0\u00bb#000000&Prime; title_font_size=\u00a0\u00bb36px\u00a0\u00bb global_colors_info=\u00a0\u00bb{}\u00a0\u00bb][\/et_pb_post_title][et_pb_text _builder_version=\u00a0\u00bb4.16&Prime; _module_preset=\u00a0\u00bbdefault\u00a0\u00bb global_colors_info=\u00a0\u00bb{}\u00a0\u00bb]<\/p>\n<h1>Cours de karat\u00e9 pour les 7-11 ans<\/h1>\n<p>[\/et_pb_text][\/et_pb_column][\/et_pb_row][et_pb_row _builder_version=\u00a0\u00bb4.16&Prime; global_colors_info=\u00a0\u00bb{}\u00a0\u00bb][et_pb_column type=\u00a0\u00bb4_4&Prime; _builder_version=\u00a0\u00bb4.16&Prime; custom_padding=\u00a0\u00bb|||\u00a0\u00bb global_colors_info=\u00a0\u00bb{}\u00a0\u00bb custom_padding__hover=\u00a0\u00bb|||\u00a0\u00bb][et_pb_text admin_label=\u00a0\u00bbIntro &#8211; Beginner\u00a0\u00bb _builder_version=\u00a0\u00bb4.16&Prime; text_text_color=\u00a0\u00bb#000000&Prime; text_font_size=\u00a0\u00bb20px\u00a0\u00bb header_text_color=\u00a0\u00bb#000000&Prime; header_2_text_color=\u00a0\u00bb#000000&Prime; header_3_text_color=\u00a0\u00bb#000000&Prime; header_4_text_color=\u00a0\u00bb#000000&Prime; header_5_text_color=\u00a0\u00bb#000000&Prime; header_6_text_color=\u00a0\u00bb#000000&Prime; background_layout=\u00a0\u00bbdark\u00a0\u00bb global_colors_info=\u00a0\u00bb{}\u00a0\u00bb]<\/p>\n<p>Nos cours de <strong>karat\u00e9 pour enfants d\u00e9butants<\/strong> s&rsquo;adressent aux \u00e9l\u00e8ves \u00e2g\u00e9s de 7 \u00e0 11 ans. Le karat\u00e9 commence par des bases appel\u00e9es <a href=\"https:\/\/www.danburykarateschool.com\/fr\/notre-ecole-de-karate\/bienvenue\/\"><strong>KIHON<\/strong><\/a>. Le combat libre est l&rsquo;objectif, et nous l&rsquo;appelons <strong>KUMITE<\/strong>.  <\/p>\n<p><strong>Tout d&rsquo;abord<\/strong>, les \u00e9l\u00e8ves apprennent les mouvements du corps. Ces mouvements comprennent l&rsquo;utilisation des bras, des mains, des coudes, des jambes, des genoux et des pieds. <strong>Deuxi\u00e8mement<\/strong>, ils reconnaissent leurs forces et leurs faiblesses. <strong>Troisi\u00e8mement<\/strong>, nos exercices les aident \u00e0 d\u00e9velopper leur coordination et leur agilit\u00e9. Les performances s&rsquo;am\u00e9liorent dans les autres sports qu&rsquo;ils pratiquent.  <\/p>\n<p>Les \u00e9l\u00e8ves d\u00e9butants commencent \u00e0 apprendre les <strong>KATA<\/strong>, qui sont des exercices de forme. Ces katas sont des combinaisons de tous les diff\u00e9rents mouvements du corps. Les techniques comprennent les coups de poing, les blocages, les coups de pied et les positions. Cela permet de construire une base pour apprendre des mouvements et des techniques plus avanc\u00e9s.   <\/p>\n<p>[\/et_pb_text][\/et_pb_column][\/et_pb_row][et_pb_row column_structure=\u00a0\u00bb2_3,1_3&Prime; use_custom_gutter=\u00a0\u00bbon\u00a0\u00bb _builder_version=\u00a0\u00bb4.16&Prime; global_colors_info=\u00a0\u00bb{}\u00a0\u00bb][et_pb_column type=\u00a0\u00bb2_3&Prime; _builder_version=\u00a0\u00bb4.16&Prime; background_color=\u00a0\u00bb#eaeaea\u00a0\u00bb custom_padding=\u00a0\u00bb20px|35px|35px|35px|false|false\u00a0\u00bb global_colors_info=\u00a0\u00bb{}\u00a0\u00bb custom_padding__hover=\u00a0\u00bb|||\u00a0\u00bb][et_pb_text admin_label=\u00a0\u00bbTexte- Beginner\u00a0\u00bb _builder_version=\u00a0\u00bb4.16&Prime; text_text_color=\u00a0\u00bb#000000&Prime; header_text_color=\u00a0\u00bb#000000&Prime; header_2_text_color=\u00a0\u00bb#000000&Prime; header_3_text_color=\u00a0\u00bb#000000&Prime; header_4_text_color=\u00a0\u00bb#000000&Prime; header_5_text_color=\u00a0\u00bb#000000&Prime; header_6_text_color=\u00a0\u00bb#000000&Prime; background_color=\u00a0\u00bbrgba(0,0,0,0)\u00a0\u00bb global_colors_info=\u00a0\u00bb{}\u00a0\u00bb]<\/p>\n<div class=\"et_pb_module et_pb_text et_pb_text_2 et_pb_text_align_left et_pb_bg_layout_light\">\n<div class=\"et_pb_text_inner\">\n<p style=\"text-align: center;\"><strong>COURS DE KARAT\u00c9 POUR ENFANTS D\u00c9BUTANTS<\/strong><\/p>\n<p>Les techniques de base sont divis\u00e9es en positions, techniques de mains et de pieds. Nos cours de karat\u00e9 pour enfants pr\u00e9sentent ces techniques \u00e0 tous nos \u00e9l\u00e8ves et ils doivent apprendre \u00e0 comprendre qu&rsquo;il faut du d\u00e9sir, de la d\u00e9termination, de la patience et de la pratique. C&rsquo;est alors que commence le voyage vers le d\u00e9veloppement des bases pour se concentrer sur la technique, l&rsquo;\u00e9quilibre, le respect de soi, ce qui conduit finalement \u00e0 la construction de la confiance en soi. Vous trouverez ci-dessous d&rsquo;autres aspects qui sont introduits :   <\/p>\n<ul>\n<li><strong>R\u00e8gles et conduite du Dojo<\/strong> &#8211; Les r\u00e8gles que nous suivons et la conduite \u00e0 tenir.<\/li>\n<li><strong>Terminologie japonaise<\/strong> &#8211; Nous enseignons les techniques en japonais et en anglais.<\/li>\n<li><strong>KIHON<\/strong> &#8211; Techniques de base :\n<ul>\n<li>Les positions<\/li>\n<li>Poin\u00e7ons<\/li>\n<li>Coups de pied<\/li>\n<\/ul>\n<\/li>\n<li><strong>KATA<\/strong> &#8211; Exercices de forme compos\u00e9s de combinaisons de positions, de coups de poing et de coups de pied.<\/li>\n<li><strong>KUMITE<\/strong> &#8211; Combattre\n<ul>\n<li>Coups de pied et coups de poing sur des boucliers rembourr\u00e9s et des mitaines.<\/li>\n<li>Les techniques apprises sont appliqu\u00e9es individuellement.<\/li>\n<li>Combat l\u00e9ger sous la supervision de l&rsquo;instructeur.<\/li>\n<\/ul>\n<\/li>\n<\/ul>\n<ul>\n<li style=\"list-style-type: none;\">\n<\/li>\n<\/ul>\n<\/div>\n<\/div>\n<p>[\/et_pb_text][\/et_pb_column][et_pb_column type=\u00a0\u00bb1_3&Prime; _builder_version=\u00a0\u00bb4.16&Prime; custom_padding=\u00a0\u00bb|||\u00a0\u00bb global_colors_info=\u00a0\u00bb{}\u00a0\u00bb custom_padding__hover=\u00a0\u00bb|||\u00a0\u00bb][et_pb_image src=\u00a0\u00bbhttps:\/\/www.danburykarateschool.com\/wp-content\/uploads\/2021\/03\/CTW-Classes-Beginner.jpg\u00a0\u00bb alt=\u00a0\u00bbKarat\u00e9 enfants niveau d\u00e9butant\u00a0\u00bb align=\u00a0\u00bbcenter\u00a0\u00bb align_tablet=\u00a0\u00bbcenter\u00a0\u00bb align_phone=\u00a0\u00bb\u00a0\u00bb align_last_edited=\u00a0\u00bbon|desktop\u00a0\u00bb admin_label=\u00a0\u00bbimage &#8211; Beginner\u00a0\u00bb _builder_version=\u00a0\u00bb4.16&Prime; border_width_bottom=\u00a0\u00bb5px\u00a0\u00bb border_color_bottom=\u00a0\u00bb#ec3331&Prime; global_colors_info=\u00a0\u00bb{}\u00a0\u00bb][\/et_pb_image][\/et_pb_column][\/et_pb_row][\/et_pb_section]<\/p>\n","protected":false},"excerpt":{"rendered":"<p>Cours de karat\u00e9 pour les 7-11 ans Nos cours de karat\u00e9 pour enfants d\u00e9butants s&rsquo;adressent aux \u00e9l\u00e8ves \u00e2g\u00e9s de 7 \u00e0 11 ans. Le karat\u00e9 commence par des bases appel\u00e9es KIHON. Le combat libre est l&rsquo;objectif, et nous l&rsquo;appelons KUMITE. Tout d&rsquo;abord, les \u00e9l\u00e8ves apprennent les mouvements du corps. Ces mouvements comprennent l&rsquo;utilisation des bras, [&hellip;]<\/p>\n","protected":false},"author":8,"featured_media":0,"parent":9111,"menu_order":20,"comment_status":"closed","ping_status":"closed","template":"","meta":{"_et_pb_use_builder":"on","_et_pb_old_content":"","_et_gb_content_width":"","footnotes":""},"class_list":["post-9127","page","type-page","status-publish","hentry"],"_links":{"self":[{"href":"https:\/\/www.danburykarateschool.com\/fr\/wp-json\/wp\/v2\/pages\/9127","targetHints":{"allow":["GET"]}}],"collection":[{"href":"https:\/\/www.danburykarateschool.com\/fr\/wp-json\/wp\/v2\/pages"}],"about":[{"href":"https:\/\/www.danburykarateschool.com\/fr\/wp-json\/wp\/v2\/types\/page"}],"author":[{"embeddable":true,"href":"https:\/\/www.danburykarateschool.com\/fr\/wp-json\/wp\/v2\/users\/8"}],"replies":[{"embeddable":true,"href":"https:\/\/www.danburykarateschool.com\/fr\/wp-json\/wp\/v2\/comments?post=9127"}],"version-history":[{"count":1,"href":"https:\/\/www.danburykarateschool.com\/fr\/wp-json\/wp\/v2\/pages\/9127\/revisions"}],"predecessor-version":[{"id":9132,"href":"https:\/\/www.danburykarateschool.com\/fr\/wp-json\/wp\/v2\/pages\/9127\/revisions\/9132"}],"up":[{"embeddable":true,"href":"https:\/\/www.danburykarateschool.com\/fr\/wp-json\/wp\/v2\/pages\/9111"}],"wp:attachment":[{"href":"https:\/\/www.danburykarateschool.com\/fr\/wp-json\/wp\/v2\/media?parent=9127"}],"curies":[{"name":"wp","href":"https:\/\/api.w.org\/{rel}","templated":true}]}}