{"id":9086,"date":"2018-02-27T14:33:23","date_gmt":"2018-02-27T19:33:23","guid":{"rendered":"https:\/\/www.danburykarateschool.com\/instructeur-en-chef\/"},"modified":"2024-10-17T10:41:42","modified_gmt":"2024-10-17T14:41:42","slug":"instructeur-en-chef","status":"publish","type":"page","link":"https:\/\/www.danburykarateschool.com\/fr\/notre-ecole-de-karate\/instructeur-en-chef\/","title":{"rendered":"Instructeur en chef"},"content":{"rendered":"<p>[et_pb_section fb_built=\u00a0\u00bb1&Prime; _builder_version=\u00a0\u00bb4.6.3&Prime; custom_padding=\u00a0\u00bb30px||||false|false\u00a0\u00bb global_colors_info=\u00a0\u00bb{}\u00a0\u00bb][et_pb_row _builder_version=\u00a0\u00bb4.6.3&Prime; global_colors_info=\u00a0\u00bb{}\u00a0\u00bb][et_pb_column type=\u00a0\u00bb4_4&Prime; _builder_version=\u00a0\u00bb3.25&Prime; custom_padding=\u00a0\u00bb|||\u00a0\u00bb global_colors_info=\u00a0\u00bb{}\u00a0\u00bb custom_padding__hover=\u00a0\u00bb|||\u00a0\u00bb][et_pb_post_title meta=\u00a0\u00bboff\u00a0\u00bb featured_image=\u00a0\u00bboff\u00a0\u00bb text_color=\u00a0\u00bblight\u00a0\u00bb module_class=\u00a0\u00bbpost-title-class\u00a0\u00bb _builder_version=\u00a0\u00bb4.14.2&Prime; title_font=\u00a0\u00bb|700|||||||\u00a0\u00bb title_text_align=\u00a0\u00bbleft\u00a0\u00bb title_text_color=\u00a0\u00bb#000000&Prime; title_font_size=\u00a0\u00bb36px\u00a0\u00bb hover_enabled=\u00a0\u00bb0&Prime; global_colors_info=\u00a0\u00bb{}\u00a0\u00bb title=\u00a0\u00bboff\u00a0\u00bb sticky_enabled=\u00a0\u00bb0&Prime;][\/et_pb_post_title][et_pb_text _builder_version=\u00a0\u00bb4.14.2&Prime; _module_preset=\u00a0\u00bbdefault\u00a0\u00bb hover_enabled=\u00a0\u00bb0&Prime; sticky_enabled=\u00a0\u00bb0&Prime;]<\/p>\n<h1>Instructeur en chef de karat\u00e9<\/h1>\n<p>[\/et_pb_text][\/et_pb_column][\/et_pb_row][et_pb_row column_structure=\u00a0\u00bb1_3,2_3&Prime; use_custom_gutter=\u00a0\u00bbon\u00a0\u00bb make_equal=\u00a0\u00bbon\u00a0\u00bb _builder_version=\u00a0\u00bb4.6.5&Prime; global_colors_info=\u00a0\u00bb{}\u00a0\u00bb][et_pb_column type=\u00a0\u00bb1_3&Prime; _builder_version=\u00a0\u00bb3.25&Prime; custom_padding=\u00a0\u00bb|||\u00a0\u00bb global_colors_info=\u00a0\u00bb{}\u00a0\u00bb custom_padding__hover=\u00a0\u00bb|||\u00a0\u00bb][et_pb_image src=\u00a0\u00bbhttps:\/\/www.danburykarateschool.com\/wp-content\/uploads\/2021\/03\/CTW-School-Chief.jpg\u00a0\u00bb title_text=\u00a0\u00bbSensei Chris Goncalves\u00a0\u00bb align_tablet=\u00a0\u00bbcenter\u00a0\u00bb align_phone=\u00a0\u00bb\u00a0\u00bb align_last_edited=\u00a0\u00bbon|desktop\u00a0\u00bb admin_label=\u00a0\u00bbImage-Sensei-Chris\u00a0\u00bb _builder_version=\u00a0\u00bb4.6.6&Prime; always_center_on_mobile=\u00a0\u00bbon\u00a0\u00bb global_colors_info=\u00a0\u00bb{}\u00a0\u00bb][\/et_pb_image][\/et_pb_column][et_pb_column type=\u00a0\u00bb2_3&Prime; _builder_version=\u00a0\u00bb4.6.3&Prime; background_color=\u00a0\u00bb#eaeaea\u00a0\u00bb custom_padding=\u00a0\u00bb|||\u00a0\u00bb global_colors_info=\u00a0\u00bb{}\u00a0\u00bb custom_padding__hover=\u00a0\u00bb|||\u00a0\u00bb][et_pb_text admin_label=\u00a0\u00bbBio &#8211; Sensei Chris\u00a0\u00bb _builder_version=\u00a0\u00bb4.6.6&Prime; text_text_color=\u00a0\u00bb#000000&Prime; header_text_color=\u00a0\u00bb#000000&Prime; header_2_text_color=\u00a0\u00bb#000000&Prime; header_3_text_color=\u00a0\u00bb#000000&Prime; header_4_text_color=\u00a0\u00bb#000000&Prime; header_5_text_color=\u00a0\u00bb#000000&Prime; header_6_text_color=\u00a0\u00bb#000000&Prime; background_layout=\u00a0\u00bbdark\u00a0\u00bb custom_padding=\u00a0\u00bb20px|35px|35px|35px\u00a0\u00bb global_colors_info=\u00a0\u00bb{}\u00a0\u00bb]<\/p>\n<p style=\"text-align: center;\"><strong>SENSEI CHRIS GONCALVES,<sup>3\u00e8me<\/sup> DAN<\/strong><\/p>\n<p><strong>Sensei Christopher Goncalves<\/strong> s&rsquo;entra\u00eene avec <strong>Hanshi Manny Matias, 8e dan<\/strong>, depuis 1987. Ayant commenc\u00e9 le karat\u00e9 au sein de l&rsquo;<strong>organisation Kyokushin Karate<\/strong>, il a suivi son instructeur lorsque <strong>Soshu Shigeru Oyama<\/strong> a cr\u00e9\u00e9 sa propre organisation, <strong>World Oyama Karate<\/strong>. \u00c0 l&rsquo;\u00e2ge de 13 ans, Christopher s&rsquo;est rendu au si\u00e8ge de World Oyama Karate \u00e0 New York pour passer un test complet de promotion \u00e0 la ceinture noire. Il a obtenu sa ceinture noire 1er dan en 1994. Sensei Christopher a poursuivi son entra\u00eenement sous la direction de Hanshi Manny Matias, s&rsquo;effor\u00e7ant de devenir un <strong>combattant par knockdown<\/strong>. Il a commenc\u00e9 \u00e0 participer \u00e0 des comp\u00e9titions \u00e0 l&rsquo;\u00e2ge de 18 ans et a termin\u00e9 sa carri\u00e8re de combattant \u00e0 27 ans. Pendant cette p\u00e9riode, il a particip\u00e9 \u00e0 de nombreux tournois locaux et internationaux et est devenu <strong>champion du monde de Knockdown Fighting<\/strong>. Lorsque le ma\u00eetre de Hanshi Manny Matias, Soshu Shigeru Oyama, a ferm\u00e9 son dojo \u00e0 New York et s&rsquo;est retir\u00e9 de la direction de l&rsquo;organisation en 2004, Sensei Christopher a suivi Hanshi Manny qui a alors fond\u00e9 la <strong>World Kanreikai Karate Organization<\/strong>. Sensei Christopher s&rsquo;est depuis concentr\u00e9 sur l&rsquo;enseignement du karat\u00e9 avec l&rsquo;objectif sp\u00e9cifique de partager ses connaissances et son exp\u00e9rience avec le plus grand nombre d&rsquo;\u00e9tudiants possible. Il s&rsquo;est engag\u00e9 \u00e0 perp\u00e9tuer la pratique du karat\u00e9 japonais traditionnel de contact, un art martial qui aide \u00e0 d\u00e9velopper les forces mentales et physiques de ses pratiquants. Sensei Christopher est un instructeur tr\u00e8s empathique qui adapte son enseignement \u00e0 ses \u00e9l\u00e8ves. Il s&rsquo;assure que chacun comprend ses instructions et progresse en fonction de ses propres capacit\u00e9s et objectifs. Gr\u00e2ce \u00e0 sa personnalit\u00e9 attachante et \u00e0 sa carri\u00e8re de karat\u00e9ka, de champion du monde de combat par KO, d&rsquo;entra\u00eeneur et d&rsquo;enseignant, Sensei Christopher appara\u00eet comme un instructeur principal digne de confiance, talentueux et efficace \u00e0 l&rsquo;\u00e9cole Connecticut Kanreikai Karate.<\/p>\n<p>[\/et_pb_text][\/et_pb_column][\/et_pb_row][\/et_pb_section]<\/p>\n","protected":false},"excerpt":{"rendered":"<p>Instructeur en chef de karat\u00e9 SENSEI CHRIS GONCALVES,3\u00e8me DAN Sensei Christopher Goncalves s&rsquo;entra\u00eene avec Hanshi Manny Matias, 8e dan, depuis 1987. Ayant commenc\u00e9 le karat\u00e9 au sein de l&rsquo;organisation Kyokushin Karate, il a suivi son instructeur lorsque Soshu Shigeru Oyama a cr\u00e9\u00e9 sa propre organisation, World Oyama Karate. \u00c0 l&rsquo;\u00e2ge de 13 ans, Christopher s&rsquo;est [&hellip;]<\/p>\n","protected":false},"author":8,"featured_media":0,"parent":9095,"menu_order":40,"comment_status":"closed","ping_status":"closed","template":"","meta":{"_et_pb_use_builder":"on","_et_pb_old_content":"","_et_gb_content_width":"","footnotes":""},"class_list":["post-9086","page","type-page","status-publish","hentry"],"_links":{"self":[{"href":"https:\/\/www.danburykarateschool.com\/fr\/wp-json\/wp\/v2\/pages\/9086","targetHints":{"allow":["GET"]}}],"collection":[{"href":"https:\/\/www.danburykarateschool.com\/fr\/wp-json\/wp\/v2\/pages"}],"about":[{"href":"https:\/\/www.danburykarateschool.com\/fr\/wp-json\/wp\/v2\/types\/page"}],"author":[{"embeddable":true,"href":"https:\/\/www.danburykarateschool.com\/fr\/wp-json\/wp\/v2\/users\/8"}],"replies":[{"embeddable":true,"href":"https:\/\/www.danburykarateschool.com\/fr\/wp-json\/wp\/v2\/comments?post=9086"}],"version-history":[{"count":5,"href":"https:\/\/www.danburykarateschool.com\/fr\/wp-json\/wp\/v2\/pages\/9086\/revisions"}],"predecessor-version":[{"id":9131,"href":"https:\/\/www.danburykarateschool.com\/fr\/wp-json\/wp\/v2\/pages\/9086\/revisions\/9131"}],"up":[{"embeddable":true,"href":"https:\/\/www.danburykarateschool.com\/fr\/wp-json\/wp\/v2\/pages\/9095"}],"wp:attachment":[{"href":"https:\/\/www.danburykarateschool.com\/fr\/wp-json\/wp\/v2\/media?parent=9086"}],"curies":[{"name":"wp","href":"https:\/\/api.w.org\/{rel}","templated":true}]}}