{"id":9015,"date":"2018-09-18T13:04:26","date_gmt":"2018-09-18T17:04:26","guid":{"rendered":"https:\/\/www.danburykarateschool.com\/bienvenue\/"},"modified":"2024-10-17T10:41:38","modified_gmt":"2024-10-17T14:41:38","slug":"bienvenue","status":"publish","type":"page","link":"https:\/\/www.danburykarateschool.com\/fr\/notre-ecole-de-karate\/bienvenue\/","title":{"rendered":"Bienvenue !"},"content":{"rendered":"<p>[et_pb_section fb_built=\u00a0\u00bb1&Prime; _builder_version=\u00a0\u00bb4.6.3&Prime; custom_padding=\u00a0\u00bb30px||||false|false\u00a0\u00bb global_colors_info=\u00a0\u00bb{}\u00a0\u00bb][et_pb_row _builder_version=\u00a0\u00bb4.6.3&Prime; global_colors_info=\u00a0\u00bb{}\u00a0\u00bb][et_pb_column type=\u00a0\u00bb4_4&Prime; _builder_version=\u00a0\u00bb3.25&Prime; custom_padding=\u00a0\u00bb|||\u00a0\u00bb global_colors_info=\u00a0\u00bb{}\u00a0\u00bb custom_padding__hover=\u00a0\u00bb|||\u00a0\u00bb][et_pb_post_title meta=\u00a0\u00bboff\u00a0\u00bb featured_image=\u00a0\u00bboff\u00a0\u00bb text_color=\u00a0\u00bblight\u00a0\u00bb admin_label=\u00a0\u00bbAbout Us\u00a0\u00bb module_class=\u00a0\u00bbpost-title-class\u00a0\u00bb _builder_version=\u00a0\u00bb4.14.2&Prime; title_font=\u00a0\u00bb|700|||||||\u00a0\u00bb title_text_align=\u00a0\u00bbleft\u00a0\u00bb title_text_color=\u00a0\u00bb#000000&Prime; title_font_size=\u00a0\u00bb36px\u00a0\u00bb hover_enabled=\u00a0\u00bb0&Prime; global_colors_info=\u00a0\u00bb{}\u00a0\u00bb title=\u00a0\u00bboff\u00a0\u00bb sticky_enabled=\u00a0\u00bb0&Prime;][\/et_pb_post_title][et_pb_text _builder_version=\u00a0\u00bb4.14.2&Prime; _module_preset=\u00a0\u00bbdefault\u00a0\u00bb hover_enabled=\u00a0\u00bb0&Prime; sticky_enabled=\u00a0\u00bb0&Prime;]<\/p>\n<h1>Bienvenue \u00e0 Kanreikai Karate of Connecticut<\/h1>\n<p>[\/et_pb_text][\/et_pb_column][\/et_pb_row][et_pb_row _builder_version=\u00a0\u00bb4.6.3&Prime; global_colors_info=\u00a0\u00bb{}\u00a0\u00bb][et_pb_column type=\u00a0\u00bb4_4&Prime; _builder_version=\u00a0\u00bb3.25&Prime; custom_padding=\u00a0\u00bb|||\u00a0\u00bb global_colors_info=\u00a0\u00bb{}\u00a0\u00bb custom_padding__hover=\u00a0\u00bb|||\u00a0\u00bb][et_pb_text admin_label=\u00a0\u00bbIntro-About Us\u00a0\u00bb _builder_version=\u00a0\u00bb4.6.6&Prime; text_text_color=\u00a0\u00bb#000000&Prime; text_font_size=\u00a0\u00bb20px\u00a0\u00bb global_colors_info=\u00a0\u00bb{}\u00a0\u00bb]<\/p>\n<p><a id=\"top\"><\/a>Au <strong>Kanreikai Karate of Connecticut<\/strong> et dans toutes les \u00e9coles du <a href=\"https:\/\/www.danburykarateschool.com\/fr\/contactez-nous\/#schools\"><strong>\u00e9coles mondiales de karat\u00e9 Kanreikai<\/strong><\/a>nous enseignons et pratiquons le karat\u00e9 japonais traditionnel avec contact total, qui comprend la construction d&rsquo;une base pour le combat dans des situations de la vie r\u00e9elle. Nous enseignons \u00e9galement le karat\u00e9 de contact, les katas, les armes, l&rsquo;autod\u00e9fense, les projections et les d\u00e9mant\u00e8lements. En fonction des objectifs des \u00e9l\u00e8ves, nous nous adaptons pour nous assurer qu&rsquo;ils re\u00e7oivent le type d&rsquo;entra\u00eenement qu&rsquo;ils recherchent. Nous sommes install\u00e9s au m\u00eame endroit depuis 1993.   <\/p>\n<p><strong>Kanreikai Karate of Connecticut<\/strong> se diff\u00e9rencie des autres \u00e9coles parce que nous sommes un v\u00e9ritable art martial. Nous commen\u00e7ons par les techniques de base et progressons dans notre syst\u00e8me de ceintures en apprenant les katas, les armes, l&rsquo;autod\u00e9fense, le combat, mais surtout le respect de soi et des autres. La fa\u00e7on dont nous nous comportons dans le dojo est \u00e9galement exig\u00e9e en dehors du dojo pour faire partie de notre organisation.  <\/p>\n<p>Nous inculquons et exigeons des comportements respectueux de la part de tous nos \u00e9l\u00e8ves, qu&rsquo;ils commencent leur voyage \u00e0 un jeune \u00e2ge ou qu&rsquo;ils le fassent \u00e0 l&rsquo;\u00e2ge adulte. Ces r\u00e8gles sont coh\u00e9rentes avec les valeurs fondamentales de notre art traditionnel japonais. <\/p>\n<p>Vous trouverez ci-dessous plus d&rsquo;informations sur nous, sur la conduite que nous attendons de nos \u00e9l\u00e8ves au dojo et sur la terminologie japonaise que nous utilisons.<\/p>\n<ul>\n<li><strong><a href=\"#kanreikai\">KANREIKAI<\/a><\/strong> &#8211; Qu&rsquo;est-ce que cela signifie ?<\/li>\n<li><strong><a href=\"#osu\">OSU !<\/a><\/strong>  &#8211; Pourquoi utilisons-nous ce mot ?<\/li>\n<li><a href=\"#rules\"><strong>R\u00c8GLEMENT DU DOJO<\/strong><\/a> &#8211; Ce que l&rsquo;on attend de vous lorsque vous rejoignez notre \u00e9cole.<\/li>\n<li><a href=\"#japanese\"><strong>GLOSSAIRE JAPONAIS<\/strong><\/a> &#8211; Ce que nous enseignons \u00e0 nos \u00e9tudiants en japonais.<\/li>\n<\/ul>\n<p>[\/et_pb_text][\/et_pb_column][\/et_pb_row][et_pb_row column_structure=\u00a0\u00bb2_3,1_3&Prime; use_custom_gutter=\u00a0\u00bbon\u00a0\u00bb make_equal=\u00a0\u00bbon\u00a0\u00bb _builder_version=\u00a0\u00bb4.6.5&Prime; custom_padding=\u00a0\u00bb||0px||false|false\u00a0\u00bb global_colors_info=\u00a0\u00bb{}\u00a0\u00bb][et_pb_column type=\u00a0\u00bb2_3&Prime; _builder_version=\u00a0\u00bb4.6.3&Prime; background_color=\u00a0\u00bb#eaeaea\u00a0\u00bb custom_padding=\u00a0\u00bb|||\u00a0\u00bb global_colors_info=\u00a0\u00bb{}\u00a0\u00bb custom_padding__hover=\u00a0\u00bb|||\u00a0\u00bb][et_pb_text admin_label=\u00a0\u00bbText-Kanreikai\u00a0\u00bb _builder_version=\u00a0\u00bb4.6.6&Prime; text_text_color=\u00a0\u00bb#000000&Prime; header_text_color=\u00a0\u00bb#000000&Prime; header_2_text_color=\u00a0\u00bb#000000&Prime; header_3_text_color=\u00a0\u00bb#000000&Prime; header_4_text_color=\u00a0\u00bb#000000&Prime; header_5_text_color=\u00a0\u00bb#000000&Prime; header_6_text_color=\u00a0\u00bb#000000&Prime; background_layout=\u00a0\u00bbdark\u00a0\u00bb custom_padding=\u00a0\u00bb20px|35px|35px|35px\u00a0\u00bb global_colors_info=\u00a0\u00bb{}\u00a0\u00bb]<\/p>\n<p style=\"text-align: center;\"><a id=\"kanreikai\"><\/a><strong>KANREIKAI<\/strong><\/p>\n<p>La signification du nom de notre organisation a \u00e9t\u00e9 choisie avec soin et repr\u00e9sente les valeurs et les principes de nos dirigeants, de nos instructeurs et de nos \u00e9tudiants :<\/p>\n<ul>\n<li><strong>KAN<\/strong> &#8211; D\u00e9passez vos limites<\/li>\n<li><strong>REI<\/strong> &#8211; D\u00e9veloppez pleinement vos comp\u00e9tences<\/li>\n<li><strong>KAI<\/strong> &#8211; Se regrouper<\/li>\n<\/ul>\n<p>S&rsquo;entra\u00eener ensemble ne suffit pas ; nos professeurs cr\u00e9ent un environnement o\u00f9 nous nous soutenons mutuellement pour d\u00e9velopper et \u00e9largir nos comp\u00e9tences, en nous effor\u00e7ant toujours de d\u00e9passer les limites que nous pensions \u00eatre les n\u00f4tres !<\/p>\n<p>Au Kanreikai Karate of Connecticut, nous suivons la direction et les enseignements de notre <strong>Grand Ma\u00eetre Hanshi Manny Matias<\/strong>. Notre objectif est de d\u00e9velopper nos \u00e9l\u00e8ves individuellement, de nous concentrer sur leurs capacit\u00e9s physiques, de les aider \u00e0 prendre confiance en eux, \u00e0 se concentrer sur leur entra\u00eenement au dojo et \u00e0 les aider dans leurs responsabilit\u00e9s quotidiennes. Le travail acharn\u00e9 que nous effectuons \u00e0 chaque fois que nous nous entra\u00eenons ensemble permet aux \u00e9l\u00e8ves de se rapprocher de leurs objectifs gr\u00e2ce au soutien de nos instructeurs et de leurs camarades. Nous avons l&rsquo;intention de toujours nous pousser les uns les autres, de travailler pour atteindre nos objectifs personnels et de ne jamais abandonner ou perdre de vue nos r\u00eaves !   <\/p>\n<p><a href=\"#top\"><strong>HAUT DE LA PAGE<\/strong><\/a><\/p>\n<p>[\/et_pb_text][\/et_pb_column][et_pb_column type=\u00a0\u00bb1_3&Prime; _builder_version=\u00a0\u00bb3.25&Prime; custom_padding=\u00a0\u00bb|||\u00a0\u00bb global_colors_info=\u00a0\u00bb{}\u00a0\u00bb custom_padding__hover=\u00a0\u00bb|||\u00a0\u00bb][et_pb_image src=\u00a0\u00bbhttps:\/\/www.danburykarateschool.com\/wp-content\/uploads\/2021\/03\/CTW-School-Us-1.jpg\u00a0\u00bb title_text=\u00a0\u00bbHanshi Manny Matias\u00a0\u00bb align_tablet=\u00a0\u00bbcenter\u00a0\u00bb align_phone=\u00a0\u00bb\u00a0\u00bb align_last_edited=\u00a0\u00bbon|desktop\u00a0\u00bb admin_label=\u00a0\u00bbImage-Hanshi\u00a0\u00bb _builder_version=\u00a0\u00bb4.6.6&Prime; background_color=\u00a0\u00bb#000000&Prime; global_colors_info=\u00a0\u00bb{}\u00a0\u00bb][\/et_pb_image][\/et_pb_column][\/et_pb_row][et_pb_row column_structure=\u00a0\u00bb2_3,1_3&Prime; use_custom_gutter=\u00a0\u00bbon\u00a0\u00bb make_equal=\u00a0\u00bbon\u00a0\u00bb _builder_version=\u00a0\u00bb4.6.5&Prime; custom_padding=\u00a0\u00bb||0px||false|false\u00a0\u00bb global_colors_info=\u00a0\u00bb{}\u00a0\u00bb][et_pb_column type=\u00a0\u00bb2_3&Prime; _builder_version=\u00a0\u00bb4.6.3&Prime; background_color=\u00a0\u00bb#eaeaea\u00a0\u00bb custom_padding=\u00a0\u00bb|||\u00a0\u00bb global_colors_info=\u00a0\u00bb{}\u00a0\u00bb custom_padding__hover=\u00a0\u00bb|||\u00a0\u00bb][et_pb_text admin_label=\u00a0\u00bbText-Osu\u00a0\u00bb _builder_version=\u00a0\u00bb4.6.6&Prime; text_text_color=\u00a0\u00bb#000000&Prime; header_text_color=\u00a0\u00bb#000000&Prime; header_2_text_color=\u00a0\u00bb#000000&Prime; header_3_text_color=\u00a0\u00bb#000000&Prime; header_4_text_color=\u00a0\u00bb#000000&Prime; header_5_text_color=\u00a0\u00bb#000000&Prime; header_6_text_color=\u00a0\u00bb#000000&Prime; background_layout=\u00a0\u00bbdark\u00a0\u00bb custom_padding=\u00a0\u00bb20px|35px|35px|35px\u00a0\u00bb global_colors_info=\u00a0\u00bb{}\u00a0\u00bb]<\/p>\n<p style=\"text-align: center;\"><a id=\"osu\"><\/a><strong>OSU !<\/strong><\/p>\n<p>Vous entendrez ce terme constamment utilis\u00e9 par nos instructeurs et nos \u00e9l\u00e8ves. Il englobe les principes fondamentaux de notre art martial et signifie patience, respect et appr\u00e9ciation. <\/p>\n<ul>\n<li><strong>Patience<\/strong>\n<ul>\n<li>La pratique du karat\u00e9 exige des efforts, de la pers\u00e9v\u00e9rance et de la patience. Chaque promotion doit \u00eatre gagn\u00e9e \u00e0 force de travail et de d\u00e9termination, quel que soit le temps n\u00e9cessaire. Le karat\u00e9 n&rsquo;est pas une \u00ab\u00a0course \u00e0 la ceinture noire\u00a0\u00bb, mais plut\u00f4t un effort constant pour s&rsquo;am\u00e9liorer.  <\/li>\n<\/ul>\n<\/li>\n<li><strong>Respect<\/strong>\n<ul>\n<li>Chaque \u00e9l\u00e8ve fait preuve de respect de soi en s&rsquo;entra\u00eenant s\u00e9rieusement et r\u00e9guli\u00e8rement. L&rsquo;\u00e9l\u00e8ve fait \u00e9galement preuve de respect envers son instructeur et ses camarades, ce qui g\u00e9n\u00e8re un respect mutuel. <\/li>\n<\/ul>\n<\/li>\n<li><strong>Appr\u00e9ciation<\/strong>\n<ul>\n<li>Le mot Osu ! traduit l&rsquo;appr\u00e9ciation de l&rsquo;\u00e9l\u00e8ve envers son instructeur et les autres \u00e9l\u00e8ves ; c&rsquo;est une fa\u00e7on de dire \u00ab\u00a0merci\u00a0\u00bb. Ce mot \u00e9voque \u00e9galement votre appartenance au dojo, votre unit\u00e9 et votre soutien. <\/li>\n<\/ul>\n<\/li>\n<\/ul>\n<p><a href=\"#top\"><strong>HAUT DE LA PAGE<\/strong><\/a><\/p>\n<p>[\/et_pb_text][\/et_pb_column][et_pb_column type=\u00a0\u00bb1_3&Prime; _builder_version=\u00a0\u00bb3.25&Prime; custom_padding=\u00a0\u00bb|||\u00a0\u00bb global_colors_info=\u00a0\u00bb{}\u00a0\u00bb custom_padding__hover=\u00a0\u00bb|||\u00a0\u00bb][et_pb_image src=\u00a0\u00bbhttps:\/\/www.danburykarateschool.com\/wp-content\/uploads\/2021\/03\/CTW-School-Us-2.jpg\u00a0\u00bb title_text=\u00a0\u00bbOsu !\u00a0\u00bb align_tablet=\u00a0\u00bbcenter\u00a0\u00bb align_phone=\u00a0\u00bb\u00a0\u00bb align_last_edited=\u00a0\u00bbon|desktop\u00a0\u00bb admin_label=\u00a0\u00bbImage-Osu\u00a0\u00bb _builder_version=\u00a0\u00bb4.6.6&Prime; global_colors_info=\u00a0\u00bb{}\u00a0\u00bb][\/et_pb_image][\/et_pb_column][\/et_pb_row][et_pb_row column_structure=\u00a0\u00bb1_2,1_2&Prime; use_custom_gutter=\u00a0\u00bbon\u00a0\u00bb make_equal=\u00a0\u00bbon\u00a0\u00bb _builder_version=\u00a0\u00bb4.6.5&Prime; custom_padding=\u00a0\u00bb||0px||false|false\u00a0\u00bb global_colors_info=\u00a0\u00bb{}\u00a0\u00bb][et_pb_column type=\u00a0\u00bb1_2&Prime; _builder_version=\u00a0\u00bb4.6.3&Prime; background_color=\u00a0\u00bb#eaeaea\u00a0\u00bb custom_padding=\u00a0\u00bb|||\u00a0\u00bb global_colors_info=\u00a0\u00bb{}\u00a0\u00bb custom_padding__hover=\u00a0\u00bb|||\u00a0\u00bb][et_pb_text admin_label=\u00a0\u00bbText-Rules\u00a0\u00bb _builder_version=\u00a0\u00bb4.6.6&Prime; text_text_color=\u00a0\u00bb#000000&Prime; header_text_color=\u00a0\u00bb#000000&Prime; header_2_text_color=\u00a0\u00bb#000000&Prime; header_3_text_color=\u00a0\u00bb#000000&Prime; header_4_text_color=\u00a0\u00bb#000000&Prime; header_5_text_color=\u00a0\u00bb#000000&Prime; header_6_text_color=\u00a0\u00bb#000000&Prime; background_layout=\u00a0\u00bbdark\u00a0\u00bb custom_padding=\u00a0\u00bb20px|35px|35px|35px\u00a0\u00bb global_colors_info=\u00a0\u00bb{}\u00a0\u00bb]<\/p>\n<p style=\"text-align: center;\"><a id=\"rules\"><\/a><strong>R\u00c8GLES DU DOJO &#8211; DOJO KUN<\/strong><\/p>\n<p>Notre <strong>DOJO KUN<\/strong> assure un environnement respectueux, s\u00fbr et ordonn\u00e9. En observant ce code, chaque \u00e9l\u00e8ve contribue \u00e0 maintenir les valeurs fondamentales de notre art martial et optimise son exp\u00e9rience en tant que karat\u00e9ka. <\/p>\n<ul>\n<li>saluer et dire \u00ab\u00a0OSU !\u00a0\u00bb en entrant et en sortant du dojo<\/li>\n<li>Exprimez votre patience, votre respect et votre appr\u00e9ciation en disant \u00ab\u00a0OSU !\u00a0\u00bb.<\/li>\n<li>Adressez-vous \u00e0 notre Grand Ma\u00eetre en l&rsquo;appelant \u00ab\u00a0Hanshi\u00a0\u00bb.<\/li>\n<li>S&rsquo;adresser aux instructeurs du dojo en les appelant \u00ab\u00a0Sensei\u00a0\u00bb ou \u00ab\u00a0Senpai\u00a0\u00bb.<\/li>\n<li>S&rsquo;adresser \u00e0 un karat\u00e9ka ceinture noire en l&rsquo;appelant \u00ab\u00a0Senpai\u00a0\u00bb.<\/li>\n<li>R\u00e9pondez \u00ab\u00a0OSU !\u00a0\u00bb haut et fort lorsqu&rsquo;on vous appelle par votre nom.<\/li>\n<li>Se mettre rapidement en ligne droite \u00e0 l&rsquo;appel de l&rsquo;instructeur au d\u00e9but du cours.<\/li>\n<li>Serrer \u00e0 deux mains la main de Hanshi, Shihan, Sensei ou Senpai.<\/li>\n<li>Si vous arrivez en retard, restez \u00e0 l&rsquo;entr\u00e9e du dojo en position agenouill\u00e9e (seiza) et attendez que l&rsquo;instructeur vous invite \u00e0 prendre place sur le tatami.<\/li>\n<li>Lorsqu&rsquo;on vous demande de quitter le tatami, agenouillez-vous (seiza) le long du mur du dojo et attendez que l&rsquo;instructeur vous invite \u00e0 vous asseoir (anza) ; observez tranquillement la s\u00e9ance d&rsquo;entra\u00eenement.<\/li>\n<li>Demander \u00e0 l&rsquo;instructeur la permission de quitter le dojo pendant un cours.<\/li>\n<li>Ne jamais utiliser de langage grossier ou offensant<\/li>\n<li>Veillez \u00e0 porter un uniforme propre (dogi)<\/li>\n<li>Gardez les ongles des mains et des pieds courts.<\/li>\n<li>Ne pas porter de chaussures<\/li>\n<li>Ne portez pas de bijoux<\/li>\n<li>Ne mangez pas, ne buvez pas et ne m\u00e2chez pas de chewing-gum.<\/li>\n<li>Ne vous battez pas sans l&rsquo;autorisation de l&rsquo;instructeur<\/li>\n<li>N&rsquo;utilisez pas de techniques de combat en dehors du dojo, sauf si vous devez absolument vous d\u00e9fendre.<\/li>\n<li>N&rsquo;utilisez pas d&rsquo;\u00e9quipement ou d&rsquo;armes sans l&rsquo;autorisation de l&rsquo;instructeur.<\/li>\n<li>Respecter et utiliser correctement le mat\u00e9riel pendant l&rsquo;entra\u00eenement<\/li>\n<li>Si vous avez un rhume ou une maladie contagieuse, abstenez-vous de vous entra\u00eener jusqu&rsquo;\u00e0 ce qu&rsquo;il n&rsquo;y ait plus de contagion.<\/li>\n<\/ul>\n<p><a href=\"#top\"><strong>HAUT DE LA PAGE<\/strong><\/a><\/p>\n<p>[\/et_pb_text][\/et_pb_column][et_pb_column type=\u00a0\u00bb1_2&Prime; _builder_version=\u00a0\u00bb3.25&Prime; custom_padding=\u00a0\u00bb|||\u00a0\u00bb global_colors_info=\u00a0\u00bb{}\u00a0\u00bb custom_padding__hover=\u00a0\u00bb|||\u00a0\u00bb][et_pb_image src=\u00a0\u00bbhttps:\/\/www.danburykarateschool.com\/wp-content\/uploads\/2021\/03\/CTW-School-Us-3.jpg\u00a0\u00bb title_text=\u00a0\u00bbPr\u00e9parer le salut\u00a0\u00bb align_tablet=\u00a0\u00bbcenter\u00a0\u00bb align_phone=\u00a0\u00bb\u00a0\u00bb align_last_edited=\u00a0\u00bbon|desktop\u00a0\u00bb admin_label=\u00a0\u00bbImage-Rules1&Prime; _builder_version=\u00a0\u00bb4.6.6&Prime; global_colors_info=\u00a0\u00bb{}\u00a0\u00bb][\/et_pb_image][et_pb_image src=\u00a0\u00bbhttps:\/\/www.danburykarateschool.com\/wp-content\/uploads\/2021\/03\/CTW-School-Us-4.jpg\u00a0\u00bb title_text=\u00a0\u00bbMokuso\u00a0\u00bb align_tablet=\u00a0\u00bbcenter\u00a0\u00bb align_phone=\u00a0\u00bb\u00a0\u00bb align_last_edited=\u00a0\u00bbon|desktop\u00a0\u00bb admin_label=\u00a0\u00bbImage-Rules2&Prime; _builder_version=\u00a0\u00bb4.6.6&Prime; global_colors_info=\u00a0\u00bb{}\u00a0\u00bb][\/et_pb_image][et_pb_image src=\u00a0\u00bbhttps:\/\/www.danburykarateschool.com\/wp-content\/uploads\/2021\/03\/CTW-School-Us-5.jpg\u00a0\u00bb title_text=\u00a0\u00bbSalut\u00a0\u00bb align_tablet=\u00a0\u00bbcenter\u00a0\u00bb align_phone=\u00a0\u00bb\u00a0\u00bb align_last_edited=\u00a0\u00bbon|desktop\u00a0\u00bb admin_label=\u00a0\u00bbImage-Rules3&Prime; _builder_version=\u00a0\u00bb4.6.6&Prime; global_colors_info=\u00a0\u00bb{}\u00a0\u00bb][\/et_pb_image][\/et_pb_column][\/et_pb_row][et_pb_row use_custom_gutter=\u00a0\u00bbon\u00a0\u00bb make_equal=\u00a0\u00bbon\u00a0\u00bb _builder_version=\u00a0\u00bb4.6.5&Prime; global_colors_info=\u00a0\u00bb{}\u00a0\u00bb][et_pb_column type=\u00a0\u00bb4_4&Prime; _builder_version=\u00a0\u00bb3.25&Prime; custom_padding=\u00a0\u00bb|||\u00a0\u00bb global_colors_info=\u00a0\u00bb{}\u00a0\u00bb custom_padding__hover=\u00a0\u00bb|||\u00a0\u00bb][et_pb_image src=\u00a0\u00bbhttps:\/\/www.danburykarateschool.com\/wp-content\/uploads\/2021\/03\/CTW-School-Us-6.jpg\u00a0\u00bb title_text=\u00a0\u00bbSalute au camp d&#039;\u00e9t\u00e9\u00a0\u00bb align=\u00a0\u00bbcenter\u00a0\u00bb align_tablet=\u00a0\u00bbcenter\u00a0\u00bb align_phone=\u00a0\u00bb\u00a0\u00bb align_last_edited=\u00a0\u00bbon|desktop\u00a0\u00bb admin_label=\u00a0\u00bbImage-Japanese Glossary\u00a0\u00bb _builder_version=\u00a0\u00bb4.6.6&Prime; custom_margin=\u00a0\u00bb||0px||false|false\u00a0\u00bb global_colors_info=\u00a0\u00bb{}\u00a0\u00bb][\/et_pb_image][et_pb_text admin_label=\u00a0\u00bbText-Japanese Glossary\u00a0\u00bb _builder_version=\u00a0\u00bb4.6.6&Prime; text_text_color=\u00a0\u00bb#000000&Prime; header_text_color=\u00a0\u00bb#000000&Prime; header_2_text_color=\u00a0\u00bb#000000&Prime; header_3_text_color=\u00a0\u00bb#000000&Prime; header_4_text_color=\u00a0\u00bb#000000&Prime; header_5_text_color=\u00a0\u00bb#000000&Prime; header_6_text_color=\u00a0\u00bb#000000&Prime; background_color=\u00a0\u00bb#eaeaea\u00a0\u00bb background_layout=\u00a0\u00bbdark\u00a0\u00bb custom_margin=\u00a0\u00bb0px||||false|false\u00a0\u00bb custom_padding=\u00a0\u00bb35px|35px|35px|35px|false|false\u00a0\u00bb global_colors_info=\u00a0\u00bb{}\u00a0\u00bb]<\/p>\n<p style=\"text-align: center;\"><a id=\"japanese\"><\/a><strong>GLOSSAIRE JAPONAIS<\/strong><\/p>\n<p>Chez <strong>Kanreikai Karate of Connecticut<\/strong>, nous utilisons des mots japonais pour compter et d\u00e9crire les techniques que nous enseignons. Les saluts et les directives de base sont \u00e9galement exprim\u00e9s en japonais d\u00e8s le niveau d\u00e9butant. Ces expressions japonaises, communes \u00e0 toutes les \u00e9coles du World Kanreikai Karate, cr\u00e9ent un sentiment d&rsquo;appartenance et permettent aux \u00e9l\u00e8ves de toutes les \u00e9coles Kanreikai de se rendre visite et de s&rsquo;entra\u00eener ensemble.  <\/p>\n<ul>\n<li><strong>Mots japonais et leur signification<\/strong><\/li>\n<\/ul>\n<table class=\"horaire\">\n<tbody>\n<tr>\n<td><i>Anza<\/i><\/td>\n<td>position assise, d\u00e9tendue, jambes crois\u00e9es, dos droit<\/td>\n<\/tr>\n<tr>\n<td><i>Dan<\/i><\/td>\n<td>Niveau de qualification de la ceinture noire<\/td>\n<\/tr>\n<tr>\n<td><i>Dojo<\/i><\/td>\n<td>Salle o\u00f9 l&rsquo;on pratique les arts martiaux ; \u00e9cole d&rsquo;arts martiaux<\/td>\n<\/tr>\n<tr>\n<td><i>Hajime<\/i><\/td>\n<td>D\u00e9marrage<\/td>\n<\/tr>\n<tr>\n<td><i>Hanshi<\/i><\/td>\n<td>Grand Ma\u00eetre<\/td>\n<\/tr>\n<tr>\n<td><i>Hidari<\/i><\/td>\n<td>Gauche<\/td>\n<\/tr>\n<tr>\n<td><i>Hajime<\/i><\/td>\n<td>Gauche<\/td>\n<\/tr>\n<tr>\n<td><i>Ibuki<\/i><\/td>\n<td>Technique d&rsquo;expiration (une longue expiration suivie d&rsquo;une courte)<\/td>\n<\/tr>\n<tr>\n<td><i>Kamaete<\/i><\/td>\n<td>Position de d\u00e9part<\/td>\n<\/tr>\n<tr>\n<td><i>Karat\u00e9<\/i><\/td>\n<td>Art martial japonais pratiqu\u00e9 \u00e0 mains et pieds nus.<\/td>\n<\/tr>\n<tr>\n<td><i>Karateka<\/i><\/td>\n<td>Praticien de karat\u00e9<\/td>\n<\/tr>\n<tr>\n<td><i>Kata<\/i><\/td>\n<td>Combat imaginaire<\/td>\n<\/tr>\n<tr>\n<td><i>Kiai<\/i><\/td>\n<td>Crier pour concentrer la puissance (explosion de puissance)<\/td>\n<\/tr>\n<tr>\n<td><i>Kiai Irete<\/i><\/td>\n<td>Mouvement avec un cri (Kiai)<\/td>\n<\/tr>\n<tr>\n<td><i>Kihon Waza<\/i><\/td>\n<td>Techniques de base<\/td>\n<\/tr>\n<tr>\n<td><i>Kohai<\/i><\/td>\n<td>\u00c9tudiant junior par rapport \u00e0 son niveau de qualification (Kyu)<\/td>\n<\/tr>\n<tr>\n<td><i>Kumite<\/i><\/td>\n<td>Combat<\/td>\n<\/tr>\n<tr>\n<td><i>Kyu<\/i><\/td>\n<td>Niveau de qualification (de la ceinture blanche \u00e0 la pointe noire)<\/td>\n<\/tr>\n<tr>\n<td><i>Mawate<\/i><\/td>\n<td>Tour<\/td>\n<\/tr>\n<tr>\n<td><i>Migi<\/i><\/td>\n<td>Droit<\/td>\n<\/tr>\n<tr>\n<td><i>Mokuso<\/i><\/td>\n<td>M\u00e9ditation<\/td>\n<\/tr>\n<tr>\n<td><i>Naore<\/i><\/td>\n<td>Retour \u00e0 la position de d\u00e9part<\/td>\n<\/tr>\n<tr>\n<td><i>Nidan<\/i><\/td>\n<td>Deuxi\u00e8me dan<\/td>\n<\/tr>\n<tr>\n<td><i>Obi<\/i><\/td>\n<td>Ceinture<\/td>\n<\/tr>\n<tr>\n<td><i>Otagai<\/i><\/td>\n<td>L&rsquo;un l&rsquo;autre<\/td>\n<\/tr>\n<tr>\n<td><i>Rei<\/i><\/td>\n<td>Salute<\/td>\n<\/tr>\n<tr>\n<td><i>Sandan<\/i><\/td>\n<td>Troisi\u00e8me dan<\/td>\n<\/tr>\n<tr>\n<td><i>Seiza<\/i><\/td>\n<td>Position \u00e0 genoux, poings serr\u00e9s sur les hanches, dos droit (pour le salut et la m\u00e9ditation)<\/td>\n<\/tr>\n<tr>\n<td><i>Senpai<\/i><\/td>\n<td>\u00c9tudiant plus \u00e2g\u00e9 par rapport \u00e0 son niveau de qualification (Kyu) ; ceinture noire de karat\u00e9ka.<\/td>\n<\/tr>\n<tr>\n<td><i>Sensei<\/i><\/td>\n<td>Enseignant responsable de l&rsquo;\u00e9cole<\/td>\n<\/tr>\n<tr>\n<td><i>Shihan<\/i><\/td>\n<td>Ma\u00eetre<\/td>\n<\/tr>\n<tr>\n<td><i>Shodan<\/i><\/td>\n<td>Premier dan<\/td>\n<\/tr>\n<tr>\n<td><i>Tatami<\/i><\/td>\n<td>Tapis d&rsquo;entra\u00eenement<\/td>\n<\/tr>\n<tr>\n<td><i>Yamei<\/i><\/td>\n<td>Arr\u00eater<\/td>\n<\/tr>\n<tr>\n<td><i>Yoi<\/i><\/td>\n<td>Pr\u00eat<\/td>\n<\/tr>\n<\/tbody>\n<\/table>\n<ul>\n<li><strong>Chiffres japonais<\/strong><\/li>\n<\/ul>\n<table class=\"horaire\">\n<tbody>\n<tr>\n<td><i>Ichi<\/i><\/td>\n<td>1<\/td>\n<td> <\/td>\n<td> <\/td>\n<\/tr>\n<tr>\n<td><i>Ni<\/i><\/td>\n<td>2<\/td>\n<td><i>Niju<\/i><\/td>\n<td>20<\/td>\n<\/tr>\n<tr>\n<td><i>San<\/i><\/td>\n<td>3<\/td>\n<td><i>Sanju<\/i><\/td>\n<td>30<\/td>\n<\/tr>\n<tr>\n<td><i>Chi (Yon)<\/i><\/td>\n<td>4<\/td>\n<td><i>Yonju<\/i><\/td>\n<td>40<\/td>\n<\/tr>\n<tr>\n<td><i>Aller<\/i><\/td>\n<td>5<\/td>\n<td>Goju<\/td>\n<td>50<\/td>\n<\/tr>\n<tr>\n<td><i>Roku<\/i><\/td>\n<td>6<\/td>\n<td> <\/td>\n<td> <\/td>\n<\/tr>\n<tr>\n<td><i>Sishi (Nana)<\/i><\/td>\n<td>7<\/td>\n<td> <\/td>\n<td> <\/td>\n<\/tr>\n<tr>\n<td><i>Hachi<\/i><\/td>\n<td>8<\/td>\n<td> <\/td>\n<td> <\/td>\n<\/tr>\n<tr>\n<td><i>Ku<\/i><\/td>\n<td>9<\/td>\n<td> <\/td>\n<td> <\/td>\n<\/tr>\n<tr>\n<td><i>Ju<\/i><\/td>\n<td>10<\/td>\n<td><i>Kyaku<\/i><\/td>\n<td>100<\/td>\n<\/tr>\n<\/tbody>\n<\/table>\n<ul>\n<li><strong>Salutations en japonais<\/strong>\n<ul>\n<li>D\u00e9but de la classe :\n<ul>\n<li><i>Hanshi Ni Rei &#8211; Mokusu &#8211; Mokusu Yamei, Shihan (Sensei, Senpai) Ni Rei<\/i><br \/>Salut \u00e0 Hanshi &#8211; M\u00e9ditation &#8211; Fin de la m\u00e9ditation, salut \u00e0 Shihan (Sensei, Senpai)<br \/>(D\u00e9but de l&rsquo;entra\u00eenement)<\/li>\n<\/ul>\n<\/li>\n<li>Fin de la classe :\n<ul>\n<li><i>Hanshi Ni Rei &#8211; Mokusu &#8211; Mokusu Yamei, Shihan (Sensei, Senpai) Ni Rei<\/i><br \/>Salut \u00e0 Hanshi &#8211; M\u00e9ditation &#8211; Fin de la m\u00e9ditation, salut \u00e0 Shihan (Sensei, Senpai)<br \/>(Fin de l&rsquo;entra\u00eenement)<\/li>\n<li><i>Sensei, Senpai Otagai ni Rei<\/i><br \/>Salut mutuel entre \u00e9l\u00e8ves, Senpai, Sensei<\/li>\n<\/ul>\n<\/li>\n<\/ul>\n<\/li>\n<\/ul>\n<p><a href=\"#top\"><strong>HAUT DE LA PAGE<\/strong><\/a><\/p>\n<p>[\/et_pb_text][\/et_pb_column][\/et_pb_row][\/et_pb_section]<\/p>\n","protected":false},"excerpt":{"rendered":"<p>Bienvenue \u00e0 Kanreikai Karate of ConnecticutAu Kanreikai Karate of Connecticut et dans toutes les \u00e9coles du \u00e9coles mondiales de karat\u00e9 Kanreikainous enseignons et pratiquons le karat\u00e9 japonais traditionnel avec contact total, qui comprend la construction d&rsquo;une base pour le combat dans des situations de la vie r\u00e9elle. Nous enseignons \u00e9galement le karat\u00e9 de contact, les [&hellip;]<\/p>\n","protected":false},"author":8,"featured_media":0,"parent":9095,"menu_order":10,"comment_status":"closed","ping_status":"closed","template":"","meta":{"_et_pb_use_builder":"on","_et_pb_old_content":"","_et_gb_content_width":"","footnotes":""},"class_list":["post-9015","page","type-page","status-publish","hentry"],"_links":{"self":[{"href":"https:\/\/www.danburykarateschool.com\/fr\/wp-json\/wp\/v2\/pages\/9015","targetHints":{"allow":["GET"]}}],"collection":[{"href":"https:\/\/www.danburykarateschool.com\/fr\/wp-json\/wp\/v2\/pages"}],"about":[{"href":"https:\/\/www.danburykarateschool.com\/fr\/wp-json\/wp\/v2\/types\/page"}],"author":[{"embeddable":true,"href":"https:\/\/www.danburykarateschool.com\/fr\/wp-json\/wp\/v2\/users\/8"}],"replies":[{"embeddable":true,"href":"https:\/\/www.danburykarateschool.com\/fr\/wp-json\/wp\/v2\/comments?post=9015"}],"version-history":[{"count":1,"href":"https:\/\/www.danburykarateschool.com\/fr\/wp-json\/wp\/v2\/pages\/9015\/revisions"}],"predecessor-version":[{"id":9033,"href":"https:\/\/www.danburykarateschool.com\/fr\/wp-json\/wp\/v2\/pages\/9015\/revisions\/9033"}],"up":[{"embeddable":true,"href":"https:\/\/www.danburykarateschool.com\/fr\/wp-json\/wp\/v2\/pages\/9095"}],"wp:attachment":[{"href":"https:\/\/www.danburykarateschool.com\/fr\/wp-json\/wp\/v2\/media?parent=9015"}],"curies":[{"name":"wp","href":"https:\/\/api.w.org\/{rel}","templated":true}]}}