{"id":9012,"date":"2018-02-27T14:39:43","date_gmt":"2018-02-27T19:39:43","guid":{"rendered":"https:\/\/www.danburykarateschool.com\/contactez-nous\/"},"modified":"2024-10-27T06:06:01","modified_gmt":"2024-10-27T10:06:01","slug":"contactez-nous","status":"publish","type":"page","link":"https:\/\/www.danburykarateschool.com\/fr\/contactez-nous\/","title":{"rendered":"Contactez nous"},"content":{"rendered":"<p>[et_pb_section fb_built=\u00a0\u00bb1&Prime; _builder_version=\u00a0\u00bb4.16&Prime; custom_padding=\u00a0\u00bb30px||||false|false\u00a0\u00bb global_colors_info=\u00a0\u00bb{}\u00a0\u00bb][et_pb_row _builder_version=\u00a0\u00bb4.16&Prime; global_colors_info=\u00a0\u00bb{}\u00a0\u00bb][et_pb_column type=\u00a0\u00bb4_4&Prime; _builder_version=\u00a0\u00bb4.16&Prime; custom_padding=\u00a0\u00bb|||\u00a0\u00bb global_colors_info=\u00a0\u00bb{}\u00a0\u00bb custom_padding__hover=\u00a0\u00bb|||\u00a0\u00bb][et_pb_post_title meta=\u00a0\u00bboff\u00a0\u00bb featured_image=\u00a0\u00bboff\u00a0\u00bb text_color=\u00a0\u00bblight\u00a0\u00bb module_class=\u00a0\u00bbpost-title-class\u00a0\u00bb _builder_version=\u00a0\u00bb4.16&Prime; title_font=\u00a0\u00bb|700|||||||\u00a0\u00bb title_text_align=\u00a0\u00bbleft\u00a0\u00bb title_text_color=\u00a0\u00bb#000000&Prime; title_font_size=\u00a0\u00bb36px\u00a0\u00bb global_colors_info=\u00a0\u00bb{}\u00a0\u00bb][\/et_pb_post_title][\/et_pb_column][\/et_pb_row][et_pb_row column_structure=\u00a0\u00bb2_3,1_3&Prime; use_custom_gutter=\u00a0\u00bbon\u00a0\u00bb make_equal=\u00a0\u00bbon\u00a0\u00bb _builder_version=\u00a0\u00bb4.16&Prime; global_colors_info=\u00a0\u00bb{}\u00a0\u00bb][et_pb_column type=\u00a0\u00bb2_3&Prime; _builder_version=\u00a0\u00bb4.16&Prime; background_color=\u00a0\u00bb#ffffff\u00a0\u00bb custom_padding=\u00a0\u00bb|||\u00a0\u00bb global_colors_info=\u00a0\u00bb{}\u00a0\u00bb custom_padding__hover=\u00a0\u00bb|||\u00a0\u00bb][et_pb_text admin_label=\u00a0\u00bbIntro\u00a0\u00bb _builder_version=\u00a0\u00bb4.16&Prime; text_text_color=\u00a0\u00bb#000000&Prime; background_color=\u00a0\u00bbrgba(0,0,0,0)\u00a0\u00bb custom_padding=\u00a0\u00bb25px|0px|25px|0px|false|false\u00a0\u00bb global_colors_info=\u00a0\u00bb{}\u00a0\u00bb]<strong>Au Kanreikai Karate of Connecticut<\/strong>, notre objectif a toujours \u00e9t\u00e9 d&rsquo;enseigner le karat\u00e9 japonais traditionnel au plus grand nombre de personnes possible. Gr\u00e2ce \u00e0 nos ann\u00e9es d&rsquo;exp\u00e9rience, nous sommes convaincus que le karat\u00e9 Kanreikai fait une diff\u00e9rence positive dans la vie de chaque \u00e9l\u00e8ve qui pratique cet art martial, quel que soit son \u00e2ge ou son niveau d&rsquo;habilet\u00e9. En pratiquant r\u00e9guli\u00e8rement le karat\u00e9 Kanreikai, vous am\u00e9liorez progressivement votre condition physique, votre force mentale et votre sant\u00e9 mentale. Vous b\u00e9n\u00e9ficiez \u00e9galement d&rsquo;un entra\u00eenement dans un dojo qui ne favorise qu&rsquo;un environnement respectueux et s\u00e9curitaire. En d&rsquo;autres termes, nous croyons que le karat\u00e9 Kanreikai aide \u00e0 d\u00e9velopper de meilleurs \u00eatres humains. Nous pensons que vous serez int\u00e9ress\u00e9 et que vous souhaitez obtenir plus d&rsquo;informations sur notre dojo, nos programmes, nos cours et nos activit\u00e9s. Veuillez remplir le formulaire ci-dessous. Nous nous ferons un plaisir de vous fournir toutes les informations dont vous avez besoin.         <strong>N&rsquo;attendez plus pour d\u00e9couvrir le monde du Karat\u00e9 Kanreikai.<\/strong><\/p>\n<p>&nbsp;<br \/>\n[\/et_pb_text][\/et_pb_column][et_pb_column type=\u00a0\u00bb1_3&Prime; module_class=\u00a0\u00bbflex-center\u00a0\u00bb _builder_version=\u00a0\u00bb4.16&Prime; background_color=\u00a0\u00bb#eaeaea\u00a0\u00bb custom_padding=\u00a0\u00bb|||\u00a0\u00bb border_width_top=\u00a0\u00bb5px\u00a0\u00bb border_color_top=\u00a0\u00bb#e31f27&Prime; border_width_bottom=\u00a0\u00bb5px\u00a0\u00bb border_color_bottom=\u00a0\u00bb#e31f27&Prime; global_colors_info=\u00a0\u00bb{}\u00a0\u00bb custom_padding__hover=\u00a0\u00bb|||\u00a0\u00bb][et_pb_text admin_label=\u00a0\u00bbCT-CTA Trial Classes\u00a0\u00bb _builder_version=\u00a0\u00bb4.16&Prime; text_font=\u00a0\u00bb|600|||||||\u00a0\u00bb text_text_color=\u00a0\u00bb#000000&Prime; text_font_size=\u00a0\u00bb28px\u00a0\u00bb header_font=\u00a0\u00bb|700|||||||\u00a0\u00bb header_text_align=\u00a0\u00bbcenter\u00a0\u00bb header_text_color=\u00a0\u00bb#e31f27&Prime; header_font_size=\u00a0\u00bb44px\u00a0\u00bb text_orientation=\u00a0\u00bbcenter\u00a0\u00bb global_colors_info=\u00a0\u00bb{}\u00a0\u00bb]<\/p>\n<h1>1 SEMAINE D&rsquo;ESSAI GRATUIT<\/h1>\n<p>puis 39,95 $ + taxe pour le premier mois<\/p>\n<p><img loading=\"lazy\" decoding=\"async\" class=\"wp-image-3460 alignnone size-full\" src=\"https:\/\/www.danburykarateschool.com\/wp-content\/uploads\/2020\/12\/CT-Uniform.png\" alt=\"\" width=\"113\" height=\"103\"><br \/>+<strong> UNIFORME DE KARAT\u00c9 GRATUIT<\/strong><\/p>\n<p><strong><a class=\"book-btn\" href=\"https:\/\/danburykarateschool.sites.zenplanner.com\/sign-up-now.cfm\">S&rsquo;INSCRIRE<\/a><\/strong><\/p>\n<p>[\/et_pb_text][\/et_pb_column][\/et_pb_row][et_pb_row column_structure=\u00a0\u00bb3_5,2_5&Prime; _builder_version=\u00a0\u00bb4.16&Prime; _module_preset=\u00a0\u00bbdefault\u00a0\u00bb global_colors_info=\u00a0\u00bb{}\u00a0\u00bb][et_pb_column type=\u00a0\u00bb3_5&Prime; _builder_version=\u00a0\u00bb4.16&Prime; _module_preset=\u00a0\u00bbdefault\u00a0\u00bb global_colors_info=\u00a0\u00bb{}\u00a0\u00bb][et_pb_text admin_label=\u00a0\u00bbGET MORE INFO\u00a0\u00bb _builder_version=\u00a0\u00bb4.16&Prime; text_text_color=\u00a0\u00bb#000000&Prime; header_2_text_color=\u00a0\u00bb#f34e4e\u00a0\u00bb header_2_font_size=\u00a0\u00bb20px\u00a0\u00bb background_color=\u00a0\u00bb#eaeaea\u00a0\u00bb custom_padding=\u00a0\u00bb|0px||0px|false|false\u00a0\u00bb border_width_top=\u00a0\u00bb3px\u00a0\u00bb border_color_top=\u00a0\u00bb#e31f27&Prime; global_colors_info=\u00a0\u00bb{}\u00a0\u00bb]&nbsp;<\/p>\n<p style=\"text-align: center;\"><strong><a id=\"info\"><\/a>OBTENEZ PLUS D&rsquo;INFORMATIONS MAINTENANT !<\/strong>  Un formulaire par personne ou famille<\/p>\n<div id=\"leadcapture_cd5f15ff-08df-4a02-a02f-3f210ef6f7e5\"><\/div>\n<p><script type=\"text\/javascript\">(function(win, doc, zenJSHost, src, module, partitionApiKey, widgetInstanceId){ win.zenplanner = win.zenplanner || {}; win.zenplanner.directLoadArgs = win.zenplanner.directLoadArgs || []; var tryCount = 0, intervalId = null; function afterLoad(){ if(win.zenplanner.directLoader !== undefined && window.zenplanner.directLoader !== null){ clearInterval(intervalId); for(var i = 0, l = win.zenplanner.directLoadArgs.length; l > i; i++){ if(win.zenplanner.directLoadArgs[i].widgetInstanceId === widgetInstanceId) { win.zenplanner.directLoader.loadWidget(zenJSHost, module, partitionApiKey, widgetInstanceId); } } } else if(tryCount++ > 10) { console.log('Zen Planner widget : ' + module + ', failed to load.'); clearInterval(intervalId); } } if(win.zenplanner.directLoader === undefined || win.zenplanner.directLoader === null){ win.zenplanner.directLoadArgs.push({ module: module, partitionApiKey: partitionApiKey, widgetInstanceId : widgetInstanceId }); var s = doc.createElement('script'); s.async = 1; s.src = zenJSHost + '\/' + src; doc.head.appendChild(s); intervalId = setInterval(afterLoad, 1000); } else { win.zenplanner.directLoader.loadWidget(zenJSHost, module, partitionApiKey, widgetInstanceId); } })(window, document, 'https:\/\/studio.zenplanner.com', 'zenplanner\/studio\/target\/zp-widget-direct.js', 'leadcapture', '13e793e4-c4b3-4ff7-979c-336da2650e65', 'cd5f15ff-08df-4a02-a02f-3f210ef6f7e5');<\/script><br \/>\n[\/et_pb_text][\/et_pb_column][et_pb_column type=\u00a0\u00bb2_5&Prime; _builder_version=\u00a0\u00bb4.16&Prime; _module_preset=\u00a0\u00bbdefault\u00a0\u00bb global_colors_info=\u00a0\u00bb{}\u00a0\u00bb][et_pb_text admin_label=\u00a0\u00bbKANREIKAI KARATE OF CONNECTICUT\u00a0\u00bb _builder_version=\u00a0\u00bb4.16&Prime; text_text_color=\u00a0\u00bb#000000&Prime; header_2_text_color=\u00a0\u00bb#f34e4e\u00a0\u00bb header_2_font_size=\u00a0\u00bb20px\u00a0\u00bb background_color=\u00a0\u00bb#eaeaea\u00a0\u00bb custom_padding=\u00a0\u00bb|0px||0px|false|false\u00a0\u00bb border_width_top=\u00a0\u00bb3px\u00a0\u00bb border_color_top=\u00a0\u00bb#e31f27&Prime; global_colors_info=\u00a0\u00bb{}\u00a0\u00bb]&nbsp;<\/p>\n<p style=\"text-align: center;\"><strong>CONNECTICUT KANREIKAI KARATE<\/strong> 13, Barnum Court, Suite B Danbury, CT 06810<\/p>\n<h3 style=\"text-align: center;\"><a href=\"tel:203-791-1276\"><span style=\"color: #ff0000;\"><strong>203-791-1276<\/strong><\/span><\/a><\/h3>\n<p style=\"text-align: center;\">[\/et_pb_text][et_pb_code admin_label=\u00a0\u00bbCarte des codes-Barnum\u00a0\u00bb _builder_version=\u00a0\u00bb4.16&Prime; _module_preset=\u00a0\u00bbdefault\u00a0\u00bb border_width_top=\u00a0\u00bb3px\u00a0\u00bb border_color_top=\u00a0\u00bb#e31f27&Prime; global_colors_info=\u00a0\u00bb{}\u00a0\u00bb]<iframe loading=\"lazy\" style=\"border: 0;\" src=\"https:\/\/www.google.com\/maps\/embed?pb=!1m14!1m8!1m3!1d5985.314436237852!2d-73.456989!3d41.40325!3m2!1i1024!2i768!4f13.1!3m3!1m2!1s0x89e7ff6704a1511b%3A0xc8d5af2a840da436!2s13%20Barnum%20Ct%2C%20Danbury%2C%20CT%2006810%2C%20USA!5e0!3m2!1sen!2sca!4v1617737663362!5m2!1sen!2sca\" width=\"600\" height=\"450\" allowfullscreen=\"allowfullscreen\"><\/iframe>[\/et_pb_code][\/et_pb_column][\/et_pb_row][et_pb_row _builder_version=\u00a0\u00bb4.16&Prime; custom_padding=\u00a0\u00bb0px||0px|\u00a0\u00bb border_color_all=\u00a0\u00bb#333232&Prime; border_color_bottom=\u00a0\u00bb#ee3227&Prime; global_colors_info=\u00a0\u00bb{}\u00a0\u00bb][et_pb_column type=\u00a0\u00bb4_4&Prime; _builder_version=\u00a0\u00bb4.16&Prime; custom_padding=\u00a0\u00bb|||\u00a0\u00bb global_colors_info=\u00a0\u00bb{}\u00a0\u00bb custom_padding__hover=\u00a0\u00bb|||\u00a0\u00bb][et_pb_text admin_label=\u00a0\u00bbKanreikai Schools\u00a0\u00bb module_class=\u00a0\u00bbabonnement-type\u00a0\u00bb _builder_version=\u00a0\u00bb4.16&Prime; header_text_color=\u00a0\u00bb#ffffff\u00a0\u00bb header_font_size=\u00a0\u00bb24px\u00a0\u00bb background_color=\u00a0\u00bb#000000&Prime; custom_padding=\u00a0\u00bb10px|||10px\u00a0\u00bb border_color_bottom=\u00a0\u00bb#ee3227&Prime; global_colors_info=\u00a0\u00bb{}\u00a0\u00bb]<\/p>\n<h1><a id=\"schools\"><\/a>\u00c9COLES MONDIALES DE KARAT\u00c9 KANREIKAI<\/h1>\n<p>[\/et_pb_text][\/et_pb_column][\/et_pb_row][et_pb_row column_structure=\u00a0\u00bb1_3,1_3,1_3&Prime; use_custom_gutter=\u00a0\u00bbon\u00a0\u00bb make_equal=\u00a0\u00bbon\u00a0\u00bb _builder_version=\u00a0\u00bb4.16&Prime; custom_padding=\u00a0\u00bb10px|||\u00a0\u00bb global_colors_info=\u00a0\u00bb{}\u00a0\u00bb][et_pb_column type=\u00a0\u00bb1_3&Prime; _builder_version=\u00a0\u00bb4.16&Prime; background_color=\u00a0\u00bb#eaeaea\u00a0\u00bb custom_padding=\u00a0\u00bb|||\u00a0\u00bb global_colors_info=\u00a0\u00bb{}\u00a0\u00bb custom_padding__hover=\u00a0\u00bb|||\u00a0\u00bb][et_pb_text admin_label=\u00a0\u00bbMontreal \u00a0\u00bb _builder_version=\u00a0\u00bb4.16&Prime; text_text_color=\u00a0\u00bb#644538&Prime; background_color=\u00a0\u00bbrgba(0,0,0,0)\u00a0\u00bb custom_padding=\u00a0\u00bb10px|||\u00a0\u00bb global_colors_info=\u00a0\u00bb{}\u00a0\u00bb]<\/p>\n<h3 style=\"text-align: left; padding-left: 40px;\"><strong>Montreal Kanreikai Karate<\/strong><\/h3>\n<p style=\"padding-left: 40px;\"><strong>4830 St-Charles Pierrefonds, QC Canada H9H 3E1<\/strong><\/p>\n<ul>\n<li style=\"list-style-type: none;\">\n<ul>\n<li style=\"list-style-type: none;\">\n<ul>\n<li><strong>Shihan Denis Cordeiro<\/strong><\/li>\n<li><strong><a href=\"https:\/\/514-834-8458\">514-834-8458<\/a><\/strong><\/li>\n<li><strong><a href=\"https:\/\/karatemontreal.ca\/?lang=en\">karatemontreal.ca<\/a><\/strong><\/li>\n<\/ul>\n<\/li>\n<\/ul>\n<\/li>\n<\/ul>\n<p>[\/et_pb_text][\/et_pb_column][et_pb_column type=\u00a0\u00bb1_3&Prime; _builder_version=\u00a0\u00bb4.16&Prime; background_color=\u00a0\u00bb#eaeaea\u00a0\u00bb custom_padding=\u00a0\u00bb|||\u00a0\u00bb global_colors_info=\u00a0\u00bb{}\u00a0\u00bb custom_padding__hover=\u00a0\u00bb|||\u00a0\u00bb][et_pb_text admin_label=\u00a0\u00bbVaudreuil\u00a0\u00bb _builder_version=\u00a0\u00bb4.16&Prime; text_text_color=\u00a0\u00bb#644538&Prime; background_color=\u00a0\u00bbrgba(0,0,0,0)\u00a0\u00bb custom_padding=\u00a0\u00bb10px|||\u00a0\u00bb global_colors_info=\u00a0\u00bb{}\u00a0\u00bb]<\/p>\n<h3 style=\"text-align: left; padding-left: 40px;\"><strong>Vaudreuil Kanreikai Karate<\/strong><\/h3>\n<p style=\"padding-left: 40px;\"><strong>280, Bourget Vaudreuil-Dorion, QC Canada J7V 9K7<\/strong><\/p>\n<ul>\n<li style=\"list-style-type: none;\">\n<ul>\n<li style=\"list-style-type: none;\">\n<ul>\n<li><strong>Sensei Micha\u00ebl Cordeiro<\/strong><\/li>\n<li><strong><a href=\"https:\/\/514-830-2945\">514-830-2845<\/a><\/strong><\/li>\n<li><strong><a href=\"https:\/\/karatevaudreuildorion.com\/?lang=en\">karatevaudreuildorion.com<\/a><\/strong><\/li>\n<\/ul>\n<\/li>\n<\/ul>\n<\/li>\n<\/ul>\n<p>[\/et_pb_text][\/et_pb_column][et_pb_column type=\u00a0\u00bb1_3&Prime; _builder_version=\u00a0\u00bb4.16&Prime; background_color=\u00a0\u00bb#eaeaea\u00a0\u00bb custom_padding=\u00a0\u00bb|||\u00a0\u00bb global_colors_info=\u00a0\u00bb{}\u00a0\u00bb custom_padding__hover=\u00a0\u00bb|||\u00a0\u00bb][et_pb_text admin_label=\u00a0\u00bbJoliette\u00a0\u00bb _builder_version=\u00a0\u00bb4.16&Prime; text_text_color=\u00a0\u00bb#644538&Prime; background_color=\u00a0\u00bbrgba(0,0,0,0)\u00a0\u00bb custom_padding=\u00a0\u00bb10px|||\u00a0\u00bb global_colors_info=\u00a0\u00bb{}\u00a0\u00bb]<\/p>\n<h3 style=\"text-align: left; padding-left: 40px;\"><strong>Joliette Kanreikai Karate<\/strong><\/h3>\n<p style=\"padding-left: 40px;\"><strong>499b, de la Visitation St-Charles-Borrom\u00e9e, QC Canada J6E 4P1<\/strong><\/p>\n<ul>\n<li style=\"list-style-type: none;\">\n<ul>\n<li style=\"list-style-type: none;\">\n<ul>\n<li><strong>Sensei Dominic Morin<\/strong><\/li>\n<li><strong><a href=\"https:\/\/450-753-7231\">450-753-7231<\/a><\/strong><\/li>\n<li><strong><a href=\"https:\/\/kanreikaijoliette.com\/?lang=en\">kanreikaijoliette.com<\/a><\/strong><\/li>\n<\/ul>\n<\/li>\n<\/ul>\n<\/li>\n<\/ul>\n<p>[\/et_pb_text][\/et_pb_column][\/et_pb_row][et_pb_row column_structure=\u00a0\u00bb1_3,1_3,1_3&Prime; use_custom_gutter=\u00a0\u00bbon\u00a0\u00bb make_equal=\u00a0\u00bbon\u00a0\u00bb _builder_version=\u00a0\u00bb4.16&Prime; custom_padding=\u00a0\u00bb10px|||\u00a0\u00bb global_colors_info=\u00a0\u00bb{}\u00a0\u00bb][et_pb_column type=\u00a0\u00bb1_3&Prime; _builder_version=\u00a0\u00bb4.16&Prime; background_color=\u00a0\u00bb#eaeaea\u00a0\u00bb custom_padding=\u00a0\u00bb|||\u00a0\u00bb global_colors_info=\u00a0\u00bb{}\u00a0\u00bb custom_padding__hover=\u00a0\u00bb|||\u00a0\u00bb][et_pb_text admin_label=\u00a0\u00bbCT\u00a0\u00bb _builder_version=\u00a0\u00bb4.16&Prime; text_text_color=\u00a0\u00bb#644538&Prime; background_color=\u00a0\u00bbrgba(0,0,0,0)\u00a0\u00bb custom_padding=\u00a0\u00bb10px|||\u00a0\u00bb global_colors_info=\u00a0\u00bb{}\u00a0\u00bb]<\/p>\n<h3 style=\"text-align: left; padding-left: 40px;\"><strong>Kanreikai Karate of CT<\/strong><\/h3>\n<p style=\"padding-left: 40px;\"><strong>13, Barnum Court Danbury, CT 06810 \u00c9tats-Unis  <\/strong><\/p>\n<ul>\n<li style=\"list-style-type: none;\">\n<ul>\n<li style=\"list-style-type: none;\">\n<ul>\n<li><strong>Sensei Chris Goncalves<\/strong><\/li>\n<li><strong><a href=\"https:\/\/203-791-1276\">203-791-1276<\/a><\/strong><\/li>\n<li><strong><a href=\"https:\/\/danburykarateschool.com\">danburykarateschool.com<\/a><\/strong><\/li>\n<\/ul>\n<\/li>\n<\/ul>\n<\/li>\n<\/ul>\n<p>[\/et_pb_text][\/et_pb_column][et_pb_column type=\u00a0\u00bb1_3&Prime; _builder_version=\u00a0\u00bb4.16&Prime; background_color=\u00a0\u00bb#eaeaea\u00a0\u00bb custom_padding=\u00a0\u00bb|||\u00a0\u00bb global_colors_info=\u00a0\u00bb{}\u00a0\u00bb custom_padding__hover=\u00a0\u00bb|||\u00a0\u00bb][et_pb_text admin_label=\u00a0\u00bbRavena\u00a0\u00bb _builder_version=\u00a0\u00bb4.16&Prime; text_text_color=\u00a0\u00bb#644538&Prime; background_color=\u00a0\u00bbrgba(0,0,0,0)\u00a0\u00bb custom_padding=\u00a0\u00bb10px|||\u00a0\u00bb global_colors_info=\u00a0\u00bb{}\u00a0\u00bb]<\/p>\n<h3 style=\"text-align: left; padding-left: 40px;\"><strong>Ravena Kanreikai Karate<\/strong><\/h3>\n<p style=\"padding-left: 40px;\"><strong>4980, Rt9 West, Unit 17 Ravena, NY 12143 United States<\/strong><\/p>\n<ul>\n<li style=\"list-style-type: none;\">\n<ul>\n<li style=\"list-style-type: none;\">\n<ul>\n<li><strong>Sensei Calvin Ortiz<\/strong><\/li>\n<li><strong><a href=\"https:\/\/518-253-6034\">518-253-60<\/a><\/strong><\/li>\n<li><strong><a href=\"https:\/\/www.facebook.com\/KanreikaiKarateRavena\">K<\/a><\/strong><strong><a href=\"https:\/\/www.facebook.com\/KanreikaiKarateRavena\">anreikaiKarateRavena<\/a><\/strong><\/li>\n<\/ul>\n<\/li>\n<\/ul>\n<\/li>\n<\/ul>\n<p>[\/et_pb_text][\/et_pb_column][et_pb_column type=\u00a0\u00bb1_3&Prime; _builder_version=\u00a0\u00bb4.16&Prime; background_color=\u00a0\u00bb#eaeaea\u00a0\u00bb custom_padding=\u00a0\u00bb|||\u00a0\u00bb global_colors_info=\u00a0\u00bb{}\u00a0\u00bb custom_padding__hover=\u00a0\u00bb|||\u00a0\u00bb][et_pb_text admin_label=\u00a0\u00bbIrishtown\u00a0\u00bb _builder_version=\u00a0\u00bb4.16&Prime; text_text_color=\u00a0\u00bb#644538&Prime; background_color=\u00a0\u00bbrgba(0,0,0,0)\u00a0\u00bb custom_padding=\u00a0\u00bb10px|||\u00a0\u00bb global_colors_info=\u00a0\u00bb{}\u00a0\u00bb]<\/p>\n<h3 style=\"text-align: left; padding-left: 40px;\"><strong>Irishtown Kanreikai Karate<\/strong><\/h3>\n<p style=\"padding-left: 40px;\"><strong>733 Ammond Rd Irishtown, NB Canada E1H 2M4<\/strong><\/p>\n<ul>\n<li style=\"list-style-type: none;\">\n<ul>\n<li style=\"list-style-type: none;\">\n<ul>\n<li><strong>Sensei Andr\u00e9 LeBlanc<\/strong><\/li>\n<li><a href=\"https:\/\/506-384-8443\"><strong>506-384-8443<\/strong><\/a><\/li>\n<li><a href=\"https:\/\/dojos.ca\/worldkanreikaikarateirishtowndojo\/\"><strong>Site web<\/strong><\/a><\/li>\n<\/ul>\n<\/li>\n<\/ul>\n<\/li>\n<\/ul>\n<p>[\/et_pb_text][\/et_pb_column][\/et_pb_row][\/et_pb_section]<\/p>\n","protected":false},"excerpt":{"rendered":"<p>Au Kanreikai Karate of Connecticut, notre objectif a toujours \u00e9t\u00e9 d&rsquo;enseigner le karat\u00e9 japonais traditionnel au plus grand nombre de personnes possible. Gr\u00e2ce \u00e0 nos ann\u00e9es d&rsquo;exp\u00e9rience, nous sommes convaincus que le karat\u00e9 Kanreikai fait une diff\u00e9rence positive dans la vie de chaque \u00e9l\u00e8ve qui pratique cet art martial, quel que soit son \u00e2ge ou [&hellip;]<\/p>\n","protected":false},"author":8,"featured_media":0,"parent":0,"menu_order":50,"comment_status":"closed","ping_status":"closed","template":"","meta":{"_et_pb_use_builder":"on","_et_pb_old_content":"","_et_gb_content_width":"","footnotes":""},"class_list":["post-9012","page","type-page","status-publish","hentry"],"_links":{"self":[{"href":"https:\/\/www.danburykarateschool.com\/fr\/wp-json\/wp\/v2\/pages\/9012","targetHints":{"allow":["GET"]}}],"collection":[{"href":"https:\/\/www.danburykarateschool.com\/fr\/wp-json\/wp\/v2\/pages"}],"about":[{"href":"https:\/\/www.danburykarateschool.com\/fr\/wp-json\/wp\/v2\/types\/page"}],"author":[{"embeddable":true,"href":"https:\/\/www.danburykarateschool.com\/fr\/wp-json\/wp\/v2\/users\/8"}],"replies":[{"embeddable":true,"href":"https:\/\/www.danburykarateschool.com\/fr\/wp-json\/wp\/v2\/comments?post=9012"}],"version-history":[{"count":3,"href":"https:\/\/www.danburykarateschool.com\/fr\/wp-json\/wp\/v2\/pages\/9012\/revisions"}],"predecessor-version":[{"id":9151,"href":"https:\/\/www.danburykarateschool.com\/fr\/wp-json\/wp\/v2\/pages\/9012\/revisions\/9151"}],"wp:attachment":[{"href":"https:\/\/www.danburykarateschool.com\/fr\/wp-json\/wp\/v2\/media?parent=9012"}],"curies":[{"name":"wp","href":"https:\/\/api.w.org\/{rel}","templated":true}]}}