{"id":8988,"date":"2018-02-27T14:39:15","date_gmt":"2018-02-27T19:39:15","guid":{"rendered":"https:\/\/www.danburykarateschool.com\/taux-dadhesion\/"},"modified":"2025-01-01T20:48:27","modified_gmt":"2025-01-02T01:48:27","slug":"taux-dadhesion","status":"publish","type":"page","link":"https:\/\/www.danburykarateschool.com\/fr\/taux-dadhesion\/","title":{"rendered":"Taux d&rsquo;adh\u00e9sion"},"content":{"rendered":"<p>[et_pb_section fb_built=\u00a0\u00bb1&Prime; _builder_version=\u00a0\u00bb4.16&Prime; custom_padding=\u00a0\u00bb30px||||false|false\u00a0\u00bb global_colors_info=\u00a0\u00bb{}\u00a0\u00bb][et_pb_row _builder_version=\u00a0\u00bb4.16&Prime; global_colors_info=\u00a0\u00bb{}\u00a0\u00bb][et_pb_column type=\u00a0\u00bb4_4&Prime; _builder_version=\u00a0\u00bb4.16&Prime; custom_padding=\u00a0\u00bb|||\u00a0\u00bb global_colors_info=\u00a0\u00bb{}\u00a0\u00bb custom_padding__hover=\u00a0\u00bb|||\u00a0\u00bb][et_pb_post_title title=\u00a0\u00bboff\u00a0\u00bb meta=\u00a0\u00bboff\u00a0\u00bb featured_image=\u00a0\u00bboff\u00a0\u00bb text_color=\u00a0\u00bblight\u00a0\u00bb admin_label=\u00a0\u00bbRates\u00a0\u00bb module_class=\u00a0\u00bbpost-title-class\u00a0\u00bb _builder_version=\u00a0\u00bb4.16&Prime; title_font=\u00a0\u00bb|700|||||||\u00a0\u00bb title_text_align=\u00a0\u00bbleft\u00a0\u00bb title_text_color=\u00a0\u00bb#000000&Prime; title_font_size=\u00a0\u00bb36px\u00a0\u00bb global_colors_info=\u00a0\u00bb{}\u00a0\u00bb][\/et_pb_post_title][et_pb_text _builder_version=\u00a0\u00bb4.16&Prime; _module_preset=\u00a0\u00bbdefault\u00a0\u00bb global_colors_info=\u00a0\u00bb{}\u00a0\u00bb]<\/p>\n<h1>Tarifs d&rsquo;adh\u00e9sion au karat\u00e9<\/h1>\n<p>[\/et_pb_text][\/et_pb_column][\/et_pb_row][et_pb_row _builder_version=\u00a0\u00bb4.16&Prime; _module_preset=\u00a0\u00bbdefault\u00a0\u00bb global_colors_info=\u00a0\u00bb{}\u00a0\u00bb][et_pb_column type=\u00a0\u00bb4_4&Prime; _builder_version=\u00a0\u00bb4.16&Prime; _module_preset=\u00a0\u00bbdefault\u00a0\u00bb global_colors_info=\u00a0\u00bb{}\u00a0\u00bb][et_pb_text admin_label=\u00a0\u00bbIntro-Rates\u00a0\u00bb _builder_version=\u00a0\u00bb4.16&Prime; _module_preset=\u00a0\u00bbdefault\u00a0\u00bb global_colors_info=\u00a0\u00bb{}\u00a0\u00bb]Nous avons fix\u00e9 des tarifs mensuels tr\u00e8s comp\u00e9titifs, ce qui vous permet d&rsquo;apprendre un art martial japonais traditionnel \u00e0 un prix abordable, qui vous maintiendra non seulement en bonne forme physique mais aussi mentale. Nous avons des options pour les individus et les familles. N&rsquo;h\u00e9sitez pas \u00e0 <a href=\"\"><strong>\u00e0 nous contacter<\/strong><\/a> pour plus d&rsquo;informations.<br \/>\n[\/et_pb_text][et_pb_text admin_label=\u00a0\u00bbMembership\u00a0\u00bb module_class=\u00a0\u00bbabonnement-type\u00a0\u00bb _builder_version=\u00a0\u00bb4.27.0&Prime; text_text_color=\u00a0\u00bb#000000&Prime; header_text_color=\u00a0\u00bb#ffffff\u00a0\u00bb header_font_size=\u00a0\u00bb24px\u00a0\u00bb header_2_text_color=\u00a0\u00bb#000000&Prime; header_3_text_color=\u00a0\u00bb#000000&Prime; header_4_text_color=\u00a0\u00bb#000000&Prime; header_5_text_color=\u00a0\u00bb#000000&Prime; header_6_text_color=\u00a0\u00bb#000000&Prime; background_color=\u00a0\u00bb#000000&Prime; custom_padding=\u00a0\u00bb10px|||10px\u00a0\u00bb border_color_bottom=\u00a0\u00bb#ee3227&Prime; global_colors_info=\u00a0\u00bb{}\u00a0\u00bb]<\/p>\n<h1 style=\"text-align: center;\">Essai gratuit<\/h1>\n<div id=\"gtx-trans\" style=\"position: absolute; left: 255px; top: 64.4375px;\">\n<div class=\"gtx-trans-icon\"><\/div>\n<\/div>\n<p>[\/et_pb_text][et_pb_text admin_label=\u00a0\u00bbFor 1 individual\u00a0\u00bb _builder_version=\u00a0\u00bb4.23.1&Prime; text_text_color=\u00a0\u00bb#644538&Prime; background_color=\u00a0\u00bb#EAEAEA\u00a0\u00bb custom_padding=\u00a0\u00bb10px|||\u00a0\u00bb global_colors_info=\u00a0\u00bb{}\u00a0\u00bb]<\/p>\n<p style=\"text-align: center;\"><strong>1 semaine d&rsquo;essai gratuit &#8211; sans risque ! <a href=\"https:\/\/danburykarateschool.sites.zenplanner.com\/sign-up-now.cfm\">Inscrivez-vous d\u00e8s maintenant<\/a>!<\/strong><\/p>\n<p>[\/et_pb_text][et_pb_text admin_label=\u00a0\u00bbMembership\u00a0\u00bb module_class=\u00a0\u00bbabonnement-type\u00a0\u00bb _builder_version=\u00a0\u00bb4.27.0&Prime; text_text_color=\u00a0\u00bb#000000&Prime; header_text_color=\u00a0\u00bb#ffffff\u00a0\u00bb header_font_size=\u00a0\u00bb24px\u00a0\u00bb header_2_text_color=\u00a0\u00bb#000000&Prime; header_3_text_color=\u00a0\u00bb#000000&Prime; header_4_text_color=\u00a0\u00bb#000000&Prime; header_5_text_color=\u00a0\u00bb#000000&Prime; header_6_text_color=\u00a0\u00bb#000000&Prime; background_color=\u00a0\u00bb#000000&Prime; custom_padding=\u00a0\u00bb10px|||10px\u00a0\u00bb border_color_bottom=\u00a0\u00bb#ee3227&Prime; global_colors_info=\u00a0\u00bb{}\u00a0\u00bb]<\/p>\n<h1 style=\"text-align: center;\">Adh\u00e9sion d&rsquo;introduction<\/h1>\n<div id=\"gtx-trans\" style=\"position: absolute; left: 255px; top: 64.4375px;\">\n<div class=\"gtx-trans-icon\"><\/div>\n<\/div>\n<p>[\/et_pb_text][\/et_pb_column][\/et_pb_row][et_pb_row use_custom_gutter=\u00a0\u00bbon\u00a0\u00bb make_equal=\u00a0\u00bbon\u00a0\u00bb disabled_on=\u00a0\u00bboff|off|off\u00a0\u00bb _builder_version=\u00a0\u00bb4.17.2&Prime; custom_padding=\u00a0\u00bb10px||0px||false|false\u00a0\u00bb global_colors_info=\u00a0\u00bb{}\u00a0\u00bb][et_pb_column type=\u00a0\u00bb4_4&Prime; _builder_version=\u00a0\u00bb4.16&Prime; background_color=\u00a0\u00bb#eaeaea\u00a0\u00bb custom_padding=\u00a0\u00bb|||\u00a0\u00bb global_colors_info=\u00a0\u00bb{}\u00a0\u00bb custom_padding__hover=\u00a0\u00bb|||\u00a0\u00bb][et_pb_text admin_label=\u00a0\u00bbFor 1 individual\u00a0\u00bb _builder_version=\u00a0\u00bb4.23.1&Prime; text_text_color=\u00a0\u00bb#644538&Prime; background_color=\u00a0\u00bbrgba(0,0,0,0)\u00a0\u00bb custom_padding=\u00a0\u00bb10px|||\u00a0\u00bb global_colors_info=\u00a0\u00bb{}\u00a0\u00bb]<\/p>\n<p style=\"text-align: center;\"><strong>39,95 $ + taxes (pour le premier mois)<\/strong><br \/><strong>+ UNIFORME DE KARAT\u00c9 GRATUIT<\/strong><\/p>\n<p>[\/et_pb_text][\/et_pb_column][\/et_pb_row][et_pb_row _builder_version=\u00a0\u00bb4.16&Prime; custom_padding=\u00a0\u00bb||0px||false|false\u00a0\u00bb border_color_all=\u00a0\u00bb#333232&Prime; border_color_bottom=\u00a0\u00bb#ee3227&Prime; global_colors_info=\u00a0\u00bb{}\u00a0\u00bb][et_pb_column type=\u00a0\u00bb4_4&Prime; _builder_version=\u00a0\u00bb4.16&Prime; custom_padding=\u00a0\u00bb|||\u00a0\u00bb global_colors_info=\u00a0\u00bb{}\u00a0\u00bb custom_padding__hover=\u00a0\u00bb|||\u00a0\u00bb][et_pb_text admin_label=\u00a0\u00bbMembership\u00a0\u00bb module_class=\u00a0\u00bbabonnement-type\u00a0\u00bb _builder_version=\u00a0\u00bb4.27.3&Prime; text_text_color=\u00a0\u00bb#000000&Prime; header_text_color=\u00a0\u00bb#ffffff\u00a0\u00bb header_font_size=\u00a0\u00bb24px\u00a0\u00bb header_2_text_color=\u00a0\u00bb#000000&Prime; header_3_text_color=\u00a0\u00bb#000000&Prime; header_4_text_color=\u00a0\u00bb#000000&Prime; header_5_text_color=\u00a0\u00bb#000000&Prime; header_6_text_color=\u00a0\u00bb#000000&Prime; background_color=\u00a0\u00bb#000000&Prime; custom_margin=\u00a0\u00bb||30px|||\u00a0\u00bb custom_padding=\u00a0\u00bb10px|||10px\u00a0\u00bb border_color_bottom=\u00a0\u00bb#ee3227&Prime; global_colors_info=\u00a0\u00bb{}\u00a0\u00bb]<\/p>\n<h1 style=\"text-align: center;\">PLANS DE 6 MOIS<\/h1>\n<p>[\/et_pb_text][et_pb_text admin_label=\u00a0\u00bbMembership\u00a0\u00bb module_class=\u00a0\u00bbabonnement-type\u00a0\u00bb _builder_version=\u00a0\u00bb4.27.4&Prime; text_text_color=\u00a0\u00bb#000000&Prime; header_text_color=\u00a0\u00bb#ffffff\u00a0\u00bb header_font_size=\u00a0\u00bb24px\u00a0\u00bb header_2_text_color=\u00a0\u00bb#000000&Prime; header_3_text_color=\u00a0\u00bb#000000&Prime; header_4_text_color=\u00a0\u00bb#000000&Prime; header_5_text_color=\u00a0\u00bb#000000&Prime; header_6_text_color=\u00a0\u00bb#000000&Prime; background_color=\u00a0\u00bb#E31F27&Prime; custom_margin=\u00a0\u00bb||35px|||\u00a0\u00bb custom_padding=\u00a0\u00bb10px|||10px\u00a0\u00bb border_color_bottom=\u00a0\u00bb#ee3227&Prime; global_colors_info=\u00a0\u00bb{}\u00a0\u00bb]<\/p>\n<h1 style=\"text-align: center;\">Tarifs d&rsquo;adh\u00e9sion &#8211; 2 cours par semaine<\/h1>\n<p>[\/et_pb_text][\/et_pb_column][\/et_pb_row][et_pb_row column_structure=\u00a0\u00bb1_2,1_2&Prime; use_custom_gutter=\u00a0\u00bbon\u00a0\u00bb make_equal=\u00a0\u00bbon\u00a0\u00bb _builder_version=\u00a0\u00bb4.16&Prime; custom_padding=\u00a0\u00bb10px||0px||false|false\u00a0\u00bb global_colors_info=\u00a0\u00bb{}\u00a0\u00bb][et_pb_column type=\u00a0\u00bb1_2&Prime; _builder_version=\u00a0\u00bb4.16&Prime; background_color=\u00a0\u00bb#eaeaea\u00a0\u00bb custom_padding=\u00a0\u00bb|||\u00a0\u00bb global_colors_info=\u00a0\u00bb{}\u00a0\u00bb custom_padding__hover=\u00a0\u00bb|||\u00a0\u00bb][et_pb_text admin_label=\u00a0\u00bbFor 1 individual\u00a0\u00bb _builder_version=\u00a0\u00bb4.19.2&Prime; text_text_color=\u00a0\u00bb#644538&Prime; background_color=\u00a0\u00bbrgba(0,0,0,0)\u00a0\u00bb custom_padding=\u00a0\u00bb10px|||\u00a0\u00bb global_colors_info=\u00a0\u00bb{}\u00a0\u00bb]<\/p>\n<h4 style=\"text-align: center;\"><strong>Pour un individu<\/strong><\/h4>\n<p style=\"text-align: center;\"><strong>110 $ pour les adultes<\/strong><br \/><strong>100 $ pour les juniors (moins de 18 ans)<\/strong><\/p>\n<p>[\/et_pb_text][\/et_pb_column][et_pb_column type=\u00a0\u00bb1_2&Prime; _builder_version=\u00a0\u00bb4.16&Prime; background_color=\u00a0\u00bb#eaeaea\u00a0\u00bb custom_padding=\u00a0\u00bb|||\u00a0\u00bb global_colors_info=\u00a0\u00bb{}\u00a0\u00bb custom_padding__hover=\u00a0\u00bb|||\u00a0\u00bb][et_pb_text admin_label=\u00a0\u00bbFor 1 family\u00a0\u00bb _builder_version=\u00a0\u00bb4.27.4&Prime; text_text_color=\u00a0\u00bb#644538&Prime; background_color=\u00a0\u00bbrgba(0,0,0,0)\u00a0\u00bb custom_padding=\u00a0\u00bb10px|||\u00a0\u00bb global_colors_info=\u00a0\u00bb{}\u00a0\u00bb]<\/p>\n<h4 style=\"text-align: center;\"><strong>Pour une famille<\/strong><\/h4>\n<p style=\"text-align: center;\"><strong>100 $ pour les adultes<br \/> 90 $ pour les juniors (moins de 18 ans)<\/strong><\/p>\n<p style=\"text-align: center;\"><em>Il s&rsquo;agit d&rsquo;un r\u00e9gime combin\u00e9, qui peut inclure deux enfants ou plus, ou un r\u00e9gime mixte avec un parent.<\/em><\/p>\n<p>[\/et_pb_text][\/et_pb_column][\/et_pb_row][et_pb_row _builder_version=\u00a0\u00bb4.16&Prime; custom_padding=\u00a0\u00bb||0px||false|false\u00a0\u00bb border_color_all=\u00a0\u00bb#333232&Prime; border_color_bottom=\u00a0\u00bb#ee3227&Prime; global_colors_info=\u00a0\u00bb{}\u00a0\u00bb][et_pb_column type=\u00a0\u00bb4_4&Prime; _builder_version=\u00a0\u00bb4.16&Prime; custom_padding=\u00a0\u00bb|||\u00a0\u00bb global_colors_info=\u00a0\u00bb{}\u00a0\u00bb custom_padding__hover=\u00a0\u00bb|||\u00a0\u00bb][et_pb_text admin_label=\u00a0\u00bbMembership\u00a0\u00bb module_class=\u00a0\u00bbabonnement-type\u00a0\u00bb _builder_version=\u00a0\u00bb4.27.4&Prime; text_text_color=\u00a0\u00bb#000000&Prime; header_text_color=\u00a0\u00bb#ffffff\u00a0\u00bb header_font_size=\u00a0\u00bb24px\u00a0\u00bb header_2_text_color=\u00a0\u00bb#000000&Prime; header_3_text_color=\u00a0\u00bb#000000&Prime; header_4_text_color=\u00a0\u00bb#000000&Prime; header_5_text_color=\u00a0\u00bb#000000&Prime; header_6_text_color=\u00a0\u00bb#000000&Prime; background_color=\u00a0\u00bb#E31F27&Prime; custom_margin=\u00a0\u00bb||30px|||\u00a0\u00bb custom_padding=\u00a0\u00bb10px|||10px\u00a0\u00bb border_color_bottom=\u00a0\u00bb#ee3227&Prime; global_colors_info=\u00a0\u00bb{}\u00a0\u00bb]<\/p>\n<h1 style=\"text-align: center;\">Nouvelle option d&rsquo;adh\u00e9sion &#8211; 3 cours par semaine<\/h1>\n<p>[\/et_pb_text][et_pb_text disabled_on=\u00a0\u00bbon|on|on\u00a0\u00bb admin_label=\u00a0\u00bbMembership\u00a0\u00bb module_class=\u00a0\u00bbabonnement-type\u00a0\u00bb _builder_version=\u00a0\u00bb4.27.3&Prime; text_text_color=\u00a0\u00bb#000000&Prime; header_text_color=\u00a0\u00bb#ffffff\u00a0\u00bb header_font_size=\u00a0\u00bb24px\u00a0\u00bb header_2_text_color=\u00a0\u00bb#000000&Prime; header_3_text_color=\u00a0\u00bb#000000&Prime; header_4_text_color=\u00a0\u00bb#000000&Prime; header_5_text_color=\u00a0\u00bb#000000&Prime; header_6_text_color=\u00a0\u00bb#000000&Prime; background_color=\u00a0\u00bb#000000&Prime; custom_padding=\u00a0\u00bb10px|||10px\u00a0\u00bb border_color_bottom=\u00a0\u00bb#ee3227&Prime; disabled=\u00a0\u00bbon\u00a0\u00bb global_colors_info=\u00a0\u00bb{}\u00a0\u00bb]<\/p>\n<h1 style=\"text-align: center;\">Plans de 12 mois<\/h1>\n<p>[\/et_pb_text][\/et_pb_column][\/et_pb_row][et_pb_row column_structure=\u00a0\u00bb1_2,1_2&Prime; use_custom_gutter=\u00a0\u00bbon\u00a0\u00bb make_equal=\u00a0\u00bbon\u00a0\u00bb _builder_version=\u00a0\u00bb4.16&Prime; custom_padding=\u00a0\u00bb10px||0px||false|false\u00a0\u00bb global_colors_info=\u00a0\u00bb{}\u00a0\u00bb][et_pb_column type=\u00a0\u00bb1_2&Prime; _builder_version=\u00a0\u00bb4.16&Prime; background_color=\u00a0\u00bb#eaeaea\u00a0\u00bb custom_padding=\u00a0\u00bb|||\u00a0\u00bb global_colors_info=\u00a0\u00bb{}\u00a0\u00bb custom_padding__hover=\u00a0\u00bb|||\u00a0\u00bb][et_pb_text admin_label=\u00a0\u00bbFor 1 individual\u00a0\u00bb _builder_version=\u00a0\u00bb4.19.2&Prime; text_text_color=\u00a0\u00bb#644538&Prime; background_color=\u00a0\u00bbrgba(0,0,0,0)\u00a0\u00bb custom_padding=\u00a0\u00bb10px|||\u00a0\u00bb global_colors_info=\u00a0\u00bb{}\u00a0\u00bb]<\/p>\n<h4 style=\"text-align: center;\"><strong>Pour un individu<\/strong><\/h4>\n<p style=\"text-align: center;\"><strong>150 $ pour les adultes<\/strong><br \/><strong>140 $ pour les juniors (moins de 18 ans)<\/strong><\/p>\n<p>[\/et_pb_text][\/et_pb_column][et_pb_column type=\u00a0\u00bb1_2&Prime; _builder_version=\u00a0\u00bb4.16&Prime; background_color=\u00a0\u00bb#eaeaea\u00a0\u00bb custom_padding=\u00a0\u00bb|||\u00a0\u00bb global_colors_info=\u00a0\u00bb{}\u00a0\u00bb custom_padding__hover=\u00a0\u00bb|||\u00a0\u00bb][et_pb_text admin_label=\u00a0\u00bbFor 1 family\u00a0\u00bb _builder_version=\u00a0\u00bb4.19.2&Prime; text_text_color=\u00a0\u00bb#644538&Prime; background_color=\u00a0\u00bbrgba(0,0,0,0)\u00a0\u00bb custom_padding=\u00a0\u00bb10px|||\u00a0\u00bb global_colors_info=\u00a0\u00bb{}\u00a0\u00bb]<\/p>\n<h4 style=\"text-align: center;\"><strong>Pour une famille<\/strong><\/h4>\n<p style=\"text-align: center;\"><strong>140 $ pour les adultes<br \/> 130 $ pour les juniors (moins de 18 ans)<\/strong><\/p>\n<p style=\"text-align: center;\"><em>Il s&rsquo;agit d&rsquo;un r\u00e9gime combin\u00e9, qui peut inclure deux enfants ou plus, ou un r\u00e9gime mixte avec un parent.<\/em><\/p>\n<p>[\/et_pb_text][\/et_pb_column][\/et_pb_row][et_pb_row column_structure=\u00a0\u00bb1_2,1_2&Prime; use_custom_gutter=\u00a0\u00bbon\u00a0\u00bb make_equal=\u00a0\u00bbon\u00a0\u00bb disabled_on=\u00a0\u00bbon|on|on\u00a0\u00bb _builder_version=\u00a0\u00bb4.27.3&Prime; custom_padding=\u00a0\u00bb10px||0px||false|false\u00a0\u00bb disabled=\u00a0\u00bbon\u00a0\u00bb global_colors_info=\u00a0\u00bb{}\u00a0\u00bb][et_pb_column type=\u00a0\u00bb1_2&Prime; _builder_version=\u00a0\u00bb4.16&Prime; background_color=\u00a0\u00bb#eaeaea\u00a0\u00bb custom_padding=\u00a0\u00bb|||\u00a0\u00bb global_colors_info=\u00a0\u00bb{}\u00a0\u00bb custom_padding__hover=\u00a0\u00bb|||\u00a0\u00bb][et_pb_text admin_label=\u00a0\u00bbFor 1 individual\u00a0\u00bb _builder_version=\u00a0\u00bb4.19.2&Prime; text_text_color=\u00a0\u00bb#644538&Prime; background_color=\u00a0\u00bbrgba(0,0,0,0)\u00a0\u00bb custom_padding=\u00a0\u00bb10px|||\u00a0\u00bb global_colors_info=\u00a0\u00bb{}\u00a0\u00bb]<\/p>\n<h4 style=\"text-align: center;\"><strong>Pour un individu<\/strong><\/h4>\n<p style=\"text-align: center;\"><strong>110 $ pour les adultes<\/strong><br \/><strong>100 $ pour les juniors (moins de 18 ans)<\/strong><\/p>\n<p>[\/et_pb_text][\/et_pb_column][et_pb_column type=\u00a0\u00bb1_2&Prime; _builder_version=\u00a0\u00bb4.16&Prime; background_color=\u00a0\u00bb#eaeaea\u00a0\u00bb custom_padding=\u00a0\u00bb|||\u00a0\u00bb global_colors_info=\u00a0\u00bb{}\u00a0\u00bb custom_padding__hover=\u00a0\u00bb|||\u00a0\u00bb][et_pb_text admin_label=\u00a0\u00bbFor 1 family\u00a0\u00bb _builder_version=\u00a0\u00bb4.19.2&Prime; text_text_color=\u00a0\u00bb#644538&Prime; background_color=\u00a0\u00bbrgba(0,0,0,0)\u00a0\u00bb custom_padding=\u00a0\u00bb10px|||\u00a0\u00bb global_colors_info=\u00a0\u00bb{}\u00a0\u00bb]<\/p>\n<h4 style=\"text-align: center;\"><strong>Pour une famille<\/strong><\/h4>\n<p style=\"text-align: center;\"><strong>100 $ pour les adultes<br \/> 90 $ pour les juniors (moins de 18 ans)<\/strong><\/p>\n<p style=\"text-align: center;\"><em>Il s&rsquo;agit d&rsquo;un r\u00e9gime combin\u00e9, qui peut inclure deux enfants ou plus, ou un r\u00e9gime mixte avec un parent.<\/em><\/p>\n<p>[\/et_pb_text][\/et_pb_column][\/et_pb_row][et_pb_row _builder_version=\u00a0\u00bb4.17.2&Prime; _module_preset=\u00a0\u00bbdefault\u00a0\u00bb global_colors_info=\u00a0\u00bb{}\u00a0\u00bb][et_pb_column type=\u00a0\u00bb4_4&Prime; _builder_version=\u00a0\u00bb4.17.2&Prime; _module_preset=\u00a0\u00bbdefault\u00a0\u00bb global_colors_info=\u00a0\u00bb{}\u00a0\u00bb][et_pb_text _builder_version=\u00a0\u00bb4.27.4&Prime; _module_preset=\u00a0\u00bbdefault\u00a0\u00bb global_colors_info=\u00a0\u00bb{}\u00a0\u00bb]<\/p>\n<h2><strong>R\u00e8gles d&rsquo;adh\u00e9sion<\/strong><\/h2>\n<h3>Politiques g\u00e9n\u00e9rales d&rsquo;adh\u00e9sion<\/h3>\n<ul>\n<li>Une cotisation annuelle de 25 $ par \u00e9tudiant est pr\u00e9lev\u00e9e lors de l&rsquo;inscription et \u00e0 la date anniversaire chaque ann\u00e9e.<\/li>\n<li>Les nouvelles adh\u00e9sions n\u00e9cessitent un contrat de six mois et sont factur\u00e9es au mois. La mise en place d&rsquo;un syst\u00e8me de paiement automatique est n\u00e9cessaire, les paiements \u00e9tant effectu\u00e9s le 1er de chaque mois. <\/li>\n<li>Les adh\u00e9sions peuvent \u00eatre mises en attente jusqu&rsquo;\u00e0 un mois par an, mais cette option ne peut \u00eatre utilis\u00e9e qu&rsquo;une fois par an.<\/li>\n<\/ul>\n<h3>Politique d&rsquo;annulation<\/h3>\n<ul>\n<li>Des frais d&rsquo;annulation de 50 $ s&rsquo;appliquent si un \u00e9tudiant annule son adh\u00e9sion avant la fin du contrat de six mois. Ces frais ne s&rsquo;appliquent pas aux \u00e9tudiants actuels. <\/li>\n<li>\u00c0 l&rsquo;issue du contrat de six mois, l&rsquo;adh\u00e9sion peut \u00eatre annul\u00e9e \u00e0 tout moment moyennant une notification \u00e9crite de 30 jours.<\/li>\n<li><strong>Il n&rsquo;y a pas d&rsquo;exception au remboursement.<\/strong>  Les p\u00e9riodes d&rsquo;adh\u00e9sion non utilis\u00e9es ou les mois incomplets ne sont pas rembours\u00e9s, quelles que soient les circonstances.<\/li>\n<\/ul>\n<h3>Politique de r\u00e9admission<\/h3>\n<ul>\n<li>Si un \u00e9tudiant quitte l&rsquo;\u00e9cole et souhaite y revenir, il peut \u00eatre plac\u00e9 sur une liste d&rsquo;attente, en fonction de la disponibilit\u00e9 des classes, car celles-ci approchent de leur capacit\u00e9 maximale.<\/li>\n<\/ul>\n<h3>Plan d&rsquo;adh\u00e9sion familial<\/h3>\n<ul>\n<li>Les membres d&rsquo;une famille doivent r\u00e9sider \u00e0 la m\u00eame adresse pour pouvoir b\u00e9n\u00e9ficier d&rsquo;une adh\u00e9sion familiale.<\/li>\n<li>Les adultes qui atteignent l&rsquo;\u00e2ge de 21 ans ne peuvent plus b\u00e9n\u00e9ficier de l&rsquo;abonnement familial de leurs parents.<\/li>\n<\/ul>\n<p>[\/et_pb_text][\/et_pb_column][\/et_pb_row][\/et_pb_section]<\/p>\n","protected":false},"excerpt":{"rendered":"<p>Tarifs d&rsquo;adh\u00e9sion au karat\u00e9 Nous avons fix\u00e9 des tarifs mensuels tr\u00e8s comp\u00e9titifs, ce qui vous permet d&rsquo;apprendre un art martial japonais traditionnel \u00e0 un prix abordable, qui vous maintiendra non seulement en bonne forme physique mais aussi mentale. Nous avons des options pour les individus et les familles. N&rsquo;h\u00e9sitez pas \u00e0 \u00e0 nous contacter pour [&hellip;]<\/p>\n","protected":false},"author":8,"featured_media":0,"parent":0,"menu_order":40,"comment_status":"closed","ping_status":"closed","template":"","meta":{"_et_pb_use_builder":"on","_et_pb_old_content":"","_et_gb_content_width":"","footnotes":""},"class_list":["post-8988","page","type-page","status-publish","hentry"],"_links":{"self":[{"href":"https:\/\/www.danburykarateschool.com\/fr\/wp-json\/wp\/v2\/pages\/8988","targetHints":{"allow":["GET"]}}],"collection":[{"href":"https:\/\/www.danburykarateschool.com\/fr\/wp-json\/wp\/v2\/pages"}],"about":[{"href":"https:\/\/www.danburykarateschool.com\/fr\/wp-json\/wp\/v2\/types\/page"}],"author":[{"embeddable":true,"href":"https:\/\/www.danburykarateschool.com\/fr\/wp-json\/wp\/v2\/users\/8"}],"replies":[{"embeddable":true,"href":"https:\/\/www.danburykarateschool.com\/fr\/wp-json\/wp\/v2\/comments?post=8988"}],"version-history":[{"count":5,"href":"https:\/\/www.danburykarateschool.com\/fr\/wp-json\/wp\/v2\/pages\/8988\/revisions"}],"predecessor-version":[{"id":9630,"href":"https:\/\/www.danburykarateschool.com\/fr\/wp-json\/wp\/v2\/pages\/8988\/revisions\/9630"}],"wp:attachment":[{"href":"https:\/\/www.danburykarateschool.com\/fr\/wp-json\/wp\/v2\/media?parent=8988"}],"curies":[{"name":"wp","href":"https:\/\/api.w.org\/{rel}","templated":true}]}}