{"id":8985,"date":"2024-02-13T09:13:13","date_gmt":"2024-02-13T14:13:13","guid":{"rendered":"https:\/\/www.danburykarateschool.com\/2024-2\/"},"modified":"2024-10-17T10:39:16","modified_gmt":"2024-10-17T14:39:16","slug":"2024-2","status":"publish","type":"page","link":"https:\/\/www.danburykarateschool.com\/fr\/2024-2\/","title":{"rendered":"2024"},"content":{"rendered":"<p>[et_pb_section fb_built=\u00a0\u00bb1&Prime; admin_label=\u00a0\u00bbsection\u00a0\u00bb _builder_version=\u00a0\u00bb4.16&Prime; global_colors_info=\u00a0\u00bb{}\u00a0\u00bb][et_pb_row admin_label=\u00a0\u00bbrang\u00e9e\u00a0\u00bb _builder_version=\u00a0\u00bb4.16&Prime; background_size=\u00a0\u00bbinitial\u00a0\u00bb background_position=\u00a0\u00bbtop_left\u00a0\u00bb background_repeat=\u00a0\u00bbrepeat\u00a0\u00bb global_colors_info=\u00a0\u00bb{}\u00a0\u00bb][et_pb_column type=\u00a0\u00bb4_4&Prime; _builder_version=\u00a0\u00bb4.16&Prime; custom_padding=\u00a0\u00bb|||\u00a0\u00bb global_colors_info=\u00a0\u00bb{}\u00a0\u00bb custom_padding__hover=\u00a0\u00bb|||\u00a0\u00bb][et_pb_text admin_label=\u00a0\u00bbText\u00a0\u00bb _builder_version=\u00a0\u00bb4.20.0&Prime; _module_preset=\u00a0\u00bbdefault\u00a0\u00bb global_colors_info=\u00a0\u00bb{}\u00a0\u00bb]<\/p>\n<h1 style=\"text-align: center;\">\u00c9tudiants du mois (2024)<\/h1>\n<p>[\/et_pb_text][\/et_pb_column][\/et_pb_row][et_pb_row admin_label=\u00a0\u00bbrang\u00e9e\u00a0\u00bb _builder_version=\u00a0\u00bb4.16&Prime; background_size=\u00a0\u00bbinitial\u00a0\u00bb background_position=\u00a0\u00bbtop_left\u00a0\u00bb background_repeat=\u00a0\u00bbrepeat\u00a0\u00bb global_colors_info=\u00a0\u00bb{}\u00a0\u00bb][et_pb_column type=\u00a0\u00bb4_4&Prime; admin_label=\u00a0\u00bbColonne\u00a0\u00bb _builder_version=\u00a0\u00bb4.16&Prime; custom_padding=\u00a0\u00bb|||\u00a0\u00bb global_colors_info=\u00a0\u00bb{}\u00a0\u00bb custom_padding__hover=\u00a0\u00bb|||\u00a0\u00bb][et_pb_text admin_label=\u00a0\u00bbText\u00a0\u00bb _builder_version=\u00a0\u00bb4.25.1&Prime; _module_preset=\u00a0\u00bbdefault\u00a0\u00bb global_colors_info=\u00a0\u00bb{}\u00a0\u00bb]<\/p>\n<h2 style=\"text-align: center;\">Avril<\/h2>\n<p>[\/et_pb_text][\/et_pb_column][\/et_pb_row][et_pb_row column_structure=\u00a0\u00bb1_3,1_3,1_3&Prime; admin_label=\u00a0\u00bbRang\u00e9e\u00a0\u00bb _builder_version=\u00a0\u00bb4.20.0&Prime; _module_preset=\u00a0\u00bbdefault\u00a0\u00bb global_colors_info=\u00a0\u00bb{}\u00a0\u00bb][et_pb_column type=\u00a0\u00bb1_3&Prime; _builder_version=\u00a0\u00bb4.20.0&Prime; _module_preset=\u00a0\u00bbdefault\u00a0\u00bb global_colors_info=\u00a0\u00bb{}\u00a0\u00bb][et_pb_image src=\u00a0\u00bbhttps:\/\/www.danburykarateschool.com\/wp-content\/uploads\/2024\/05\/Kanreikai-Karate-of-Connecticut-Students-of-the-Month-April-2024-1.jpg\u00a0\u00bb alt=\u00a0\u00bbKanreikai Karate of Connecticut \u00c9tudiants du mois d&#039;avril 2024 (1)\u00a0\u00bb title_text=\u00a0\u00bbKanreikai Karate of Connecticut \u00c9tudiants du mois d&#039;avril 2024 (1)\u00a0\u00bb _builder_version=\u00a0\u00bb4.25.1&Prime; _module_preset=\u00a0\u00bbdefault\u00a0\u00bb global_colors_info=\u00a0\u00bb{}\u00a0\u00bb][\/et_pb_image][et_pb_text _builder_version=\u00a0\u00bb4.25.1&Prime; _module_preset=\u00a0\u00bbdefault\u00a0\u00bb global_colors_info=\u00a0\u00bb{}\u00a0\u00bb]<\/p>\n<p style=\"text-align: center;\"><strong>Cat\u00e9gorie Karat\u00e9 Pr\u00e9-Adolescents : <span style=\"color: #ff0000;\">Coraline Kazlauskas<\/span><\/strong><\/p>\n<p>[\/et_pb_text][\/et_pb_column][et_pb_column type=\u00a0\u00bb1_3&Prime; _builder_version=\u00a0\u00bb4.20.0&Prime; _module_preset=\u00a0\u00bbdefault\u00a0\u00bb global_colors_info=\u00a0\u00bb{}\u00a0\u00bb][et_pb_image src=\u00a0\u00bbhttps:\/\/www.danburykarateschool.com\/wp-content\/uploads\/2024\/05\/Kanreikai-Karate-of-Connecticut-Students-of-the-Month-April-2024-3.jpg\u00a0\u00bb alt=\u00a0\u00bbKanreikai Karate of Connecticut \u00c9tudiants du mois d&#039;avril 2024 (3)\u00a0\u00bb title_text=\u00a0\u00bbKanreikai Karate of Connecticut \u00c9tudiants du mois d&#039;avril 2024 (3)\u00a0\u00bb _builder_version=\u00a0\u00bb4.25.1&Prime; _module_preset=\u00a0\u00bbdefault\u00a0\u00bb global_colors_info=\u00a0\u00bb{}\u00a0\u00bb][\/et_pb_image][et_pb_text _builder_version=\u00a0\u00bb4.25.1&Prime; _module_preset=\u00a0\u00bbdefault\u00a0\u00bb global_colors_info=\u00a0\u00bb{}\u00a0\u00bb]<\/p>\n<p style=\"text-align: center;\"><strong>Cat\u00e9gorie Karat\u00e9 Pr\u00e9-Adolescents : <span style=\"color: #ff0000;\">Genesis Castro<\/span><\/strong><\/p>\n<p>[\/et_pb_text][\/et_pb_column][et_pb_column type=\u00a0\u00bb1_3&Prime; _builder_version=\u00a0\u00bb4.20.0&Prime; _module_preset=\u00a0\u00bbdefault\u00a0\u00bb global_colors_info=\u00a0\u00bb{}\u00a0\u00bb][et_pb_image src=\u00a0\u00bbhttps:\/\/www.danburykarateschool.com\/wp-content\/uploads\/2024\/05\/Kanreikai-Karate-of-Connecticut-Students-of-the-Month-April-2024-2.jpg\u00a0\u00bb alt=\u00a0\u00bbKanreikai Karate of Connecticut \u00c9tudiants du mois d&#039;avril 2024 (2)\u00a0\u00bb title_text=\u00a0\u00bbKanreikai Karate of Connecticut \u00c9tudiants du mois d&#039;avril 2024 (2)\u00a0\u00bb _builder_version=\u00a0\u00bb4.25.1&Prime; _module_preset=\u00a0\u00bbdefault\u00a0\u00bb global_colors_info=\u00a0\u00bb{}\u00a0\u00bb][\/et_pb_image][et_pb_text _builder_version=\u00a0\u00bb4.25.1&Prime; _module_preset=\u00a0\u00bbdefault\u00a0\u00bb hover_enabled=\u00a0\u00bb0&Prime; global_colors_info=\u00a0\u00bb{}\u00a0\u00bb sticky_enabled=\u00a0\u00bb0&Prime;]<\/p>\n<p style=\"text-align: center;\"><strong>Cat\u00e9gorie Karat\u00e9 Adulte : <span style=\"color: #ff0000;\">Philip A. Case<\/span><\/strong><\/p>\n<p>[\/et_pb_text][\/et_pb_column][\/et_pb_row][et_pb_row admin_label=\u00a0\u00bbrang\u00e9e\u00a0\u00bb _builder_version=\u00a0\u00bb4.16&Prime; background_size=\u00a0\u00bbinitial\u00a0\u00bb background_position=\u00a0\u00bbtop_left\u00a0\u00bb background_repeat=\u00a0\u00bbrepeat\u00a0\u00bb global_colors_info=\u00a0\u00bb{}\u00a0\u00bb][et_pb_column type=\u00a0\u00bb4_4&Prime; admin_label=\u00a0\u00bbColonne\u00a0\u00bb _builder_version=\u00a0\u00bb4.16&Prime; custom_padding=\u00a0\u00bb|||\u00a0\u00bb global_colors_info=\u00a0\u00bb{}\u00a0\u00bb custom_padding__hover=\u00a0\u00bb|||\u00a0\u00bb][et_pb_text admin_label=\u00a0\u00bbText\u00a0\u00bb _builder_version=\u00a0\u00bb4.24.3&Prime; _module_preset=\u00a0\u00bbdefault\u00a0\u00bb global_colors_info=\u00a0\u00bb{}\u00a0\u00bb]<\/p>\n<h2 style=\"text-align: center;\">Mars<\/h2>\n<p>[\/et_pb_text][\/et_pb_column][\/et_pb_row][et_pb_row column_structure=\u00a0\u00bb1_3,1_3,1_3&Prime; admin_label=\u00a0\u00bbRang\u00e9e\u00a0\u00bb _builder_version=\u00a0\u00bb4.20.0&Prime; _module_preset=\u00a0\u00bbdefault\u00a0\u00bb global_colors_info=\u00a0\u00bb{}\u00a0\u00bb][et_pb_column type=\u00a0\u00bb1_3&Prime; _builder_version=\u00a0\u00bb4.20.0&Prime; _module_preset=\u00a0\u00bbdefault\u00a0\u00bb global_colors_info=\u00a0\u00bb{}\u00a0\u00bb][et_pb_image src=\u00a0\u00bbhttps:\/\/www.danburykarateschool.com\/wp-content\/uploads\/2024\/04\/Kanreikai-Karate-of-Connecticut-Students-of-the-Month-March-2024-3.webp\u00a0\u00bb alt=\u00a0\u00bbKanreikai Karate of Connecticut \u00c9tudiants du mois de mars 2024 (3)\u00a0\u00bb title_text=\u00a0\u00bbKanreikai Karate of Connecticut \u00c9tudiants du mois de mars 2024 (3)\u00a0\u00bb _builder_version=\u00a0\u00bb4.24.3&Prime; _module_preset=\u00a0\u00bbdefault\u00a0\u00bb global_colors_info=\u00a0\u00bb{}\u00a0\u00bb][\/et_pb_image][et_pb_text _builder_version=\u00a0\u00bb4.24.3&Prime; _module_preset=\u00a0\u00bbdefault\u00a0\u00bb global_colors_info=\u00a0\u00bb{}\u00a0\u00bb]<\/p>\n<p style=\"text-align: center;\"><strong>Cat\u00e9gorie Kids Karate : <span style=\"color: #ff0000;\">Jax Boa<\/span><\/strong><\/p>\n<p>[\/et_pb_text][\/et_pb_column][et_pb_column type=\u00a0\u00bb1_3&Prime; _builder_version=\u00a0\u00bb4.20.0&Prime; _module_preset=\u00a0\u00bbdefault\u00a0\u00bb global_colors_info=\u00a0\u00bb{}\u00a0\u00bb][et_pb_image src=\u00a0\u00bbhttps:\/\/www.danburykarateschool.com\/wp-content\/uploads\/2024\/04\/Kanreikai-Karate-of-Connecticut-Students-of-the-Month-March-2024-1.webp\u00a0\u00bb alt=\u00a0\u00bbKanreikai Karate of Connecticut \u00c9tudiants du mois de mars 2024 (1)\u00a0\u00bb title_text=\u00a0\u00bbKanreikai Karate of Connecticut \u00c9tudiants du mois de mars 2024 (1)\u00a0\u00bb _builder_version=\u00a0\u00bb4.24.3&Prime; _module_preset=\u00a0\u00bbdefault\u00a0\u00bb global_colors_info=\u00a0\u00bb{}\u00a0\u00bb][\/et_pb_image][et_pb_text _builder_version=\u00a0\u00bb4.24.3&Prime; _module_preset=\u00a0\u00bbdefault\u00a0\u00bb global_colors_info=\u00a0\u00bb{}\u00a0\u00bb]<\/p>\n<p style=\"text-align: center;\"><strong>Cat\u00e9gorie Karat\u00e9 Pr\u00e9-Adolescents : <span style=\"color: #ff0000;\">Nyla Meelar<\/span><\/strong><\/p>\n<p>[\/et_pb_text][\/et_pb_column][et_pb_column type=\u00a0\u00bb1_3&Prime; _builder_version=\u00a0\u00bb4.20.0&Prime; _module_preset=\u00a0\u00bbdefault\u00a0\u00bb global_colors_info=\u00a0\u00bb{}\u00a0\u00bb][et_pb_image src=\u00a0\u00bbhttps:\/\/www.danburykarateschool.com\/wp-content\/uploads\/2024\/04\/Kanreikai-Karate-of-Connecticut-Students-of-the-Month-March-2024-2.webp\u00a0\u00bb alt=\u00a0\u00bbKanreikai Karate of Connecticut \u00c9tudiants du mois de mars 2024 (2)\u00a0\u00bb title_text=\u00a0\u00bbKanreikai Karate of Connecticut \u00c9tudiants du mois de mars 2024 (2)\u00a0\u00bb _builder_version=\u00a0\u00bb4.24.3&Prime; _module_preset=\u00a0\u00bbdefault\u00a0\u00bb global_colors_info=\u00a0\u00bb{}\u00a0\u00bb][\/et_pb_image][et_pb_text _builder_version=\u00a0\u00bb4.24.3&Prime; _module_preset=\u00a0\u00bbdefault\u00a0\u00bb global_colors_info=\u00a0\u00bb{}\u00a0\u00bb]<\/p>\n<p style=\"text-align: center;\"><strong>Cat\u00e9gorie Karat\u00e9 Pr\u00e9-Adolescents : <span style=\"color: #ff0000;\">Hamna Anu<\/span><\/strong><\/p>\n<p>[\/et_pb_text][\/et_pb_column][\/et_pb_row][et_pb_row admin_label=\u00a0\u00bbrang\u00e9e\u00a0\u00bb _builder_version=\u00a0\u00bb4.16&Prime; background_size=\u00a0\u00bbinitial\u00a0\u00bb background_position=\u00a0\u00bbtop_left\u00a0\u00bb background_repeat=\u00a0\u00bbrepeat\u00a0\u00bb global_colors_info=\u00a0\u00bb{}\u00a0\u00bb][et_pb_column type=\u00a0\u00bb4_4&Prime; admin_label=\u00a0\u00bbColonne\u00a0\u00bb _builder_version=\u00a0\u00bb4.16&Prime; custom_padding=\u00a0\u00bb|||\u00a0\u00bb global_colors_info=\u00a0\u00bb{}\u00a0\u00bb custom_padding__hover=\u00a0\u00bb|||\u00a0\u00bb][et_pb_text admin_label=\u00a0\u00bbText\u00a0\u00bb _builder_version=\u00a0\u00bb4.24.2&Prime; _module_preset=\u00a0\u00bbdefault\u00a0\u00bb global_colors_info=\u00a0\u00bb{}\u00a0\u00bb]<\/p>\n<h2 style=\"text-align: center;\">F\u00e9vrier<\/h2>\n<p>[\/et_pb_text][\/et_pb_column][\/et_pb_row][et_pb_row column_structure=\u00a0\u00bb1_3,1_3,1_3&Prime; admin_label=\u00a0\u00bbRang\u00e9e\u00a0\u00bb _builder_version=\u00a0\u00bb4.20.0&Prime; _module_preset=\u00a0\u00bbdefault\u00a0\u00bb global_colors_info=\u00a0\u00bb{}\u00a0\u00bb][et_pb_column type=\u00a0\u00bb1_3&Prime; _builder_version=\u00a0\u00bb4.20.0&Prime; _module_preset=\u00a0\u00bbdefault\u00a0\u00bb global_colors_info=\u00a0\u00bb{}\u00a0\u00bb][et_pb_image src=\u00a0\u00bbhttps:\/\/www.danburykarateschool.com\/wp-content\/uploads\/2024\/03\/Kanreikai-Karate-of-Connecticut-Students-of-the-Month-February-2024-3.jpg\u00a0\u00bb alt=\u00a0\u00bbKanreikai Karate of Connecticut \u00c9tudiants du mois de f\u00e9vrier 2024 (3)\u00a0\u00bb title_text=\u00a0\u00bbKanreikai Karate of Connecticut \u00c9tudiants du mois de f\u00e9vrier 2024 (3)\u00a0\u00bb _builder_version=\u00a0\u00bb4.24.2&Prime; _module_preset=\u00a0\u00bbdefault\u00a0\u00bb global_colors_info=\u00a0\u00bb{}\u00a0\u00bb][\/et_pb_image][et_pb_text _builder_version=\u00a0\u00bb4.24.2&Prime; _module_preset=\u00a0\u00bbdefault\u00a0\u00bb global_colors_info=\u00a0\u00bb{}\u00a0\u00bb]<\/p>\n<p style=\"text-align: center;\"><strong>Cat\u00e9gorie Karat\u00e9 Pr\u00e9-Adolescents : <span style=\"color: #ff0000;\">Daniel Marin<\/span><\/strong><\/p>\n<p>[\/et_pb_text][\/et_pb_column][et_pb_column type=\u00a0\u00bb1_3&Prime; _builder_version=\u00a0\u00bb4.20.0&Prime; _module_preset=\u00a0\u00bbdefault\u00a0\u00bb global_colors_info=\u00a0\u00bb{}\u00a0\u00bb][et_pb_image src=\u00a0\u00bbhttps:\/\/www.danburykarateschool.com\/wp-content\/uploads\/2024\/03\/Kanreikai-Karate-of-Connecticut-Students-of-the-Month-February-2024-1.jpg\u00a0\u00bb alt=\u00a0\u00bbKanreikai Karate of Connecticut \u00c9tudiants du mois de f\u00e9vrier 2024 (1)\u00a0\u00bb title_text=\u00a0\u00bbKanreikai Karate of Connecticut \u00c9tudiants du mois de f\u00e9vrier 2024 (1)\u00a0\u00bb _builder_version=\u00a0\u00bb4.24.2&Prime; _module_preset=\u00a0\u00bbdefault\u00a0\u00bb global_colors_info=\u00a0\u00bb{}\u00a0\u00bb][\/et_pb_image][et_pb_text _builder_version=\u00a0\u00bb4.24.2&Prime; _module_preset=\u00a0\u00bbdefault\u00a0\u00bb global_colors_info=\u00a0\u00bb{}\u00a0\u00bb]<\/p>\n<p style=\"text-align: center;\"><strong>Cat\u00e9gorie Karat\u00e9 Pr\u00e9-Adolescents : <span style=\"color: #ff0000;\">Mia Velez<\/span><\/strong><\/p>\n<p>[\/et_pb_text][\/et_pb_column][et_pb_column type=\u00a0\u00bb1_3&Prime; _builder_version=\u00a0\u00bb4.20.0&Prime; _module_preset=\u00a0\u00bbdefault\u00a0\u00bb global_colors_info=\u00a0\u00bb{}\u00a0\u00bb][et_pb_image src=\u00a0\u00bbhttps:\/\/www.danburykarateschool.com\/wp-content\/uploads\/2024\/03\/Kanreikai-Karate-of-Connecticut-Students-of-the-Month-February-2024-2.jpg\u00a0\u00bb alt=\u00a0\u00bbKanreikai Karate of Connecticut \u00c9tudiants du mois de f\u00e9vrier 2024 (2)\u00a0\u00bb title_text=\u00a0\u00bbKanreikai Karate of Connecticut \u00c9tudiants du mois de f\u00e9vrier 2024 (2)\u00a0\u00bb _builder_version=\u00a0\u00bb4.24.2&Prime; _module_preset=\u00a0\u00bbdefault\u00a0\u00bb global_colors_info=\u00a0\u00bb{}\u00a0\u00bb][\/et_pb_image][et_pb_text _builder_version=\u00a0\u00bb4.24.2&Prime; _module_preset=\u00a0\u00bbdefault\u00a0\u00bb global_colors_info=\u00a0\u00bb{}\u00a0\u00bb]<\/p>\n<p style=\"text-align: center;\"><strong>Cat\u00e9gorie Karat\u00e9 Pr\u00e9-Adolescents : <span style=\"color: #ff0000;\">Filpe DeSousa<\/span><\/strong><\/p>\n<p>[\/et_pb_text][\/et_pb_column][\/et_pb_row][et_pb_row admin_label=\u00a0\u00bbrang\u00e9e\u00a0\u00bb _builder_version=\u00a0\u00bb4.16&Prime; background_size=\u00a0\u00bbinitial\u00a0\u00bb background_position=\u00a0\u00bbtop_left\u00a0\u00bb background_repeat=\u00a0\u00bbrepeat\u00a0\u00bb global_colors_info=\u00a0\u00bb{}\u00a0\u00bb][et_pb_column type=\u00a0\u00bb4_4&Prime; admin_label=\u00a0\u00bbColonne\u00a0\u00bb _builder_version=\u00a0\u00bb4.16&Prime; custom_padding=\u00a0\u00bb|||\u00a0\u00bb global_colors_info=\u00a0\u00bb{}\u00a0\u00bb custom_padding__hover=\u00a0\u00bb|||\u00a0\u00bb][et_pb_text admin_label=\u00a0\u00bbText\u00a0\u00bb _builder_version=\u00a0\u00bb4.20.0&Prime; _module_preset=\u00a0\u00bbdefault\u00a0\u00bb global_colors_info=\u00a0\u00bb{}\u00a0\u00bb]<\/p>\n<h2 style=\"text-align: center;\">Janvier<\/h2>\n<p>[\/et_pb_text][\/et_pb_column][\/et_pb_row][et_pb_row column_structure=\u00a0\u00bb1_3,1_3,1_3&Prime; admin_label=\u00a0\u00bbRang\u00e9e\u00a0\u00bb _builder_version=\u00a0\u00bb4.20.0&Prime; _module_preset=\u00a0\u00bbdefault\u00a0\u00bb global_colors_info=\u00a0\u00bb{}\u00a0\u00bb][et_pb_column type=\u00a0\u00bb1_3&Prime; _builder_version=\u00a0\u00bb4.20.0&Prime; _module_preset=\u00a0\u00bbdefault\u00a0\u00bb global_colors_info=\u00a0\u00bb{}\u00a0\u00bb][et_pb_image src=\u00a0\u00bbhttps:\/\/www.danburykarateschool.com\/wp-content\/uploads\/2024\/02\/Kanreikai-Karate-of-Connecticut-Students-of-the-Month-January-2024-2.jpg\u00a0\u00bb alt=\u00a0\u00bbKanreikai Karate of Connecticut \u00c9tudiants du mois de janvier 2024 (2)\u00a0\u00bb title_text=\u00a0\u00bbKanreikai Karate of Connecticut \u00c9tudiants du mois de janvier 2024 (2)\u00a0\u00bb _builder_version=\u00a0\u00bb4.24.0&Prime; _module_preset=\u00a0\u00bbdefault\u00a0\u00bb global_colors_info=\u00a0\u00bb{}\u00a0\u00bb][\/et_pb_image][et_pb_text _builder_version=\u00a0\u00bb4.24.0&Prime; _module_preset=\u00a0\u00bbdefault\u00a0\u00bb global_colors_info=\u00a0\u00bb{}\u00a0\u00bb]<\/p>\n<p style=\"text-align: center;\"><strong>Cat\u00e9gorie Karat\u00e9 Pr\u00e9-Adolescents : <span style=\"color: #ff0000;\">Carlos Ochoa<\/span><\/strong><\/p>\n<p>[\/et_pb_text][\/et_pb_column][et_pb_column type=\u00a0\u00bb1_3&Prime; _builder_version=\u00a0\u00bb4.20.0&Prime; _module_preset=\u00a0\u00bbdefault\u00a0\u00bb global_colors_info=\u00a0\u00bb{}\u00a0\u00bb][et_pb_image src=\u00a0\u00bbhttps:\/\/www.danburykarateschool.com\/wp-content\/uploads\/2024\/02\/Kanreikai-Karate-of-Connecticut-Students-of-the-Month-January-2024-1.jpg\u00a0\u00bb alt=\u00a0\u00bbKanreikai Karate of Connecticut \u00c9tudiants du mois de janvier 2024 (1)\u00a0\u00bb title_text=\u00a0\u00bbKanreikai Karate of Connecticut \u00c9tudiants du mois de janvier 2024 (1)\u00a0\u00bb _builder_version=\u00a0\u00bb4.24.0&Prime; _module_preset=\u00a0\u00bbdefault\u00a0\u00bb global_colors_info=\u00a0\u00bb{}\u00a0\u00bb][\/et_pb_image][et_pb_text _builder_version=\u00a0\u00bb4.24.0&Prime; _module_preset=\u00a0\u00bbdefault\u00a0\u00bb global_colors_info=\u00a0\u00bb{}\u00a0\u00bb]<\/p>\n<p style=\"text-align: center;\"><strong>Cat\u00e9gorie Karat\u00e9 Pr\u00e9-Adolescents : <span style=\"color: #ff0000;\">Daniel Ochoa<\/span><\/strong><\/p>\n<p>[\/et_pb_text][\/et_pb_column][et_pb_column type=\u00a0\u00bb1_3&Prime; _builder_version=\u00a0\u00bb4.20.0&Prime; _module_preset=\u00a0\u00bbdefault\u00a0\u00bb global_colors_info=\u00a0\u00bb{}\u00a0\u00bb][et_pb_image src=\u00a0\u00bbhttps:\/\/www.danburykarateschool.com\/wp-content\/uploads\/2024\/02\/Kanreikai-Karate-of-Connecticut-Students-of-the-Month-January-2024-1.jpeg\u00a0\u00bb alt=\u00a0\u00bbKanreikai Karate of Connecticut \u00c9tudiants du mois de janvier 2024 (1)\u00a0\u00bb title_text=\u00a0\u00bbKanreikai Karate of Connecticut \u00c9tudiants du mois de janvier 2024 (1)\u00a0\u00bb _builder_version=\u00a0\u00bb4.24.0&Prime; _module_preset=\u00a0\u00bbdefault\u00a0\u00bb global_colors_info=\u00a0\u00bb{}\u00a0\u00bb][\/et_pb_image][et_pb_text _builder_version=\u00a0\u00bb4.24.0&Prime; _module_preset=\u00a0\u00bbdefault\u00a0\u00bb global_colors_info=\u00a0\u00bb{}\u00a0\u00bb]<\/p>\n<p style=\"text-align: center;\"><strong>Cat\u00e9gorie Karat\u00e9 Adulte : <span style=\"color: #ff0000;\">Grant Kettner<\/span><\/strong><\/p>\n<p>[\/et_pb_text][\/et_pb_column][\/et_pb_row][\/et_pb_section]<\/p>\n","protected":false},"excerpt":{"rendered":"<p>\u00c9tudiants du mois (2024) AvrilCat\u00e9gorie Karat\u00e9 Pr\u00e9-Adolescents : Coraline KazlauskasCat\u00e9gorie Karat\u00e9 Pr\u00e9-Adolescents : Genesis CastroCat\u00e9gorie Karat\u00e9 Adulte : Philip A. CaseMarsCat\u00e9gorie Kids Karate : Jax BoaCat\u00e9gorie Karat\u00e9 Pr\u00e9-Adolescents : Nyla MeelarCat\u00e9gorie Karat\u00e9 Pr\u00e9-Adolescents : Hamna AnuF\u00e9vrierCat\u00e9gorie Karat\u00e9 Pr\u00e9-Adolescents : Daniel MarinCat\u00e9gorie Karat\u00e9 Pr\u00e9-Adolescents : Mia VelezCat\u00e9gorie Karat\u00e9 Pr\u00e9-Adolescents : Filpe DeSousaJanvier Cat\u00e9gorie Karat\u00e9 Pr\u00e9-Adolescents : [&hellip;]<\/p>\n","protected":false},"author":9,"featured_media":0,"parent":0,"menu_order":0,"comment_status":"closed","ping_status":"closed","template":"","meta":{"_et_pb_use_builder":"on","_et_pb_old_content":"","_et_gb_content_width":"","footnotes":""},"class_list":["post-8985","page","type-page","status-publish","hentry"],"_links":{"self":[{"href":"https:\/\/www.danburykarateschool.com\/fr\/wp-json\/wp\/v2\/pages\/8985","targetHints":{"allow":["GET"]}}],"collection":[{"href":"https:\/\/www.danburykarateschool.com\/fr\/wp-json\/wp\/v2\/pages"}],"about":[{"href":"https:\/\/www.danburykarateschool.com\/fr\/wp-json\/wp\/v2\/types\/page"}],"author":[{"embeddable":true,"href":"https:\/\/www.danburykarateschool.com\/fr\/wp-json\/wp\/v2\/users\/9"}],"replies":[{"embeddable":true,"href":"https:\/\/www.danburykarateschool.com\/fr\/wp-json\/wp\/v2\/comments?post=8985"}],"version-history":[{"count":2,"href":"https:\/\/www.danburykarateschool.com\/fr\/wp-json\/wp\/v2\/pages\/8985\/revisions"}],"predecessor-version":[{"id":8987,"href":"https:\/\/www.danburykarateschool.com\/fr\/wp-json\/wp\/v2\/pages\/8985\/revisions\/8987"}],"wp:attachment":[{"href":"https:\/\/www.danburykarateschool.com\/fr\/wp-json\/wp\/v2\/media?parent=8985"}],"curies":[{"name":"wp","href":"https:\/\/api.w.org\/{rel}","templated":true}]}}