{"id":8968,"date":"2020-11-23T16:47:39","date_gmt":"2020-11-23T21:47:39","guid":{"rendered":"https:\/\/www.danburykarateschool.com\/notre-grand-maitre\/"},"modified":"2024-10-17T10:41:38","modified_gmt":"2024-10-17T14:41:38","slug":"notre-grand-maitre","status":"publish","type":"page","link":"https:\/\/www.danburykarateschool.com\/fr\/notre-ecole-de-karate\/notre-grand-maitre\/","title":{"rendered":"Notre Grand Ma\u00eetre"},"content":{"rendered":"<p>[et_pb_section fb_built=\u00a0\u00bb1&Prime; _builder_version=\u00a0\u00bb4.6.3&Prime; custom_padding=\u00a0\u00bb30px||||false|false\u00a0\u00bb global_colors_info=\u00a0\u00bb{}\u00a0\u00bb][et_pb_row _builder_version=\u00a0\u00bb4.6.3&Prime; global_colors_info=\u00a0\u00bb{}\u00a0\u00bb][et_pb_column type=\u00a0\u00bb4_4&Prime; _builder_version=\u00a0\u00bb3.25&Prime; custom_padding=\u00a0\u00bb|||\u00a0\u00bb global_colors_info=\u00a0\u00bb{}\u00a0\u00bb custom_padding__hover=\u00a0\u00bb|||\u00a0\u00bb][et_pb_post_title meta=\u00a0\u00bboff\u00a0\u00bb featured_image=\u00a0\u00bboff\u00a0\u00bb text_color=\u00a0\u00bblight\u00a0\u00bb module_class=\u00a0\u00bbpost-title-class\u00a0\u00bb _builder_version=\u00a0\u00bb4.14.2&Prime; title_font=\u00a0\u00bb|700|||||||\u00a0\u00bb title_text_align=\u00a0\u00bbleft\u00a0\u00bb title_text_color=\u00a0\u00bb#000000&Prime; title_font_size=\u00a0\u00bb36px\u00a0\u00bb hover_enabled=\u00a0\u00bb0&Prime; global_colors_info=\u00a0\u00bb{}\u00a0\u00bb title=\u00a0\u00bboff\u00a0\u00bb sticky_enabled=\u00a0\u00bb0&Prime;][\/et_pb_post_title][et_pb_text _builder_version=\u00a0\u00bb4.14.2&Prime; _module_preset=\u00a0\u00bbdefault\u00a0\u00bb hover_enabled=\u00a0\u00bb0&Prime; sticky_enabled=\u00a0\u00bb0&Prime;]<\/p>\n<h1>Notre grand ma\u00eetre du karat\u00e9<\/h1>\n<p>[\/et_pb_text][\/et_pb_column][\/et_pb_row][et_pb_row column_structure=\u00a0\u00bb1_3,2_3&Prime; use_custom_gutter=\u00a0\u00bbon\u00a0\u00bb make_equal=\u00a0\u00bbon\u00a0\u00bb _builder_version=\u00a0\u00bb4.6.5&Prime; global_colors_info=\u00a0\u00bb{}\u00a0\u00bb][et_pb_column type=\u00a0\u00bb1_3&Prime; _builder_version=\u00a0\u00bb3.25&Prime; custom_padding=\u00a0\u00bb|||\u00a0\u00bb global_colors_info=\u00a0\u00bb{}\u00a0\u00bb custom_padding__hover=\u00a0\u00bb|||\u00a0\u00bb][et_pb_image src=\u00a0\u00bbhttps:\/\/www.danburykarateschool.com\/wp-content\/uploads\/2021\/04\/CTW-School-Master-2.jpg\u00a0\u00bb title_text=\u00a0\u00bbGrand Ma\u00eetre\u00a0\u00bb align_tablet=\u00a0\u00bbcenter\u00a0\u00bb align_phone=\u00a0\u00bb\u00a0\u00bb align_last_edited=\u00a0\u00bbon|desktop\u00a0\u00bb admin_label=\u00a0\u00bbImage-Master\u00a0\u00bb _builder_version=\u00a0\u00bb4.6.6&Prime; always_center_on_mobile=\u00a0\u00bbon\u00a0\u00bb global_colors_info=\u00a0\u00bb{}\u00a0\u00bb][\/et_pb_image][\/et_pb_column][et_pb_column type=\u00a0\u00bb2_3&Prime; _builder_version=\u00a0\u00bb4.6.3&Prime; background_color=\u00a0\u00bb#eaeaea\u00a0\u00bb custom_padding=\u00a0\u00bb|||\u00a0\u00bb global_colors_info=\u00a0\u00bb{}\u00a0\u00bb custom_padding__hover=\u00a0\u00bb|||\u00a0\u00bb][et_pb_text admin_label=\u00a0\u00bbBio &#8211; Hanshi Manny\u00a0\u00bb _builder_version=\u00a0\u00bb4.6.6&Prime; text_text_color=\u00a0\u00bb#000000&Prime; header_text_color=\u00a0\u00bb#000000&Prime; header_2_text_color=\u00a0\u00bb#000000&Prime; header_3_text_color=\u00a0\u00bb#000000&Prime; header_4_text_color=\u00a0\u00bb#000000&Prime; header_5_text_color=\u00a0\u00bb#000000&Prime; header_6_text_color=\u00a0\u00bb#000000&Prime; background_layout=\u00a0\u00bbdark\u00a0\u00bb custom_padding=\u00a0\u00bb20px|35px|35px|35px\u00a0\u00bb global_colors_info=\u00a0\u00bb{}\u00a0\u00bb]<\/p>\n<p style=\"text-align: center;\"><strong>HANSHI MANNY MATIAS,<sup>8\u00e8me<\/sup> DAN<\/strong><\/p>\n<p><strong>Hanshi Manny Matias,<sup>8\u00e8me<\/sup> dan<\/strong>, <strong>co-fondateur et Grand Ma\u00eetre de World Kanreikai Karate<\/strong>, entra\u00eene des \u00e9l\u00e8ves aux Etats-Unis et au Canada depuis 1971. Au cours des ann\u00e9es 1970 et 1980, Manny Matias a acquis une solide r\u00e9putation de combattant poids l\u00e9ger et de champion de knockdown dans toute l&rsquo;Am\u00e9rique du Nord. Depuis, il a form\u00e9 de nombreux champions pour des tournois internationaux de full contact. Il est tr\u00e8s appr\u00e9ci\u00e9 dans les cercles d&rsquo;arts martiaux du monde entier, \u00e0 la fois comme combattant et comme technicien du karat\u00e9 japonais. Outre les nombreuses r\u00e9compenses qu&rsquo;il a re\u00e7ues au cours de sa carri\u00e8re, Manny Matias a jou\u00e9 dans un film international sur les arts martiaux. Il a \u00e9t\u00e9 admis au Temple de la renomm\u00e9e des arts martiaux des \u00c9tats-Unis en 2003, o\u00f9 il a \u00e9t\u00e9 nomm\u00e9 \u00ab\u00a0Shihan de l&rsquo;ann\u00e9e en karat\u00e9 japonais\u00a0\u00bb, et en 2014, pour avoir obtenu le plus grand nombre d&rsquo;honneurs possibles, le \u00ab\u00a0Hall of Heroes &#8211; Karate Living Legacy \/ Pioneer Award\u00a0\u00bb pour ses ann\u00e9es de d\u00e9vouement aux arts martiaux. Au milieu des ann\u00e9es 1980, Manny a d\u00e9cid\u00e9 de suivre son ma\u00eetre, Soshu Shigeru Oyama, et a contribu\u00e9 \u00e0 la fondation et au d\u00e9veloppement de la World Oyama Karate Organization. Class\u00e9 4\u00e8me dans l&rsquo;organisation, il se retrouve \u00e0 la t\u00eate de milliers d&rsquo;\u00e9l\u00e8ves. Manny Matias a fid\u00e8lement suivi son ma\u00eetre jusqu&rsquo;\u00e0 ce que Soshu Shigeru Oyama ferme son dojo \u00e0 New York et se retire de la direction de l&rsquo;organisation en 2004. Par la suite, Hanshi Manny Matias, Sensei Robert Underhill, Shihan Denis Cordeiro et Shihan Shlomi Levy ont fond\u00e9 une nouvelle organisation appel\u00e9e \u00ab\u00a0World Kanreikai Karate\u00a0\u00bb. C&rsquo;est au sein de cette organisation qu&rsquo;il poursuit les enseignements des grands ma\u00eetres Mas Oyama et Shigeru Oyama.<\/p>\n<p>[\/et_pb_text][\/et_pb_column][\/et_pb_row][\/et_pb_section]<\/p>\n","protected":false},"excerpt":{"rendered":"<p>Notre grand ma\u00eetre du karat\u00e9 HANSHI MANNY MATIAS,8\u00e8me DAN Hanshi Manny Matias,8\u00e8me dan, co-fondateur et Grand Ma\u00eetre de World Kanreikai Karate, entra\u00eene des \u00e9l\u00e8ves aux Etats-Unis et au Canada depuis 1971. Au cours des ann\u00e9es 1970 et 1980, Manny Matias a acquis une solide r\u00e9putation de combattant poids l\u00e9ger et de champion de knockdown dans [&hellip;]<\/p>\n","protected":false},"author":8,"featured_media":0,"parent":9095,"menu_order":30,"comment_status":"closed","ping_status":"closed","template":"","meta":{"_et_pb_use_builder":"on","_et_pb_old_content":"","_et_gb_content_width":"","footnotes":""},"class_list":["post-8968","page","type-page","status-publish","hentry"],"_links":{"self":[{"href":"https:\/\/www.danburykarateschool.com\/fr\/wp-json\/wp\/v2\/pages\/8968","targetHints":{"allow":["GET"]}}],"collection":[{"href":"https:\/\/www.danburykarateschool.com\/fr\/wp-json\/wp\/v2\/pages"}],"about":[{"href":"https:\/\/www.danburykarateschool.com\/fr\/wp-json\/wp\/v2\/types\/page"}],"author":[{"embeddable":true,"href":"https:\/\/www.danburykarateschool.com\/fr\/wp-json\/wp\/v2\/users\/8"}],"replies":[{"embeddable":true,"href":"https:\/\/www.danburykarateschool.com\/fr\/wp-json\/wp\/v2\/comments?post=8968"}],"version-history":[{"count":2,"href":"https:\/\/www.danburykarateschool.com\/fr\/wp-json\/wp\/v2\/pages\/8968\/revisions"}],"predecessor-version":[{"id":8982,"href":"https:\/\/www.danburykarateschool.com\/fr\/wp-json\/wp\/v2\/pages\/8968\/revisions\/8982"}],"up":[{"embeddable":true,"href":"https:\/\/www.danburykarateschool.com\/fr\/wp-json\/wp\/v2\/pages\/9095"}],"wp:attachment":[{"href":"https:\/\/www.danburykarateschool.com\/fr\/wp-json\/wp\/v2\/media?parent=8968"}],"curies":[{"name":"wp","href":"https:\/\/api.w.org\/{rel}","templated":true}]}}