{"id":8755,"date":"2018-02-27T14:39:15","date_gmt":"2018-02-27T19:39:15","guid":{"rendered":"https:\/\/www.danburykarateschool.com\/tarifas-de-afiliacion\/"},"modified":"2025-01-01T23:35:30","modified_gmt":"2025-01-02T04:35:30","slug":"tarifas-de-afiliacion","status":"publish","type":"page","link":"https:\/\/www.danburykarateschool.com\/es\/tarifas-de-afiliacion\/","title":{"rendered":"Tarifas de afiliaci\u00f3n"},"content":{"rendered":"<p>[et_pb_section fb_built=\u00bb1&#8243; _builder_version=\u00bb4.16&#8243; custom_padding=\u00bb30px||||false|false\u00bb global_colors_info=\u00bb{}\u00bb][et_pb_row _builder_version=\u00bb4.16&#8243; global_colors_info=\u00bb{}\u00bb][et_pb_column type=\u00bb4_4&#8243; _builder_version=\u00bb4.16&#8243; custom_padding=\u00bb|||\u00bb global_colors_info=\u00bb{}\u00bb custom_padding__hover=\u00bb|||\u00bb][et_pb_post_title title=\u00bboff\u00bb meta=\u00bboff\u00bb featured_image=\u00bboff\u00bb text_color=\u00bblight\u00bb admin_label=\u00bbRates\u00bb module_class=\u00bbpost-title-class\u00bb _builder_version=\u00bb4.16&#8243; title_font=\u00bb|700|||||||\u00bb title_text_align=\u00bbleft\u00bb title_text_color=\u00bb#000000&#8243; title_font_size=\u00bb36px\u00bb global_colors_info=\u00bb{}\u00bb][\/et_pb_post_title][et_pb_text _builder_version=\u00bb4.16&#8243; _module_preset=\u00bbdefault\u00bb global_colors_info=\u00bb{}\u00bb]<\/p>\n<h1>Tarifas de afiliaci\u00f3n al k\u00e1rate<\/h1>\n<p>[\/et_pb_text][\/et_pb_column][\/et_pb_row][et_pb_row _builder_version=\u00bb4.16&#8243; _module_preset=\u00bbdefault\u00bb global_colors_info=\u00bb{}\u00bb][et_pb_column type=\u00bb4_4&#8243; _builder_version=\u00bb4.16&#8243; _module_preset=\u00bbdefault\u00bb global_colors_info=\u00bb{}\u00bb][et_pb_text admin_label=\u00bbIntro-Rates\u00bb _builder_version=\u00bb4.16&#8243; _module_preset=\u00bbdefault\u00bb global_colors_info=\u00bb{}\u00bb]Hemos fijado nuestras tarifas mensuales para que sean muy competitivas, abriendo la oportunidad de aprender un arte marcial tradicional japon\u00e9s a un precio asequible, que no s\u00f3lo te mantendr\u00e1 en forma f\u00edsicamente, sino tambi\u00e9n mentalmente.<br \/>\nTenemos opciones para individuos y familias.<br \/>\nNo dudes en <a href=\"\"><strong>contactar con nosotros<\/strong><\/a> para m\u00e1s informaci\u00f3n.<br \/>\n[\/et_pb_text][et_pb_text admin_label=\u00bbMembership\u00bb module_class=\u00bbabonnement-type\u00bb _builder_version=\u00bb4.27.0&#8243; text_text_color=\u00bb#000000&#8243; header_text_color=\u00bb#ffffff\u00bb header_font_size=\u00bb24px\u00bb header_2_text_color=\u00bb#000000&#8243; header_3_text_color=\u00bb#000000&#8243; header_4_text_color=\u00bb#000000&#8243; header_5_text_color=\u00bb#000000&#8243; header_6_text_color=\u00bb#000000&#8243; background_color=\u00bb#000000&#8243; custom_padding=\u00bb10px|||10px\u00bb border_color_bottom=\u00bb#ee3227&#8243; global_colors_info=\u00bb{}\u00bb]<\/p>\n<h1 style=\"text-align: center;\">Prueba gratuita<\/h1>\n<div id=\"gtx-trans\" style=\"position: absolute; left: 255px; top: 64.4375px;\">\n<div class=\"gtx-trans-icon\"><\/div>\n<\/div>\n<p>[\/et_pb_text][et_pb_text admin_label=\u00bbFor 1 individual\u00bb _builder_version=\u00bb4.23.1&#8243; text_text_color=\u00bb#644538&#8243; background_color=\u00bb#EAEAEA\u00bb custom_padding=\u00bb10px|||\u00bb global_colors_info=\u00bb{}\u00bb]<\/p>\n<p style=\"text-align: center;\"><strong>1 semana de prueba gratuita &#8211; \u00a1Sin riesgos! <a href=\"https:\/\/danburykarateschool.sites.zenplanner.com\/sign-up-now.cfm\">Reg\u00edstrate ahora<\/a><\/strong><\/p>\n<p>[\/et_pb_text][et_pb_text admin_label=\u00bbMembership\u00bb module_class=\u00bbabonnement-type\u00bb _builder_version=\u00bb4.27.0&#8243; text_text_color=\u00bb#000000&#8243; header_text_color=\u00bb#ffffff\u00bb header_font_size=\u00bb24px\u00bb header_2_text_color=\u00bb#000000&#8243; header_3_text_color=\u00bb#000000&#8243; header_4_text_color=\u00bb#000000&#8243; header_5_text_color=\u00bb#000000&#8243; header_6_text_color=\u00bb#000000&#8243; background_color=\u00bb#000000&#8243; custom_padding=\u00bb10px|||10px\u00bb border_color_bottom=\u00bb#ee3227&#8243; global_colors_info=\u00bb{}\u00bb]<\/p>\n<h1 style=\"text-align: center;\">Afiliaci\u00f3n inicial<\/h1>\n<div id=\"gtx-trans\" style=\"position: absolute; left: 255px; top: 64.4375px;\">\n<div class=\"gtx-trans-icon\"><\/div>\n<\/div>\n<p>[\/et_pb_text][\/et_pb_column][\/et_pb_row][et_pb_row use_custom_gutter=\u00bbon\u00bb make_equal=\u00bbon\u00bb disabled_on=\u00bboff|off|off\u00bb _builder_version=\u00bb4.17.2&#8243; custom_padding=\u00bb10px||0px||false|false\u00bb global_colors_info=\u00bb{}\u00bb][et_pb_column type=\u00bb4_4&#8243; _builder_version=\u00bb4.16&#8243; background_color=\u00bb#eaeaea\u00bb custom_padding=\u00bb|||\u00bb global_colors_info=\u00bb{}\u00bb custom_padding__hover=\u00bb|||\u00bb][et_pb_text admin_label=\u00bbFor 1 individual\u00bb _builder_version=\u00bb4.23.1&#8243; text_text_color=\u00bb#644538&#8243; background_color=\u00bbrgba(0,0,0,0)\u00bb custom_padding=\u00bb10px|||\u00bb global_colors_info=\u00bb{}\u00bb]<\/p>\n<p style=\"text-align: center;\"><strong>39,95 $ + impuestos (Para el primer mes)<\/strong><br \/><strong>+ UNIFORME DE K\u00c1RATE GRATIS<\/strong><\/p>\n<p>[\/et_pb_text][\/et_pb_column][\/et_pb_row][et_pb_row _builder_version=\u00bb4.16&#8243; custom_padding=\u00bb||0px||false|false\u00bb border_color_all=\u00bb#333232&#8243; border_color_bottom=\u00bb#ee3227&#8243; global_colors_info=\u00bb{}\u00bb][et_pb_column type=\u00bb4_4&#8243; _builder_version=\u00bb4.16&#8243; custom_padding=\u00bb|||\u00bb global_colors_info=\u00bb{}\u00bb custom_padding__hover=\u00bb|||\u00bb][et_pb_text admin_label=\u00bbMembership\u00bb module_class=\u00bbabonnement-type\u00bb _builder_version=\u00bb4.27.3&#8243; text_text_color=\u00bb#000000&#8243; header_text_color=\u00bb#ffffff\u00bb header_font_size=\u00bb24px\u00bb header_2_text_color=\u00bb#000000&#8243; header_3_text_color=\u00bb#000000&#8243; header_4_text_color=\u00bb#000000&#8243; header_5_text_color=\u00bb#000000&#8243; header_6_text_color=\u00bb#000000&#8243; background_color=\u00bb#000000&#8243; custom_margin=\u00bb||30px|||\u00bb custom_padding=\u00bb10px|||10px\u00bb border_color_bottom=\u00bb#ee3227&#8243; global_colors_info=\u00bb{}\u00bb]<\/p>\n<h1 style=\"text-align: center;\">PLANES A 6 MESES<\/h1>\n<p>[\/et_pb_text][et_pb_text admin_label=\u00bbMembership\u00bb module_class=\u00bbabonnement-type\u00bb _builder_version=\u00bb4.27.4&#8243; text_text_color=\u00bb#000000&#8243; header_text_color=\u00bb#ffffff\u00bb header_font_size=\u00bb24px\u00bb header_2_text_color=\u00bb#000000&#8243; header_3_text_color=\u00bb#000000&#8243; header_4_text_color=\u00bb#000000&#8243; header_5_text_color=\u00bb#000000&#8243; header_6_text_color=\u00bb#000000&#8243; background_color=\u00bb#E31F27&#8243; custom_margin=\u00bb||35px|||\u00bb custom_padding=\u00bb10px|||10px\u00bb border_color_bottom=\u00bb#ee3227&#8243; global_colors_info=\u00bb{}\u00bb]<\/p>\n<h1 style=\"text-align: center;\">Precios de Afiliaci\u00f3n &#8211; 2 Clases por semana<\/h1>\n<p>[\/et_pb_text][\/et_pb_column][\/et_pb_row][et_pb_row column_structure=\u00bb1_2,1_2&#8243; use_custom_gutter=\u00bbon\u00bb make_equal=\u00bbon\u00bb _builder_version=\u00bb4.16&#8243; custom_padding=\u00bb10px||0px||false|false\u00bb global_colors_info=\u00bb{}\u00bb][et_pb_column type=\u00bb1_2&#8243; _builder_version=\u00bb4.16&#8243; background_color=\u00bb#eaeaea\u00bb custom_padding=\u00bb|||\u00bb global_colors_info=\u00bb{}\u00bb custom_padding__hover=\u00bb|||\u00bb][et_pb_text admin_label=\u00bbFor 1 individual\u00bb _builder_version=\u00bb4.19.2&#8243; text_text_color=\u00bb#644538&#8243; background_color=\u00bbrgba(0,0,0,0)\u00bb custom_padding=\u00bb10px|||\u00bb global_colors_info=\u00bb{}\u00bb]<\/p>\n<h4 style=\"text-align: center;\"><strong>Para un individuo<\/strong><\/h4>\n<p style=\"text-align: center;\"><strong>110 $ para adultos<\/strong><br \/><strong>100 $ para Juniors (menores de 18 a\u00f1os)<\/strong><\/p>\n<p>[\/et_pb_text][\/et_pb_column][et_pb_column type=\u00bb1_2&#8243; _builder_version=\u00bb4.16&#8243; background_color=\u00bb#eaeaea\u00bb custom_padding=\u00bb|||\u00bb global_colors_info=\u00bb{}\u00bb custom_padding__hover=\u00bb|||\u00bb][et_pb_text admin_label=\u00bbFor 1 family\u00bb _builder_version=\u00bb4.27.4&#8243; text_text_color=\u00bb#644538&#8243; background_color=\u00bbrgba(0,0,0,0)\u00bb custom_padding=\u00bb10px|||\u00bb global_colors_info=\u00bb{}\u00bb]<\/p>\n<h4 style=\"text-align: center;\"><strong>Para una familia<\/strong><\/h4>\n<p style=\"text-align: center;\"><strong>100 $ para Adultos<br \/> 90 $ para Juniors (menores de 18 a\u00f1os)<\/strong><\/p>\n<p style=\"text-align: center;\"><em>Se trata de un plan combinado, que puede incluir a dos o m\u00e1s hijos, o una combinaci\u00f3n mixta con un progenitor.<\/em><\/p>\n<p>[\/et_pb_text][\/et_pb_column][\/et_pb_row][et_pb_row _builder_version=\u00bb4.16&#8243; custom_padding=\u00bb||0px||false|false\u00bb border_color_all=\u00bb#333232&#8243; border_color_bottom=\u00bb#ee3227&#8243; global_colors_info=\u00bb{}\u00bb][et_pb_column type=\u00bb4_4&#8243; _builder_version=\u00bb4.16&#8243; custom_padding=\u00bb|||\u00bb global_colors_info=\u00bb{}\u00bb custom_padding__hover=\u00bb|||\u00bb][et_pb_text admin_label=\u00bbMembership\u00bb module_class=\u00bbabonnement-type\u00bb _builder_version=\u00bb4.27.4&#8243; text_text_color=\u00bb#000000&#8243; header_text_color=\u00bb#ffffff\u00bb header_font_size=\u00bb24px\u00bb header_2_text_color=\u00bb#000000&#8243; header_3_text_color=\u00bb#000000&#8243; header_4_text_color=\u00bb#000000&#8243; header_5_text_color=\u00bb#000000&#8243; header_6_text_color=\u00bb#000000&#8243; background_color=\u00bb#E31F27&#8243; custom_margin=\u00bb||30px|||\u00bb custom_padding=\u00bb10px|||10px\u00bb border_color_bottom=\u00bb#ee3227&#8243; global_colors_info=\u00bb{}\u00bb]<\/p>\n<h1 style=\"text-align: center;\">Nueva Opci\u00f3n de Afiliaci\u00f3n &#8211; 3 Clases por semana<\/h1>\n<p>[\/et_pb_text][et_pb_text disabled_on=\u00bbon|on|on\u00bb admin_label=\u00bbMembership\u00bb module_class=\u00bbabonnement-type\u00bb _builder_version=\u00bb4.27.3&#8243; text_text_color=\u00bb#000000&#8243; header_text_color=\u00bb#ffffff\u00bb header_font_size=\u00bb24px\u00bb header_2_text_color=\u00bb#000000&#8243; header_3_text_color=\u00bb#000000&#8243; header_4_text_color=\u00bb#000000&#8243; header_5_text_color=\u00bb#000000&#8243; header_6_text_color=\u00bb#000000&#8243; background_color=\u00bb#000000&#8243; custom_padding=\u00bb10px|||10px\u00bb border_color_bottom=\u00bb#ee3227&#8243; disabled=\u00bbon\u00bb global_colors_info=\u00bb{}\u00bb]<\/p>\n<h1 style=\"text-align: center;\">Planes de 12 meses<\/h1>\n<p>[\/et_pb_text][\/et_pb_column][\/et_pb_row][et_pb_row column_structure=\u00bb1_2,1_2&#8243; use_custom_gutter=\u00bbon\u00bb make_equal=\u00bbon\u00bb _builder_version=\u00bb4.16&#8243; custom_padding=\u00bb10px||0px||false|false\u00bb global_colors_info=\u00bb{}\u00bb][et_pb_column type=\u00bb1_2&#8243; _builder_version=\u00bb4.16&#8243; background_color=\u00bb#eaeaea\u00bb custom_padding=\u00bb|||\u00bb global_colors_info=\u00bb{}\u00bb custom_padding__hover=\u00bb|||\u00bb][et_pb_text admin_label=\u00bbFor 1 individual\u00bb _builder_version=\u00bb4.19.2&#8243; text_text_color=\u00bb#644538&#8243; background_color=\u00bbrgba(0,0,0,0)\u00bb custom_padding=\u00bb10px|||\u00bb global_colors_info=\u00bb{}\u00bb]<\/p>\n<h4 style=\"text-align: center;\"><strong>Para un individuo<\/strong><\/h4>\n<p style=\"text-align: center;\"><strong>150 $ para adultos<\/strong><br \/><strong>140 $ para Juniors (menores de 18 a\u00f1os)<\/strong><\/p>\n<p>[\/et_pb_text][\/et_pb_column][et_pb_column type=\u00bb1_2&#8243; _builder_version=\u00bb4.16&#8243; background_color=\u00bb#eaeaea\u00bb custom_padding=\u00bb|||\u00bb global_colors_info=\u00bb{}\u00bb custom_padding__hover=\u00bb|||\u00bb][et_pb_text admin_label=\u00bbFor 1 family\u00bb _builder_version=\u00bb4.19.2&#8243; text_text_color=\u00bb#644538&#8243; background_color=\u00bbrgba(0,0,0,0)\u00bb custom_padding=\u00bb10px|||\u00bb global_colors_info=\u00bb{}\u00bb]<\/p>\n<h4 style=\"text-align: center;\"><strong>Para una familia<\/strong><\/h4>\n<p style=\"text-align: center;\"><strong>140 $ para Adultos<br \/> 130 $ para Juniors (menores de 18 a\u00f1os)<\/strong><\/p>\n<p style=\"text-align: center;\"><em>Se trata de un plan combinado, que puede incluir a dos o m\u00e1s hijos, o una combinaci\u00f3n mixta con un progenitor.<\/em><\/p>\n<p>[\/et_pb_text][\/et_pb_column][\/et_pb_row][et_pb_row column_structure=\u00bb1_2,1_2&#8243; use_custom_gutter=\u00bbon\u00bb make_equal=\u00bbon\u00bb disabled_on=\u00bbon|on|on\u00bb _builder_version=\u00bb4.27.3&#8243; custom_padding=\u00bb10px||0px||false|false\u00bb disabled=\u00bbon\u00bb global_colors_info=\u00bb{}\u00bb][et_pb_column type=\u00bb1_2&#8243; _builder_version=\u00bb4.16&#8243; background_color=\u00bb#eaeaea\u00bb custom_padding=\u00bb|||\u00bb global_colors_info=\u00bb{}\u00bb custom_padding__hover=\u00bb|||\u00bb][et_pb_text admin_label=\u00bbFor 1 individual\u00bb _builder_version=\u00bb4.19.2&#8243; text_text_color=\u00bb#644538&#8243; background_color=\u00bbrgba(0,0,0,0)\u00bb custom_padding=\u00bb10px|||\u00bb global_colors_info=\u00bb{}\u00bb]<\/p>\n<h4 style=\"text-align: center;\"><strong>Para un individuo<\/strong><\/h4>\n<p style=\"text-align: center;\"><strong>110 $ para adultos<\/strong><br \/><strong>100 $ para Juniors (menores de 18 a\u00f1os)<\/strong><\/p>\n<p>[\/et_pb_text][\/et_pb_column][et_pb_column type=\u00bb1_2&#8243; _builder_version=\u00bb4.16&#8243; background_color=\u00bb#eaeaea\u00bb custom_padding=\u00bb|||\u00bb global_colors_info=\u00bb{}\u00bb custom_padding__hover=\u00bb|||\u00bb][et_pb_text admin_label=\u00bbFor 1 family\u00bb _builder_version=\u00bb4.19.2&#8243; text_text_color=\u00bb#644538&#8243; background_color=\u00bbrgba(0,0,0,0)\u00bb custom_padding=\u00bb10px|||\u00bb global_colors_info=\u00bb{}\u00bb]<\/p>\n<h4 style=\"text-align: center;\"><strong>Para una familia<\/strong><\/h4>\n<p style=\"text-align: center;\"><strong>100 $ para Adultos<br \/> 90 $ para Juniors (menores de 18 a\u00f1os)<\/strong><\/p>\n<p style=\"text-align: center;\"><em>Se trata de un plan combinado, que puede incluir a dos o m\u00e1s hijos, o una combinaci\u00f3n mixta con un progenitor.<\/em><\/p>\n<p>[\/et_pb_text][\/et_pb_column][\/et_pb_row][et_pb_row _builder_version=\u00bb4.17.2&#8243; _module_preset=\u00bbdefault\u00bb global_colors_info=\u00bb{}\u00bb][et_pb_column type=\u00bb4_4&#8243; _builder_version=\u00bb4.17.2&#8243; _module_preset=\u00bbdefault\u00bb global_colors_info=\u00bb{}\u00bb][et_pb_text _builder_version=\u00bb4.27.4&#8243; _module_preset=\u00bbdefault\u00bb global_colors_info=\u00bb{}\u00bb]<\/p>\n<h2><strong>Normas de afiliaci\u00f3n<\/strong><\/h2>\n<h3>Pol\u00edticas generales de afiliaci\u00f3n<\/h3>\n<ul>\n<li>Se cobra una cuota anual de afiliaci\u00f3n de 25 $ por estudiante en el momento de la inscripci\u00f3n y en la fecha de aniversario de cada a\u00f1o.<\/li>\n<li>Las nuevas afiliaciones requieren un contrato de seis meses y se facturan mes a mes. Es necesario configurar el pago autom\u00e1tico, que se procesar\u00e1 el d\u00eda 1 de cada mes. <\/li>\n<li>Las afiliaciones pueden quedar en suspenso hasta un mes al a\u00f1o, pero esta opci\u00f3n s\u00f3lo puede utilizarse una vez al a\u00f1o.<\/li>\n<\/ul>\n<h3>Pol\u00edticas de cancelaci\u00f3n<\/h3>\n<ul>\n<li>Se aplica una cuota de cancelaci\u00f3n de 50 $ si un estudiante cancela su afiliaci\u00f3n antes de completar el contrato de seis meses. Esta cuota no se aplica a los alumnos actuales. <\/li>\n<li>Tras completar el contrato de seis meses, las afiliaciones pueden cancelarse en cualquier momento con una notificaci\u00f3n por escrito de 30 d\u00edas.<\/li>\n<li><strong>No hay excepciones de reembolso.<\/strong>  No se reembolsar\u00e1n los per\u00edodos de afiliaci\u00f3n no utilizados ni los meses parciales, independientemente de las circunstancias.<\/li>\n<\/ul>\n<h3>Pol\u00edtica de reincorporaci\u00f3n<\/h3>\n<ul>\n<li>Si un alumno se da de baja y desea volver, se le puede inscribir en una lista de espera, en funci\u00f3n de la disponibilidad de clases, ya que \u00e9stas se acercan a su capacidad m\u00e1xima.<\/li>\n<\/ul>\n<h3>Plan de Afiliaci\u00f3n Familiar<\/h3>\n<ul>\n<li>Los miembros de la familia deben residir en la misma direcci\u00f3n para poder acogerse al plan de Afiliaci\u00f3n Familiar.<\/li>\n<li>Los adultos que cumplen 21 a\u00f1os ya no pueden permanecer en el plan de Afiliaci\u00f3n Familiar de sus padres.<\/li>\n<\/ul>\n<p>[\/et_pb_text][\/et_pb_column][\/et_pb_row][\/et_pb_section]<\/p>\n","protected":false},"excerpt":{"rendered":"<p>Tarifas de afiliaci\u00f3n al k\u00e1rate Hemos fijado nuestras tarifas mensuales para que sean muy competitivas, abriendo la oportunidad de aprender un arte marcial tradicional japon\u00e9s a un precio asequible, que no s\u00f3lo te mantendr\u00e1 en forma f\u00edsicamente, sino tambi\u00e9n mentalmente. Tenemos opciones para individuos y familias. No dudes en contactar con nosotros para m\u00e1s informaci\u00f3n. [&hellip;]<\/p>\n","protected":false},"author":8,"featured_media":0,"parent":0,"menu_order":40,"comment_status":"closed","ping_status":"closed","template":"","meta":{"_et_pb_use_builder":"on","_et_pb_old_content":"","_et_gb_content_width":"","footnotes":""},"class_list":["post-8755","page","type-page","status-publish","hentry"],"_links":{"self":[{"href":"https:\/\/www.danburykarateschool.com\/es\/wp-json\/wp\/v2\/pages\/8755","targetHints":{"allow":["GET"]}}],"collection":[{"href":"https:\/\/www.danburykarateschool.com\/es\/wp-json\/wp\/v2\/pages"}],"about":[{"href":"https:\/\/www.danburykarateschool.com\/es\/wp-json\/wp\/v2\/types\/page"}],"author":[{"embeddable":true,"href":"https:\/\/www.danburykarateschool.com\/es\/wp-json\/wp\/v2\/users\/8"}],"replies":[{"embeddable":true,"href":"https:\/\/www.danburykarateschool.com\/es\/wp-json\/wp\/v2\/comments?post=8755"}],"version-history":[{"count":5,"href":"https:\/\/www.danburykarateschool.com\/es\/wp-json\/wp\/v2\/pages\/8755\/revisions"}],"predecessor-version":[{"id":9632,"href":"https:\/\/www.danburykarateschool.com\/es\/wp-json\/wp\/v2\/pages\/8755\/revisions\/9632"}],"wp:attachment":[{"href":"https:\/\/www.danburykarateschool.com\/es\/wp-json\/wp\/v2\/media?parent=8755"}],"curies":[{"name":"wp","href":"https:\/\/api.w.org\/{rel}","templated":true}]}}