{"id":8749,"date":"2018-02-27T14:39:43","date_gmt":"2018-02-27T19:39:43","guid":{"rendered":"https:\/\/www.danburykarateschool.com\/contacta-con-nosotros\/"},"modified":"2024-05-09T12:23:56","modified_gmt":"2024-05-09T16:23:56","slug":"contacta-con-nosotros","status":"publish","type":"page","link":"https:\/\/www.danburykarateschool.com\/es\/contacta-con-nosotros\/","title":{"rendered":"Contacta con nosotros"},"content":{"rendered":"<p>[et_pb_section fb_built=\u00bb1&#8243; _builder_version=\u00bb4.16&#8243; custom_padding=\u00bb30px||||false|false\u00bb global_colors_info=\u00bb{}\u00bb][et_pb_row _builder_version=\u00bb4.16&#8243; global_colors_info=\u00bb{}\u00bb][et_pb_column type=\u00bb4_4&#8243; _builder_version=\u00bb4.16&#8243; custom_padding=\u00bb|||\u00bb global_colors_info=\u00bb{}\u00bb custom_padding__hover=\u00bb|||\u00bb][et_pb_post_title meta=\u00bboff\u00bb featured_image=\u00bboff\u00bb text_color=\u00bblight\u00bb module_class=\u00bbpost-title-class\u00bb _builder_version=\u00bb4.16&#8243; title_font=\u00bb|700|||||||\u00bb title_text_align=\u00bbleft\u00bb title_text_color=\u00bb#000000&#8243; title_font_size=\u00bb36px\u00bb global_colors_info=\u00bb{}\u00bb][\/et_pb_post_title][\/et_pb_column][\/et_pb_row][et_pb_row column_structure=\u00bb2_3,1_3&#8243; use_custom_gutter=\u00bbon\u00bb make_equal=\u00bbon\u00bb _builder_version=\u00bb4.16&#8243; global_colors_info=\u00bb{}\u00bb][et_pb_column type=\u00bb2_3&#8243; _builder_version=\u00bb4.16&#8243; background_color=\u00bb#ffffff\u00bb custom_padding=\u00bb|||\u00bb global_colors_info=\u00bb{}\u00bb custom_padding__hover=\u00bb|||\u00bb][et_pb_text admin_label=\u00bbIntro\u00bb _builder_version=\u00bb4.16&#8243; text_text_color=\u00bb#000000&#8243; background_color=\u00bbrgba(0,0,0,0)\u00bb custom_padding=\u00bb25px|0px|25px|0px|false|false\u00bb global_colors_info=\u00bb{}\u00bb]<strong>En Kanreikai Karate of Connecticut<\/strong>, nuestro objetivo siempre ha sido ense\u00f1ar karate tradicional japon\u00e9s al mayor n\u00famero de personas posible. Estamos seguros, gracias a a\u00f1os de experiencia, de que el k\u00e1rate Kanreikai marca una diferencia positiva en la vida de cada alumno que practica este arte marcial, independientemente de su edad o nivel de habilidad.<\/p>\n<p>Con la pr\u00e1ctica regular del k\u00e1rate Kanreikai, mejorar\u00e1s gradualmente tu forma f\u00edsica, tu fuerza mental y tu salud ps\u00edquica. Tambi\u00e9n te beneficias de entrenar en un dojo que s\u00f3lo fomenta un entorno respetuoso y seguro. En pocas palabras, creemos que el k\u00e1rate Kanreikai ayuda a desarrollar mejores seres humanos.<\/p>\n<p>Creemos que te interesar\u00e1 y te gustar\u00eda recibir m\u00e1s informaci\u00f3n sobre nuestro dojo, nuestros programas, nuestras clases y nuestras actividades. Rellena el siguiente formulario. Ser\u00e1 un placer proporcionarte toda la informaci\u00f3n que necesites.  <strong>No esperes m\u00e1s para descubrir el mundo del k\u00e1rate Kanreikai.<\/strong><\/p>\n<p>&nbsp;<br \/>\n[\/et_pb_text][\/et_pb_column][et_pb_column type=\u00bb1_3&#8243; module_class=\u00bbflex-center\u00bb _builder_version=\u00bb4.16&#8243; background_color=\u00bb#eaeaea\u00bb custom_padding=\u00bb|||\u00bb border_width_top=\u00bb5px\u00bb border_color_top=\u00bb#e31f27&#8243; border_width_bottom=\u00bb5px\u00bb border_color_bottom=\u00bb#e31f27&#8243; global_colors_info=\u00bb{}\u00bb custom_padding__hover=\u00bb|||\u00bb][et_pb_text admin_label=\u00bbCT-CTA Trial Classes\u00bb _builder_version=\u00bb4.16&#8243; text_font=\u00bb|600|||||||\u00bb text_text_color=\u00bb#000000&#8243; text_font_size=\u00bb28px\u00bb header_font=\u00bb|700|||||||\u00bb header_text_align=\u00bbcenter\u00bb header_text_color=\u00bb#e31f27&#8243; header_font_size=\u00bb44px\u00bb text_orientation=\u00bbcenter\u00bb global_colors_info=\u00bb{}\u00bb]<\/p>\n<h1>1 SEMANA DE PRUEBA GRATUITA<\/h1>\n<p>entonces 39,95 $ + impuestos el primer mes<\/p>\n<p><img loading=\"lazy\" decoding=\"async\" class=\"wp-image-3460 alignnone size-full\" src=\"https:\/\/www.danburykarateschool.com\/wp-content\/uploads\/2020\/12\/CT-Uniform.png\" alt=\"\" width=\"113\" height=\"103\"><br \/>+<strong> UNIFORME DE K\u00c1RATE GRATIS<\/strong><\/p>\n<p><strong><a class=\"book-btn\" href=\"https:\/\/danburykarateschool.sites.zenplanner.com\/sign-up-now.cfm\">INSCR\u00cdBETE<\/a><\/strong><\/p>\n<p>[\/et_pb_text][\/et_pb_column][\/et_pb_row][et_pb_row column_structure=\u00bb3_5,2_5&#8243; _builder_version=\u00bb4.16&#8243; _module_preset=\u00bbdefault\u00bb global_colors_info=\u00bb{}\u00bb][et_pb_column type=\u00bb3_5&#8243; _builder_version=\u00bb4.16&#8243; _module_preset=\u00bbdefault\u00bb global_colors_info=\u00bb{}\u00bb][et_pb_text admin_label=\u00bbGET MORE INFO\u00bb _builder_version=\u00bb4.16&#8243; text_text_color=\u00bb#000000&#8243; header_2_text_color=\u00bb#f34e4e\u00bb header_2_font_size=\u00bb20px\u00bb background_color=\u00bb#eaeaea\u00bb custom_padding=\u00bb|0px||0px|false|false\u00bb border_width_top=\u00bb3px\u00bb border_color_top=\u00bb#e31f27&#8243; global_colors_info=\u00bb{}\u00bb]&nbsp;<\/p>\n<p style=\"text-align: center;\"><strong><a id=\"info\"><\/a>\u00a1OBT\u00c9N M\u00c1S INFORMACI\u00d3N AHORA!<\/strong><br \/>\nUn formulario por persona o familia<\/p>\n<div id=\"leadcapture_cd5f15ff-08df-4a02-a02f-3f210ef6f7e5\"><\/div>\n<p><script type=\"text\/javascript\">(function(win, doc, zenJSHost, src, module, partitionApiKey, widgetInstanceId){ win.zenplanner = win.zenplanner || {}; win.zenplanner.directLoadArgs = win.zenplanner.directLoadArgs || []; var tryCount = 0, intervalId = null; function afterLoad(){ if(win.zenplanner.directLoader !== undefined && window.zenplanner.directLoader !== null){ clearInterval(intervalId); for(var i = 0, l = win.zenplanner.directLoadArgs.length; l > i; i++){ if(win.zenplanner.directLoadArgs[i].widgetInstanceId === widgetInstanceId) { win.zenplanner.directLoader.loadWidget(zenJSHost, module, partitionApiKey, widgetInstanceId); } } } else if(tryCount++ > 10) { console.log('Zen Planner widget : ' + module + ', failed to load.'); clearInterval(intervalId); } } if(win.zenplanner.directLoader === undefined || win.zenplanner.directLoader === null){ win.zenplanner.directLoadArgs.push({ module: module, partitionApiKey: partitionApiKey, widgetInstanceId : widgetInstanceId }); var s = doc.createElement('script'); s.async = 1; s.src = zenJSHost + '\/' + src; doc.head.appendChild(s); intervalId = setInterval(afterLoad, 1000); } else { win.zenplanner.directLoader.loadWidget(zenJSHost, module, partitionApiKey, widgetInstanceId); } })(window, document, 'https:\/\/studio.zenplanner.com', 'zenplanner\/studio\/target\/zp-widget-direct.js', 'leadcapture', '13e793e4-c4b3-4ff7-979c-336da2650e65', 'cd5f15ff-08df-4a02-a02f-3f210ef6f7e5');<\/script><br \/>\n[\/et_pb_text][\/et_pb_column][et_pb_column type=\u00bb2_5&#8243; _builder_version=\u00bb4.16&#8243; _module_preset=\u00bbdefault\u00bb global_colors_info=\u00bb{}\u00bb][et_pb_text admin_label=\u00bbKANREIKAI KARATE OF CONNECTICUT\u00bb _builder_version=\u00bb4.16&#8243; text_text_color=\u00bb#000000&#8243; header_2_text_color=\u00bb#f34e4e\u00bb header_2_font_size=\u00bb20px\u00bb background_color=\u00bb#eaeaea\u00bb custom_padding=\u00bb|0px||0px|false|false\u00bb border_width_top=\u00bb3px\u00bb border_color_top=\u00bb#e31f27&#8243; global_colors_info=\u00bb{}\u00bb]&nbsp;<\/p>\n<p style=\"text-align: center;\"><strong>KARATE KANREIKAI DE CONNECTICUT<\/strong><br \/>\n13, Barnum Court, Suite B<br \/>\nDanbury, CT 06810<\/p>\n<h3 style=\"text-align: center;\"><a href=\"tel:203-791-1276\"><span style=\"color: #ff0000;\"><strong>203-791-1276<\/strong><\/span><\/a><\/h3>\n<p style=\"text-align: center;\">[\/et_pb_text][et_pb_code admin_label=\u00bbC\u00f3digo-Mapa-Barnum\u00bb _builder_version=\u00bb4.16&#8243; _module_preset=\u00bbdefault\u00bb border_width_top=\u00bb3px\u00bb border_color_top=\u00bb#e31f27&#8243; global_colors_info=\u00bb{}\u00bb]<iframe loading=\"lazy\" style=\"border: 0;\" src=\"https:\/\/www.google.com\/maps\/embed?pb=!1m14!1m8!1m3!1d5985.314436237852!2d-73.456989!3d41.40325!3m2!1i1024!2i768!4f13.1!3m3!1m2!1s0x89e7ff6704a1511b%3A0xc8d5af2a840da436!2s13%20Barnum%20Ct%2C%20Danbury%2C%20CT%2006810%2C%20USA!5e0!3m2!1sen!2sca!4v1617737663362!5m2!1sen!2sca\" width=\"600\" height=\"450\" allowfullscreen=\"allowfullscreen\"><\/iframe>[\/et_pb_code][\/et_pb_column][\/et_pb_row][et_pb_row _builder_version=\u00bb4.16&#8243; custom_padding=\u00bb0px||0px|\u00bb border_color_all=\u00bb#333232&#8243; border_color_bottom=\u00bb#ee3227&#8243; global_colors_info=\u00bb{}\u00bb][et_pb_column type=\u00bb4_4&#8243; _builder_version=\u00bb4.16&#8243; custom_padding=\u00bb|||\u00bb global_colors_info=\u00bb{}\u00bb custom_padding__hover=\u00bb|||\u00bb][et_pb_text admin_label=\u00bbKanreikai Schools\u00bb module_class=\u00bbabonnement-type\u00bb _builder_version=\u00bb4.16&#8243; header_text_color=\u00bb#ffffff\u00bb header_font_size=\u00bb24px\u00bb background_color=\u00bb#000000&#8243; custom_padding=\u00bb10px|||10px\u00bb border_color_bottom=\u00bb#ee3227&#8243; global_colors_info=\u00bb{}\u00bb]<\/p>\n<h1><a id=\"schools\"><\/a>ESCUELAS MUNDIALES DE KARATE KANREIKAI<\/h1>\n<p>[\/et_pb_text][\/et_pb_column][\/et_pb_row][et_pb_row column_structure=\u00bb1_3,1_3,1_3&#8243; use_custom_gutter=\u00bbon\u00bb make_equal=\u00bbon\u00bb _builder_version=\u00bb4.16&#8243; custom_padding=\u00bb10px|||\u00bb global_colors_info=\u00bb{}\u00bb][et_pb_column type=\u00bb1_3&#8243; _builder_version=\u00bb4.16&#8243; background_color=\u00bb#eaeaea\u00bb custom_padding=\u00bb|||\u00bb global_colors_info=\u00bb{}\u00bb custom_padding__hover=\u00bb|||\u00bb][et_pb_text admin_label=\u00bbMontreal \u00bb _builder_version=\u00bb4.16&#8243; text_text_color=\u00bb#644538&#8243; background_color=\u00bbrgba(0,0,0,0)\u00bb custom_padding=\u00bb10px|||\u00bb global_colors_info=\u00bb{}\u00bb]<\/p>\n<h3 style=\"text-align: left; padding-left: 40px;\"><strong>Karate Kanreikai de Montreal<\/strong><\/h3>\n<p style=\"padding-left: 40px;\"><strong>4830 St-Charles<br \/>\nPierrefonds, QC<br \/>\nCanad\u00e1 H9H 3E1<\/strong><\/p>\n<ul>\n<li style=\"list-style-type: none;\">\n<ul>\n<li style=\"list-style-type: none;\">\n<ul>\n<li><strong>Shihan Denis Cordeiro<\/strong><\/li>\n<li><strong><a href=\"https:\/\/514-834-8458\">514-834-8458<\/a><\/strong><\/li>\n<li><strong><a href=\"https:\/\/karatemontreal.ca\/?lang=en\">karatemontreal.ca<\/a><\/strong><\/li>\n<\/ul>\n<\/li>\n<\/ul>\n<\/li>\n<\/ul>\n<p>[\/et_pb_text][\/et_pb_column][et_pb_column type=\u00bb1_3&#8243; _builder_version=\u00bb4.16&#8243; background_color=\u00bb#eaeaea\u00bb custom_padding=\u00bb|||\u00bb global_colors_info=\u00bb{}\u00bb custom_padding__hover=\u00bb|||\u00bb][et_pb_text admin_label=\u00bbVaudreuil\u00bb _builder_version=\u00bb4.16&#8243; text_text_color=\u00bb#644538&#8243; background_color=\u00bbrgba(0,0,0,0)\u00bb custom_padding=\u00bb10px|||\u00bb global_colors_info=\u00bb{}\u00bb]<\/p>\n<h3 style=\"text-align: left; padding-left: 40px;\"><strong>Vaudreuil Kanreikai Karate<\/strong><\/h3>\n<p style=\"padding-left: 40px;\"><strong>280, Bourget<br \/>\nVaudreuil-Dorion, QC<br \/>\nCanad\u00e1 J7V 9K7<\/strong><\/p>\n<ul>\n<li style=\"list-style-type: none;\">\n<ul>\n<li style=\"list-style-type: none;\">\n<ul>\n<li><strong>Sensei Micha\u00ebl Cordeiro<\/strong><\/li>\n<li><strong><a href=\"https:\/\/514-830-2945\">514-830-2845<\/a><\/strong><\/li>\n<li><strong><a href=\"https:\/\/karatevaudreuildorion.com\/?lang=en\">karatevaudreuildorion.com<\/a><\/strong><\/li>\n<\/ul>\n<\/li>\n<\/ul>\n<\/li>\n<\/ul>\n<p>[\/et_pb_text][\/et_pb_column][et_pb_column type=\u00bb1_3&#8243; _builder_version=\u00bb4.16&#8243; background_color=\u00bb#eaeaea\u00bb custom_padding=\u00bb|||\u00bb global_colors_info=\u00bb{}\u00bb custom_padding__hover=\u00bb|||\u00bb][et_pb_text admin_label=\u00bbJoliette\u00bb _builder_version=\u00bb4.16&#8243; text_text_color=\u00bb#644538&#8243; background_color=\u00bbrgba(0,0,0,0)\u00bb custom_padding=\u00bb10px|||\u00bb global_colors_info=\u00bb{}\u00bb]<\/p>\n<h3 style=\"text-align: left; padding-left: 40px;\"><strong>Joliette Kanreikai Karate<\/strong><\/h3>\n<p style=\"padding-left: 40px;\"><strong>499b, de la Visitation<br \/>\nSt-Charles-Borrom\u00e9e, QC<br \/>\nCanad\u00e1 J6E 4P1<\/strong><\/p>\n<ul>\n<li style=\"list-style-type: none;\">\n<ul>\n<li style=\"list-style-type: none;\">\n<ul>\n<li><strong>Sensei Dominic Morin<\/strong><\/li>\n<li><strong><a href=\"https:\/\/450-753-7231\">450-753-7231<\/a><\/strong><\/li>\n<li><strong><a href=\"https:\/\/kanreikaijoliette.com\/?lang=en\">kanreikaijoliette.com<\/a><\/strong><\/li>\n<\/ul>\n<\/li>\n<\/ul>\n<\/li>\n<\/ul>\n<p>[\/et_pb_text][\/et_pb_column][\/et_pb_row][et_pb_row column_structure=\u00bb1_3,1_3,1_3&#8243; use_custom_gutter=\u00bbon\u00bb make_equal=\u00bbon\u00bb _builder_version=\u00bb4.16&#8243; custom_padding=\u00bb10px|||\u00bb global_colors_info=\u00bb{}\u00bb][et_pb_column type=\u00bb1_3&#8243; _builder_version=\u00bb4.16&#8243; background_color=\u00bb#eaeaea\u00bb custom_padding=\u00bb|||\u00bb global_colors_info=\u00bb{}\u00bb custom_padding__hover=\u00bb|||\u00bb][et_pb_text admin_label=\u00bbCT\u00bb _builder_version=\u00bb4.16&#8243; text_text_color=\u00bb#644538&#8243; background_color=\u00bbrgba(0,0,0,0)\u00bb custom_padding=\u00bb10px|||\u00bb global_colors_info=\u00bb{}\u00bb]<\/p>\n<h3 style=\"text-align: left; padding-left: 40px;\"><strong>Kanreikai Karate de CT<\/strong><\/h3>\n<p style=\"padding-left: 40px;\"><strong>13, Barnum Court<br \/>\nDanbury, CT 06810<br \/>\nEstados Unidos<br \/>\n<\/strong><\/p>\n<ul>\n<li style=\"list-style-type: none;\">\n<ul>\n<li style=\"list-style-type: none;\">\n<ul>\n<li><strong>Sensei Chris Goncalves<\/strong><\/li>\n<li><strong><a href=\"https:\/\/203-791-1276\">203-791-1276<\/a><\/strong><\/li>\n<li><strong><a href=\"https:\/\/danburykarateschool.com\">danburykarateschool.com<\/a><\/strong><\/li>\n<\/ul>\n<\/li>\n<\/ul>\n<\/li>\n<\/ul>\n<p>[\/et_pb_text][\/et_pb_column][et_pb_column type=\u00bb1_3&#8243; _builder_version=\u00bb4.16&#8243; background_color=\u00bb#eaeaea\u00bb custom_padding=\u00bb|||\u00bb global_colors_info=\u00bb{}\u00bb custom_padding__hover=\u00bb|||\u00bb][et_pb_text admin_label=\u00bbRavena\u00bb _builder_version=\u00bb4.16&#8243; text_text_color=\u00bb#644538&#8243; background_color=\u00bbrgba(0,0,0,0)\u00bb custom_padding=\u00bb10px|||\u00bb global_colors_info=\u00bb{}\u00bb]<\/p>\n<h3 style=\"text-align: left; padding-left: 40px;\"><strong>Ravena Kanreikai Karate<\/strong><\/h3>\n<p style=\"padding-left: 40px;\"><strong>4980, Rt9 Oeste, Unidad 17<br \/>\nRavena, NY 12143<br \/>\nEstados Unidos<\/strong><\/p>\n<ul>\n<li style=\"list-style-type: none;\">\n<ul>\n<li style=\"list-style-type: none;\">\n<ul>\n<li><strong>Sensei Calvin Ortiz<\/strong><\/li>\n<li><strong><a href=\"https:\/\/518-253-6034\">518-253-60<\/a><\/strong><\/li>\n<li><strong><br \/>\n  <a href=\"https:\/\/www.facebook.com\/KanreikaiKarateRavena\">K<\/a><br \/>\n<\/strong><strong><br \/>\n  <a href=\"https:\/\/www.facebook.com\/KanreikaiKarateRavena\">anreikaiKarateRavena<\/a><br \/>\n<\/strong><\/li>\n<\/ul>\n<\/li>\n<\/ul>\n<\/li>\n<\/ul>\n<p>[\/et_pb_text][\/et_pb_column][et_pb_column type=\u00bb1_3&#8243; _builder_version=\u00bb4.16&#8243; background_color=\u00bb#eaeaea\u00bb custom_padding=\u00bb|||\u00bb global_colors_info=\u00bb{}\u00bb custom_padding__hover=\u00bb|||\u00bb][et_pb_text admin_label=\u00bbIrishtown\u00bb _builder_version=\u00bb4.16&#8243; text_text_color=\u00bb#644538&#8243; background_color=\u00bbrgba(0,0,0,0)\u00bb custom_padding=\u00bb10px|||\u00bb global_colors_info=\u00bb{}\u00bb]<\/p>\n<h3 style=\"text-align: left; padding-left: 40px;\"><strong>Karate Kanreikai de Irishtown<\/strong><\/h3>\n<p style=\"padding-left: 40px;\"><strong>733 Ammond Rd<br \/>\nIrishtown, NB<br \/>\nCanad\u00e1 E1H 2M4<\/strong><\/p>\n<ul>\n<li style=\"list-style-type: none;\">\n<ul>\n<li style=\"list-style-type: none;\">\n<ul>\n<li><strong>Sensei Andr\u00e9 LeBlanc<\/strong><\/li>\n<li><a href=\"https:\/\/506-384-8443\"><strong>506-384-8443<\/strong><\/a><\/li>\n<li><a href=\"https:\/\/dojos.ca\/worldkanreikaikarateirishtowndojo\/\"><strong>P\u00e1gina web<\/strong><\/a><\/li>\n<\/ul>\n<\/li>\n<\/ul>\n<\/li>\n<\/ul>\n<p>[\/et_pb_text][\/et_pb_column][\/et_pb_row][\/et_pb_section]<\/p>\n","protected":false},"excerpt":{"rendered":"<p>En Kanreikai Karate of Connecticut, nuestro objetivo siempre ha sido ense\u00f1ar karate tradicional japon\u00e9s al mayor n\u00famero de personas posible. Estamos seguros, gracias a a\u00f1os de experiencia, de que el k\u00e1rate Kanreikai marca una diferencia positiva en la vida de cada alumno que practica este arte marcial, independientemente de su edad o nivel de habilidad. [&hellip;]<\/p>\n","protected":false},"author":8,"featured_media":0,"parent":0,"menu_order":50,"comment_status":"closed","ping_status":"closed","template":"","meta":{"_et_pb_use_builder":"on","_et_pb_old_content":"","_et_gb_content_width":"","footnotes":""},"class_list":["post-8749","page","type-page","status-publish","hentry"],"_links":{"self":[{"href":"https:\/\/www.danburykarateschool.com\/es\/wp-json\/wp\/v2\/pages\/8749","targetHints":{"allow":["GET"]}}],"collection":[{"href":"https:\/\/www.danburykarateschool.com\/es\/wp-json\/wp\/v2\/pages"}],"about":[{"href":"https:\/\/www.danburykarateschool.com\/es\/wp-json\/wp\/v2\/types\/page"}],"author":[{"embeddable":true,"href":"https:\/\/www.danburykarateschool.com\/es\/wp-json\/wp\/v2\/users\/8"}],"replies":[{"embeddable":true,"href":"https:\/\/www.danburykarateschool.com\/es\/wp-json\/wp\/v2\/comments?post=8749"}],"version-history":[{"count":1,"href":"https:\/\/www.danburykarateschool.com\/es\/wp-json\/wp\/v2\/pages\/8749\/revisions"}],"predecessor-version":[{"id":8754,"href":"https:\/\/www.danburykarateschool.com\/es\/wp-json\/wp\/v2\/pages\/8749\/revisions\/8754"}],"wp:attachment":[{"href":"https:\/\/www.danburykarateschool.com\/es\/wp-json\/wp\/v2\/media?parent=8749"}],"curies":[{"name":"wp","href":"https:\/\/api.w.org\/{rel}","templated":true}]}}