{"id":8723,"date":"2018-02-27T14:33:23","date_gmt":"2018-02-27T19:33:23","guid":{"rendered":"https:\/\/www.danburykarateschool.com\/nuestra-escuela-de-karate\/instructor-jefe\/"},"modified":"2024-05-09T12:23:53","modified_gmt":"2024-05-09T16:23:53","slug":"instructor-jefe","status":"publish","type":"page","link":"https:\/\/www.danburykarateschool.com\/es\/nuestra-escuela-de-karate\/instructor-jefe\/","title":{"rendered":"Instructor Jefe"},"content":{"rendered":"<p>[et_pb_section fb_built=\u00bb1&#8243; _builder_version=\u00bb4.6.3&#8243; custom_padding=\u00bb30px||||false|false\u00bb global_colors_info=\u00bb{}\u00bb][et_pb_row _builder_version=\u00bb4.6.3&#8243; global_colors_info=\u00bb{}\u00bb][et_pb_column type=\u00bb4_4&#8243; _builder_version=\u00bb3.25&#8243; custom_padding=\u00bb|||\u00bb global_colors_info=\u00bb{}\u00bb custom_padding__hover=\u00bb|||\u00bb][et_pb_post_title meta=\u00bboff\u00bb featured_image=\u00bboff\u00bb text_color=\u00bblight\u00bb module_class=\u00bbpost-title-class\u00bb _builder_version=\u00bb4.14.2&#8243; title_font=\u00bb|700|||||||\u00bb title_text_align=\u00bbleft\u00bb title_text_color=\u00bb#000000&#8243; title_font_size=\u00bb36px\u00bb hover_enabled=\u00bb0&#8243; global_colors_info=\u00bb{}\u00bb title=\u00bboff\u00bb sticky_enabled=\u00bb0&#8243;][\/et_pb_post_title][et_pb_text _builder_version=\u00bb4.14.2&#8243; _module_preset=\u00bbdefault\u00bb hover_enabled=\u00bb0&#8243; sticky_enabled=\u00bb0&#8243;]<\/p>\n<h1>Instructor jefe de k\u00e1rate<\/h1>\n<p>[\/et_pb_text][\/et_pb_column][\/et_pb_row][et_pb_row column_structure=\u00bb1_3,2_3&#8243; use_custom_gutter=\u00bbon\u00bb make_equal=\u00bbon\u00bb _builder_version=\u00bb4.6.5&#8243; global_colors_info=\u00bb{}\u00bb][et_pb_column type=\u00bb1_3&#8243; _builder_version=\u00bb3.25&#8243; custom_padding=\u00bb|||\u00bb global_colors_info=\u00bb{}\u00bb custom_padding__hover=\u00bb|||\u00bb][et_pb_image src=\u00bbhttps:\/\/www.danburykarateschool.com\/wp-content\/uploads\/2021\/03\/CTW-School-Chief.jpg\u00bb title_text=\u00bbSensei Chris Goncalves\u00bb align_tablet=\u00bbcenter\u00bb align_phone=\u00bb\u00bb align_last_edited=\u00bbon|desktop\u00bb admin_label=\u00bbImage-Sensei-Chris\u00bb _builder_version=\u00bb4.6.6&#8243; always_center_on_mobile=\u00bbon\u00bb global_colors_info=\u00bb{}\u00bb][\/et_pb_image][\/et_pb_column][et_pb_column type=\u00bb2_3&#8243; _builder_version=\u00bb4.6.3&#8243; background_color=\u00bb#eaeaea\u00bb custom_padding=\u00bb|||\u00bb global_colors_info=\u00bb{}\u00bb custom_padding__hover=\u00bb|||\u00bb][et_pb_text admin_label=\u00bbBio &#8211; Sensei Chris\u00bb _builder_version=\u00bb4.6.6&#8243; text_text_color=\u00bb#000000&#8243; header_text_color=\u00bb#000000&#8243; header_2_text_color=\u00bb#000000&#8243; header_3_text_color=\u00bb#000000&#8243; header_4_text_color=\u00bb#000000&#8243; header_5_text_color=\u00bb#000000&#8243; header_6_text_color=\u00bb#000000&#8243; background_layout=\u00bbdark\u00bb custom_padding=\u00bb20px|35px|35px|35px\u00bb global_colors_info=\u00bb{}\u00bb]<\/p>\n<p style=\"text-align: center;\"><strong>SENSEI CHRIS GONCALVES,<sup>3\u00ba<\/sup> DAN<\/strong><\/p>\n<p><strong>Sensei Christopher Goncalves<\/strong> entrena con <strong>Hanshi Manny Matias, 8\u00ba dan<\/strong>, desde 1987. Tras iniciarse en el k\u00e1rate dentro de la <strong>Organizaci\u00f3n de Karate Kyokushin<\/strong>, sigui\u00f3 a su instructor cuando <strong>Soshu Shigeru Oyama<\/strong> fund\u00f3 su propia organizaci\u00f3n, <strong>World Oyama Karate<\/strong>.<\/p>\n<p>A la edad de 13 a\u00f1os, Christopher viaj\u00f3 a la sede central de World Oyama Karate en la ciudad de Nueva York para completar un examen \u00abcompleto\u00bb de promoci\u00f3n a cintur\u00f3n negro. En 1994 obtuvo el cintur\u00f3n negro de 1er dan.<\/p>\n<p>Sensei Christopher prosigui\u00f3 su entrenamiento bajo la direcci\u00f3n de Hanshi Manny Matias, trabajando para convertirse en un <strong>luchador de derribo<\/strong>. Empez\u00f3 a competir a los 18 a\u00f1os y termin\u00f3 su carrera de luchador a los 27. Durante ese tiempo, compiti\u00f3 en muchos torneos locales e internacionales y se convirti\u00f3 en <strong>Campe\u00f3n Mundial de Lucha Knockdown<\/strong>.<\/p>\n<p>Cuando el maestro de Hanshi Manny Matias, Soshu Shigeru Oyama, cerr\u00f3 su dojo en Nueva York y dej\u00f3 de ser director de la organizaci\u00f3n en 2004, Sensei Christopher sigui\u00f3 a Hanshi Manny, que fund\u00f3 entonces la <strong>Organizaci\u00f3n Mundial de Karate Kanreikai<\/strong>.<\/p>\n<p>Desde entonces, Sensei Christopher se ha centrado en la ense\u00f1anza del k\u00e1rate con el objetivo espec\u00edfico de compartir sus conocimientos y experiencia con el mayor n\u00famero posible de alumnos. Se ha comprometido a perpetuar la pr\u00e1ctica del k\u00e1rate de contacto tradicional japon\u00e9s, un arte marcial que ayuda a desarrollar las fortalezas mentales y f\u00edsicas de sus practicantes. Sensei Christopher es un instructor muy emp\u00e1tico que adapta su ense\u00f1anza a sus alumnos. Se asegura de que cada uno comprenda sus instrucciones y progrese seg\u00fan sus propias capacidades y objetivos.<\/p>\n<p>Bas\u00e1ndose en su atractiva personalidad y en su carrera como karateka, campe\u00f3n mundial de lucha por derribo, entrenador y profesor, Sensei Christopher se perfila como un Instructor Jefe digno de confianza, con talento y eficaz en la escuela de k\u00e1rate Kanreikai de Connecticut.<\/p>\n<p>[\/et_pb_text][\/et_pb_column][\/et_pb_row][\/et_pb_section]<\/p>\n","protected":false},"excerpt":{"rendered":"<p>Instructor jefe de k\u00e1rate SENSEI CHRIS GONCALVES,3\u00ba DAN Sensei Christopher Goncalves entrena con Hanshi Manny Matias, 8\u00ba dan, desde 1987. Tras iniciarse en el k\u00e1rate dentro de la Organizaci\u00f3n de Karate Kyokushin, sigui\u00f3 a su instructor cuando Soshu Shigeru Oyama fund\u00f3 su propia organizaci\u00f3n, World Oyama Karate. A la edad de 13 a\u00f1os, Christopher viaj\u00f3 [&hellip;]<\/p>\n","protected":false},"author":8,"featured_media":0,"parent":8614,"menu_order":40,"comment_status":"closed","ping_status":"closed","template":"","meta":{"_et_pb_use_builder":"on","_et_pb_old_content":"","_et_gb_content_width":"","footnotes":""},"class_list":["post-8723","page","type-page","status-publish","hentry"],"_links":{"self":[{"href":"https:\/\/www.danburykarateschool.com\/es\/wp-json\/wp\/v2\/pages\/8723","targetHints":{"allow":["GET"]}}],"collection":[{"href":"https:\/\/www.danburykarateschool.com\/es\/wp-json\/wp\/v2\/pages"}],"about":[{"href":"https:\/\/www.danburykarateschool.com\/es\/wp-json\/wp\/v2\/types\/page"}],"author":[{"embeddable":true,"href":"https:\/\/www.danburykarateschool.com\/es\/wp-json\/wp\/v2\/users\/8"}],"replies":[{"embeddable":true,"href":"https:\/\/www.danburykarateschool.com\/es\/wp-json\/wp\/v2\/comments?post=8723"}],"version-history":[{"count":1,"href":"https:\/\/www.danburykarateschool.com\/es\/wp-json\/wp\/v2\/pages\/8723\/revisions"}],"predecessor-version":[{"id":8738,"href":"https:\/\/www.danburykarateschool.com\/es\/wp-json\/wp\/v2\/pages\/8723\/revisions\/8738"}],"up":[{"embeddable":true,"href":"https:\/\/www.danburykarateschool.com\/es\/wp-json\/wp\/v2\/pages\/8614"}],"wp:attachment":[{"href":"https:\/\/www.danburykarateschool.com\/es\/wp-json\/wp\/v2\/media?parent=8723"}],"curies":[{"name":"wp","href":"https:\/\/api.w.org\/{rel}","templated":true}]}}