{"id":8700,"date":"2018-02-27T14:38:12","date_gmt":"2018-02-27T19:38:12","guid":{"rendered":"https:\/\/www.danburykarateschool.com\/nuestras-clases-de-karate\/clases-de-karate-infantil-7-11-anos\/"},"modified":"2024-05-09T12:23:52","modified_gmt":"2024-05-09T16:23:52","slug":"clases-de-karate-infantil-7-11-anos","status":"publish","type":"page","link":"https:\/\/www.danburykarateschool.com\/es\/nuestras-clases-de-karate\/clases-de-karate-infantil-7-11-anos\/","title":{"rendered":"Clases de k\u00e1rate infantil &#8211; 7-11 a\u00f1os"},"content":{"rendered":"<p>[et_pb_section fb_built=\u00bb1&#8243; _builder_version=\u00bb4.16&#8243; custom_padding=\u00bb30px||||false|false\u00bb global_colors_info=\u00bb{}\u00bb][et_pb_row _builder_version=\u00bb4.16&#8243; global_colors_info=\u00bb{}\u00bb][et_pb_column type=\u00bb4_4&#8243; _builder_version=\u00bb4.16&#8243; custom_padding=\u00bb|||\u00bb global_colors_info=\u00bb{}\u00bb custom_padding__hover=\u00bb|||\u00bb][et_pb_post_title title=\u00bboff\u00bb meta=\u00bboff\u00bb featured_image=\u00bboff\u00bb text_color=\u00bblight\u00bb admin_label=\u00bbBeginner Level\u00bb module_class=\u00bbpost-title-class\u00bb _builder_version=\u00bb4.16&#8243; title_font=\u00bb|700|||||||\u00bb title_text_align=\u00bbleft\u00bb title_text_color=\u00bb#000000&#8243; title_font_size=\u00bb36px\u00bb global_colors_info=\u00bb{}\u00bb][\/et_pb_post_title][et_pb_text _builder_version=\u00bb4.16&#8243; _module_preset=\u00bbdefault\u00bb global_colors_info=\u00bb{}\u00bb]<\/p>\n<h1>Clase de k\u00e1rate de 7 a 11 a\u00f1os<\/h1>\n<p>[\/et_pb_text][\/et_pb_column][\/et_pb_row][et_pb_row _builder_version=\u00bb4.16&#8243; global_colors_info=\u00bb{}\u00bb][et_pb_column type=\u00bb4_4&#8243; _builder_version=\u00bb4.16&#8243; custom_padding=\u00bb|||\u00bb global_colors_info=\u00bb{}\u00bb custom_padding__hover=\u00bb|||\u00bb][et_pb_text admin_label=\u00bbIntro &#8211; Beginner\u00bb _builder_version=\u00bb4.16&#8243; text_text_color=\u00bb#000000&#8243; text_font_size=\u00bb20px\u00bb header_text_color=\u00bb#000000&#8243; header_2_text_color=\u00bb#000000&#8243; header_3_text_color=\u00bb#000000&#8243; header_4_text_color=\u00bb#000000&#8243; header_5_text_color=\u00bb#000000&#8243; header_6_text_color=\u00bb#000000&#8243; background_layout=\u00bbdark\u00bb global_colors_info=\u00bb{}\u00bb]<\/p>\n<p>Nuestras clases de <strong>k\u00e1rate para ni\u00f1os principiantes<\/strong> son para alumnos de 7 a 11 a\u00f1os. El k\u00e1rate comienza con lo b\u00e1sico llamado <a href=\"https:\/\/www.danburykarateschool.com\/es\/nuestra-escuela-de-karate\/bienvenido-a\/\"><br \/>\n  <strong>KIHON<\/strong><br \/>\n<\/a>. La lucha libre es el objetivo, y a esto lo llamamos <strong>KUMITE<\/strong>.<\/p>\n<p>En <strong>primer lugar<\/strong>, los alumnos aprenden los movimientos del cuerpo. Estos movimientos incluyen el uso de brazos, manos, codos, piernas, rodillas y pies. En <strong>segundo<\/strong> lugar, reconocen cu\u00e1les son sus puntos fuertes y d\u00e9biles. <strong>Tercero<\/strong>, nuestros ejercicios les ayudan a desarrollar su coordinaci\u00f3n y agilidad. El rendimiento mejora en otros deportes en los que participan.<\/p>\n<p>Los alumnos principiantes empiezan a aprender <strong>KATA<\/strong>, que son ejercicios de forma. Estos katas son combinaciones de todos los diferentes movimientos del cuerpo. T\u00e9cnicas que incluyen pu\u00f1etazos, bloqueos, patadas y posturas. Esto construye una base para aprender movimientos y t\u00e9cnicas avanzados.<\/p>\n<p>[\/et_pb_text][\/et_pb_column][\/et_pb_row][et_pb_row column_structure=\u00bb2_3,1_3&#8243; use_custom_gutter=\u00bbon\u00bb _builder_version=\u00bb4.16&#8243; global_colors_info=\u00bb{}\u00bb][et_pb_column type=\u00bb2_3&#8243; _builder_version=\u00bb4.16&#8243; background_color=\u00bb#eaeaea\u00bb custom_padding=\u00bb20px|35px|35px|35px|false|false\u00bb global_colors_info=\u00bb{}\u00bb custom_padding__hover=\u00bb|||\u00bb][et_pb_text admin_label=\u00bbTexte- Beginner\u00bb _builder_version=\u00bb4.16&#8243; text_text_color=\u00bb#000000&#8243; header_text_color=\u00bb#000000&#8243; header_2_text_color=\u00bb#000000&#8243; header_3_text_color=\u00bb#000000&#8243; header_4_text_color=\u00bb#000000&#8243; header_5_text_color=\u00bb#000000&#8243; header_6_text_color=\u00bb#000000&#8243; background_color=\u00bbrgba(0,0,0,0)\u00bb global_colors_info=\u00bb{}\u00bb]<\/p>\n<div class=\"et_pb_module et_pb_text et_pb_text_2 et_pb_text_align_left et_pb_bg_layout_light\">\n<div class=\"et_pb_text_inner\">\n<p style=\"text-align: center;\"><strong>CLASES DE KARATE PARA NI\u00d1OS PRINCIPIANTES<\/strong><\/p>\n<p>Las t\u00e9cnicas b\u00e1sicas se dividen en posturas, t\u00e9cnicas de manos y t\u00e9cnicas de pies. Nuestras clases de k\u00e1rate para ni\u00f1os introducen estas t\u00e9cnicas a todos nuestros alumnos y deben aprender a comprender que se necesita deseo, determinaci\u00f3n, paciencia y pr\u00e1ctica. As\u00ed comienza el viaje de desarrollo de las bases para centrarse en la t\u00e9cnica, el equilibrio, el respeto a uno mismo, lo que en \u00faltima instancia conduce a la construcci\u00f3n de la confianza en uno mismo. A continuaci\u00f3n se introducen otros aspectos:<\/p>\n<ul>\n<li><strong>Reglas y conducta del Dojo<\/strong> &#8211; Reglas que seguimos y la conducta que debe cumplirse.<\/li>\n<li><strong>Terminolog\u00eda japonesa<\/strong> &#8211; Ense\u00f1amos t\u00e9cnicas en japon\u00e9s y en ingl\u00e9s.<\/li>\n<li><strong>KIHON<\/strong> &#8211; T\u00e9cnicas b\u00e1sicas:\n<ul>\n<li>Posturas<\/li>\n<li>Punzones<\/li>\n<li>Patadas<\/li>\n<\/ul>\n<\/li>\n<li><strong>KATA<\/strong> &#8211; Ejercicios de forma compuestos por combinaciones de posturas, pu\u00f1etazos y patadas.<\/li>\n<li><strong>KUMITE<\/strong> &#8211; Lucha\n<ul>\n<li>Patadas y pu\u00f1etazos sobre escudos acolchados y manoplas.<\/li>\n<li>T\u00e9cnicas aprendidas aplicadas uno a uno.<\/li>\n<li>Combate ligero bajo la supervisi\u00f3n del instructor.<\/li>\n<\/ul>\n<\/li>\n<\/ul>\n<ul>\n<li style=\"list-style-type: none;\">\n<\/li>\n<\/ul>\n<\/div>\n<\/div>\n<p>[\/et_pb_text][\/et_pb_column][et_pb_column type=\u00bb1_3&#8243; _builder_version=\u00bb4.16&#8243; custom_padding=\u00bb|||\u00bb global_colors_info=\u00bb{}\u00bb custom_padding__hover=\u00bb|||\u00bb][et_pb_image src=\u00bbhttps:\/\/www.danburykarateschool.com\/wp-content\/uploads\/2021\/03\/CTW-Classes-Beginner.jpg\u00bb alt=\u00bbKarate Infantil Nivel Principiante\u00bb align=\u00bbcenter\u00bb align_tablet=\u00bbcenter\u00bb align_phone=\u00bb\u00bb align_last_edited=\u00bbon|desktop\u00bb admin_label=\u00bbimage &#8211; Beginner\u00bb _builder_version=\u00bb4.16&#8243; border_width_bottom=\u00bb5px\u00bb border_color_bottom=\u00bb#ec3331&#8243; global_colors_info=\u00bb{}\u00bb][\/et_pb_image][\/et_pb_column][\/et_pb_row][\/et_pb_section]<\/p>\n","protected":false},"excerpt":{"rendered":"<p>Clase de k\u00e1rate de 7 a 11 a\u00f1os Nuestras clases de k\u00e1rate para ni\u00f1os principiantes son para alumnos de 7 a 11 a\u00f1os. El k\u00e1rate comienza con lo b\u00e1sico llamado KIHON . La lucha libre es el objetivo, y a esto lo llamamos KUMITE. En primer lugar, los alumnos aprenden los movimientos del cuerpo. Estos [&hellip;]<\/p>\n","protected":false},"author":8,"featured_media":0,"parent":8689,"menu_order":20,"comment_status":"closed","ping_status":"closed","template":"","meta":{"_et_pb_use_builder":"on","_et_pb_old_content":"","_et_gb_content_width":"","footnotes":""},"class_list":["post-8700","page","type-page","status-publish","hentry"],"_links":{"self":[{"href":"https:\/\/www.danburykarateschool.com\/es\/wp-json\/wp\/v2\/pages\/8700","targetHints":{"allow":["GET"]}}],"collection":[{"href":"https:\/\/www.danburykarateschool.com\/es\/wp-json\/wp\/v2\/pages"}],"about":[{"href":"https:\/\/www.danburykarateschool.com\/es\/wp-json\/wp\/v2\/types\/page"}],"author":[{"embeddable":true,"href":"https:\/\/www.danburykarateschool.com\/es\/wp-json\/wp\/v2\/users\/8"}],"replies":[{"embeddable":true,"href":"https:\/\/www.danburykarateschool.com\/es\/wp-json\/wp\/v2\/comments?post=8700"}],"version-history":[{"count":1,"href":"https:\/\/www.danburykarateschool.com\/es\/wp-json\/wp\/v2\/pages\/8700\/revisions"}],"predecessor-version":[{"id":8711,"href":"https:\/\/www.danburykarateschool.com\/es\/wp-json\/wp\/v2\/pages\/8700\/revisions\/8711"}],"up":[{"embeddable":true,"href":"https:\/\/www.danburykarateschool.com\/es\/wp-json\/wp\/v2\/pages\/8689"}],"wp:attachment":[{"href":"https:\/\/www.danburykarateschool.com\/es\/wp-json\/wp\/v2\/media?parent=8700"}],"curies":[{"name":"wp","href":"https:\/\/api.w.org\/{rel}","templated":true}]}}