{"id":8675,"date":"2018-02-27T14:38:42","date_gmt":"2018-02-27T19:38:42","guid":{"rendered":"https:\/\/www.danburykarateschool.com\/karate-nivel-intermedio\/"},"modified":"2024-05-09T12:23:52","modified_gmt":"2024-05-09T16:23:52","slug":"karate-nivel-intermedio","status":"publish","type":"page","link":"https:\/\/www.danburykarateschool.com\/es\/nuestras-clases-de-karate\/karate-nivel-intermedio\/","title":{"rendered":"K\u00e1rate &#8211; Nivel intermedio"},"content":{"rendered":"<p>[et_pb_section fb_built=\u00bb1&#8243; _builder_version=\u00bb4.6.4&#8243; custom_padding=\u00bb30px||||false|false\u00bb global_colors_info=\u00bb{}\u00bb][et_pb_row _builder_version=\u00bb4.6.4&#8243; global_colors_info=\u00bb{}\u00bb][et_pb_column type=\u00bb4_4&#8243; _builder_version=\u00bb3.25&#8243; custom_padding=\u00bb|||\u00bb global_colors_info=\u00bb{}\u00bb custom_padding__hover=\u00bb|||\u00bb][et_pb_post_title meta=\u00bboff\u00bb featured_image=\u00bboff\u00bb text_color=\u00bblight\u00bb admin_label=\u00bbIntermediate Level\u00bb module_class=\u00bbpost-title-class\u00bb _builder_version=\u00bb4.14.2&#8243; title_font=\u00bb|700|||||||\u00bb title_text_align=\u00bbleft\u00bb title_text_color=\u00bb#000000&#8243; title_font_size=\u00bb36px\u00bb hover_enabled=\u00bb0&#8243; global_colors_info=\u00bb{}\u00bb title=\u00bboff\u00bb sticky_enabled=\u00bb0&#8243;][\/et_pb_post_title][et_pb_text _builder_version=\u00bb4.14.2&#8243; _module_preset=\u00bbdefault\u00bb hover_enabled=\u00bb0&#8243; sticky_enabled=\u00bb0&#8243;]<\/p>\n<h1>Clase de k\u00e1rate de nivel intermedio<\/h1>\n<p>[\/et_pb_text][\/et_pb_column][\/et_pb_row][et_pb_row _builder_version=\u00bb4.6.4&#8243; global_colors_info=\u00bb{}\u00bb][et_pb_column type=\u00bb4_4&#8243; _builder_version=\u00bb3.25&#8243; custom_padding=\u00bb|||\u00bb global_colors_info=\u00bb{}\u00bb custom_padding__hover=\u00bb|||\u00bb][et_pb_text admin_label=\u00bbIntro &#8211; Intermediate\u00bb _builder_version=\u00bb4.6.6&#8243; text_text_color=\u00bb#000000&#8243; text_font_size=\u00bb20px\u00bb header_text_color=\u00bb#000000&#8243; header_2_text_color=\u00bb#000000&#8243; header_3_text_color=\u00bb#000000&#8243; header_4_text_color=\u00bb#000000&#8243; header_5_text_color=\u00bb#000000&#8243; header_6_text_color=\u00bb#000000&#8243; global_colors_info=\u00bb{}\u00bb]<\/p>\n<p>Una vez que nuestros alumnos est\u00e1n preparados y han sido promocionados, los introducimos en nuestras clases de <strong>NIVEL INTERMEDIO<\/strong>. Estas clases de nivel est\u00e1n pensadas para alumnos con rango de <strong>Punta Amarilla, Cintur\u00f3n Amarillo, Punta Naranja, Cintur\u00f3n Naranja y Punta Verde<\/strong>.<\/p>\n<p>[\/et_pb_text][\/et_pb_column][\/et_pb_row][et_pb_row column_structure=\u00bb2_3,1_3&#8243; use_custom_gutter=\u00bbon\u00bb _builder_version=\u00bb4.6.4&#8243; global_colors_info=\u00bb{}\u00bb][et_pb_column type=\u00bb2_3&#8243; _builder_version=\u00bb4.6.4&#8243; background_color=\u00bb#eaeaea\u00bb custom_padding=\u00bb20px|35px|35px|35px|false|false\u00bb global_colors_info=\u00bb{}\u00bb custom_padding__hover=\u00bb|||\u00bb][et_pb_text admin_label=\u00bbTexte &#8211; Intermediate\u00bb _builder_version=\u00bb4.6.6&#8243; text_text_color=\u00bb#000000&#8243; header_text_color=\u00bb#000000&#8243; header_2_text_color=\u00bb#000000&#8243; header_3_text_color=\u00bb#000000&#8243; header_4_text_color=\u00bb#000000&#8243; header_5_text_color=\u00bb#000000&#8243; header_6_text_color=\u00bb#000000&#8243; background_color=\u00bbrgba(0,0,0,0)\u00bb custom_padding=\u00bb0px|0px|0px|0px|false|false\u00bb global_colors_info=\u00bb{}\u00bb]<\/p>\n<div class=\"et_pb_module et_pb_text et_pb_text_2 et_pb_text_align_left et_pb_bg_layout_light\">\n<div class=\"et_pb_text_inner\">\n<p style=\"text-align: center;\"><strong>CLASE DE KARATE NIVEL INTERMEDIO<\/strong><\/p>\n<p>Estos alumnos empiezan a desarrollar los fundamentos que se les han ense\u00f1ado y comienzan a aprender t\u00e9cnicas m\u00e1s complejas. Contin\u00faan con formas kata superiores y comienzan a estudiar el manejo de las armas tradicionales japonesas.<\/p>\n<ul>\n<li><strong>KIHON<\/strong> &#8211; T\u00e9cnicas b\u00e1sicas intermedias que incluyen:\n<ul>\n<li>Posturas<\/li>\n<li>Punzones<\/li>\n<li>Patadas<\/li>\n<li>Bloquea<\/li>\n<li>Shuto (mano de cuchillo)<\/li>\n<\/ul>\n<\/li>\n<li><strong>KATA<\/strong> &#8211; Ejercicios de forma compuestos por combinaciones de posturas, pu\u00f1etazos y patadas.<\/li>\n<li><strong>ARMAS<\/strong> &#8211; Introducci\u00f3n al manejo y las t\u00e9cnicas b\u00e1sicas de las armas tradicionales japonesas, que incluyen el bo, el tonfa y el nunchaku.<\/li>\n<li><strong>KUMITE<\/strong> &#8211; Lucha\n<ul>\n<li>Patadas y pu\u00f1etazos sobre escudos acolchados y manoplas.<\/li>\n<li>Juego de pies y posturas.<\/li>\n<li>Combinaciones intermedias de pu\u00f1etazos, patadas y bloqueos simuladas con un compa\u00f1ero.<\/li>\n<li>Combate ligero bajo la supervisi\u00f3n del instructor.<\/li>\n<\/ul>\n<\/li>\n<li><strong>ENTRENAMIENTO FITNESS<\/strong> &#8211; Entrenamiento cardiovascular.<\/li>\n<\/ul>\n<ul>\n<li style=\"list-style-type: none;\">\n<\/li>\n<\/ul>\n<ul>\n<li style=\"list-style-type: none;\">\n<\/li>\n<\/ul>\n<\/div>\n<\/div>\n<p>[\/et_pb_text][\/et_pb_column][et_pb_column type=\u00bb1_3&#8243; _builder_version=\u00bb3.25&#8243; custom_padding=\u00bb|||\u00bb global_colors_info=\u00bb{}\u00bb custom_padding__hover=\u00bb|||\u00bb][et_pb_image src=\u00bbhttps:\/\/www.danburykarateschool.com\/wp-content\/uploads\/2021\/03\/CTW-Classes-Interm.jpg\u00bb title_text=\u00bbNivel intermedio\u00bb align_tablet=\u00bbcenter\u00bb align_phone=\u00bb\u00bb align_last_edited=\u00bbon|desktop\u00bb admin_label=\u00bbImage &#8211; intermediate\u00bb _builder_version=\u00bb4.6.6&#8243; border_color_bottom=\u00bb#ec3331&#8243; global_colors_info=\u00bb{}\u00bb][\/et_pb_image][\/et_pb_column][\/et_pb_row][\/et_pb_section]<\/p>\n","protected":false},"excerpt":{"rendered":"<p>Clase de k\u00e1rate de nivel intermedio Una vez que nuestros alumnos est\u00e1n preparados y han sido promocionados, los introducimos en nuestras clases de NIVEL INTERMEDIO. Estas clases de nivel est\u00e1n pensadas para alumnos con rango de Punta Amarilla, Cintur\u00f3n Amarillo, Punta Naranja, Cintur\u00f3n Naranja y Punta Verde. CLASE DE KARATE NIVEL INTERMEDIO Estos alumnos empiezan [&hellip;]<\/p>\n","protected":false},"author":8,"featured_media":0,"parent":8689,"menu_order":30,"comment_status":"closed","ping_status":"closed","template":"","meta":{"_et_pb_use_builder":"on","_et_pb_old_content":"","_et_gb_content_width":"","footnotes":""},"class_list":["post-8675","page","type-page","status-publish","hentry"],"_links":{"self":[{"href":"https:\/\/www.danburykarateschool.com\/es\/wp-json\/wp\/v2\/pages\/8675","targetHints":{"allow":["GET"]}}],"collection":[{"href":"https:\/\/www.danburykarateschool.com\/es\/wp-json\/wp\/v2\/pages"}],"about":[{"href":"https:\/\/www.danburykarateschool.com\/es\/wp-json\/wp\/v2\/types\/page"}],"author":[{"embeddable":true,"href":"https:\/\/www.danburykarateschool.com\/es\/wp-json\/wp\/v2\/users\/8"}],"replies":[{"embeddable":true,"href":"https:\/\/www.danburykarateschool.com\/es\/wp-json\/wp\/v2\/comments?post=8675"}],"version-history":[{"count":5,"href":"https:\/\/www.danburykarateschool.com\/es\/wp-json\/wp\/v2\/pages\/8675\/revisions"}],"predecessor-version":[{"id":8728,"href":"https:\/\/www.danburykarateschool.com\/es\/wp-json\/wp\/v2\/pages\/8675\/revisions\/8728"}],"up":[{"embeddable":true,"href":"https:\/\/www.danburykarateschool.com\/es\/wp-json\/wp\/v2\/pages\/8689"}],"wp:attachment":[{"href":"https:\/\/www.danburykarateschool.com\/es\/wp-json\/wp\/v2\/media?parent=8675"}],"curies":[{"name":"wp","href":"https:\/\/api.w.org\/{rel}","templated":true}]}}