{"id":8645,"date":"2020-11-23T16:47:39","date_gmt":"2020-11-23T21:47:39","guid":{"rendered":"https:\/\/www.danburykarateschool.com\/nuestra-escuela-de-karate\/nuestro-gran-maestre\/"},"modified":"2024-05-09T12:23:20","modified_gmt":"2024-05-09T16:23:20","slug":"nuestro-gran-maestre","status":"publish","type":"page","link":"https:\/\/www.danburykarateschool.com\/es\/nuestra-escuela-de-karate\/nuestro-gran-maestre\/","title":{"rendered":"Nuestro Gran Maestre"},"content":{"rendered":"<p>[et_pb_section fb_built=\u00bb1&#8243; _builder_version=\u00bb4.6.3&#8243; custom_padding=\u00bb30px||||false|false\u00bb global_colors_info=\u00bb{}\u00bb][et_pb_row _builder_version=\u00bb4.6.3&#8243; global_colors_info=\u00bb{}\u00bb][et_pb_column type=\u00bb4_4&#8243; _builder_version=\u00bb3.25&#8243; custom_padding=\u00bb|||\u00bb global_colors_info=\u00bb{}\u00bb custom_padding__hover=\u00bb|||\u00bb][et_pb_post_title meta=\u00bboff\u00bb featured_image=\u00bboff\u00bb text_color=\u00bblight\u00bb module_class=\u00bbpost-title-class\u00bb _builder_version=\u00bb4.14.2&#8243; title_font=\u00bb|700|||||||\u00bb title_text_align=\u00bbleft\u00bb title_text_color=\u00bb#000000&#8243; title_font_size=\u00bb36px\u00bb hover_enabled=\u00bb0&#8243; global_colors_info=\u00bb{}\u00bb title=\u00bboff\u00bb sticky_enabled=\u00bb0&#8243;][\/et_pb_post_title][et_pb_text _builder_version=\u00bb4.14.2&#8243; _module_preset=\u00bbdefault\u00bb hover_enabled=\u00bb0&#8243; sticky_enabled=\u00bb0&#8243;]<\/p>\n<h1>Nuestro Gran Maestro de K\u00e1rate<\/h1>\n<p>[\/et_pb_text][\/et_pb_column][\/et_pb_row][et_pb_row column_structure=\u00bb1_3,2_3&#8243; use_custom_gutter=\u00bbon\u00bb make_equal=\u00bbon\u00bb _builder_version=\u00bb4.6.5&#8243; global_colors_info=\u00bb{}\u00bb][et_pb_column type=\u00bb1_3&#8243; _builder_version=\u00bb3.25&#8243; custom_padding=\u00bb|||\u00bb global_colors_info=\u00bb{}\u00bb custom_padding__hover=\u00bb|||\u00bb][et_pb_image src=\u00bbhttps:\/\/www.danburykarateschool.com\/wp-content\/uploads\/2021\/04\/CTW-School-Master-2.jpg\u00bb title_text=\u00bbGran Maestre\u00bb align_tablet=\u00bbcenter\u00bb align_phone=\u00bb\u00bb align_last_edited=\u00bbon|desktop\u00bb admin_label=\u00bbImage-Master\u00bb _builder_version=\u00bb4.6.6&#8243; always_center_on_mobile=\u00bbon\u00bb global_colors_info=\u00bb{}\u00bb][\/et_pb_image][\/et_pb_column][et_pb_column type=\u00bb2_3&#8243; _builder_version=\u00bb4.6.3&#8243; background_color=\u00bb#eaeaea\u00bb custom_padding=\u00bb|||\u00bb global_colors_info=\u00bb{}\u00bb custom_padding__hover=\u00bb|||\u00bb][et_pb_text admin_label=\u00bbBio &#8211; Hanshi Manny\u00bb _builder_version=\u00bb4.6.6&#8243; text_text_color=\u00bb#000000&#8243; header_text_color=\u00bb#000000&#8243; header_2_text_color=\u00bb#000000&#8243; header_3_text_color=\u00bb#000000&#8243; header_4_text_color=\u00bb#000000&#8243; header_5_text_color=\u00bb#000000&#8243; header_6_text_color=\u00bb#000000&#8243; background_layout=\u00bbdark\u00bb custom_padding=\u00bb20px|35px|35px|35px\u00bb global_colors_info=\u00bb{}\u00bb]<\/p>\n<p style=\"text-align: center;\"><strong>HANSHI MANNY MATIAS,<sup>8\u00ba<\/sup> DAN<\/strong><\/p>\n<p><strong>Hanshi Manny Matias,<sup>8\u00ba<\/sup> dan<\/strong>, <strong>cofundador y Gran Maestro de World Kanreikai Karate<\/strong>, lleva entrenando a alumnos en Estados Unidos y Canad\u00e1 desde 1971.<\/p>\n<p>Durante los a\u00f1os 70 y 80, Manny Mat\u00edas adquiri\u00f3 una s\u00f3lida reputaci\u00f3n como luchador de peso ligero y campe\u00f3n de derribos en toda Norteam\u00e9rica. Desde entonces, ha entrenado a muchos campeones para torneos internacionales de full contact.<\/p>\n<p>Est\u00e1 muy bien considerado en los c\u00edrculos de artes marciales de todo el mundo como luchador y como t\u00e9cnico de k\u00e1rate japon\u00e9s.<\/p>\n<p>Adem\u00e1s de los numerosos premios que ha recibido a lo largo de su carrera, Manny Matias ha aparecido en una pel\u00edcula internacional de artes marciales. Fue admitido en el Sal\u00f3n de la Fama de las Artes Marciales de EE.UU. en 2003, donde fue nombrado \u00abShihan del A\u00f1o en Karate Japon\u00e9s\u00bb, y en 2014, por alcanzar el mayor de los honores posibles, \u00abSal\u00f3n de los H\u00e9roes &#8211; Premio al Legado Viviente \/ Pionero del Karate\u00bb por sus a\u00f1os de dedicaci\u00f3n a las artes marciales.<\/p>\n<p>A mediados de la d\u00e9cada de 1980, Manny decidi\u00f3 seguir a su maestro, Soshu Shigeru Oyama, y contribuy\u00f3 a la fundaci\u00f3n y desarrollo de la Organizaci\u00f3n Mundial de Karate Oyama. En el 4\u00ba puesto de la organizaci\u00f3n, se encontr\u00f3 al mando de miles de estudiantes.<\/p>\n<p>Manny Matias sigui\u00f3 fielmente a su maestro hasta que Soshu Shigeru Oyama cerr\u00f3 su dojo de Nueva York y dimiti\u00f3 como director de la organizaci\u00f3n en 2004.<\/p>\n<p>A partir de entonces, Hanshi Manny Matias, Sensei Robert Underhill, Shihan Denis Cordeiro y Shihan Shlomi Levy fundaron una nueva organizaci\u00f3n llamada \u00abWorld Kanreikai Karate\u00bb. Es en el seno de esta organizaci\u00f3n donde sigue las ense\u00f1anzas de los grandes Maestros Mas Oyama y Shigeru Oyama.<\/p>\n<p>[\/et_pb_text][\/et_pb_column][\/et_pb_row][\/et_pb_section]<\/p>\n","protected":false},"excerpt":{"rendered":"<p>Nuestro Gran Maestro de K\u00e1rate HANSHI MANNY MATIAS,8\u00ba DAN Hanshi Manny Matias,8\u00ba dan, cofundador y Gran Maestro de World Kanreikai Karate, lleva entrenando a alumnos en Estados Unidos y Canad\u00e1 desde 1971. Durante los a\u00f1os 70 y 80, Manny Mat\u00edas adquiri\u00f3 una s\u00f3lida reputaci\u00f3n como luchador de peso ligero y campe\u00f3n de derribos en toda [&hellip;]<\/p>\n","protected":false},"author":8,"featured_media":0,"parent":8614,"menu_order":30,"comment_status":"closed","ping_status":"closed","template":"","meta":{"_et_pb_use_builder":"on","_et_pb_old_content":"","_et_gb_content_width":"","footnotes":""},"class_list":["post-8645","page","type-page","status-publish","hentry"],"_links":{"self":[{"href":"https:\/\/www.danburykarateschool.com\/es\/wp-json\/wp\/v2\/pages\/8645","targetHints":{"allow":["GET"]}}],"collection":[{"href":"https:\/\/www.danburykarateschool.com\/es\/wp-json\/wp\/v2\/pages"}],"about":[{"href":"https:\/\/www.danburykarateschool.com\/es\/wp-json\/wp\/v2\/types\/page"}],"author":[{"embeddable":true,"href":"https:\/\/www.danburykarateschool.com\/es\/wp-json\/wp\/v2\/users\/8"}],"replies":[{"embeddable":true,"href":"https:\/\/www.danburykarateschool.com\/es\/wp-json\/wp\/v2\/comments?post=8645"}],"version-history":[{"count":1,"href":"https:\/\/www.danburykarateschool.com\/es\/wp-json\/wp\/v2\/pages\/8645\/revisions"}],"predecessor-version":[{"id":8653,"href":"https:\/\/www.danburykarateschool.com\/es\/wp-json\/wp\/v2\/pages\/8645\/revisions\/8653"}],"up":[{"embeddable":true,"href":"https:\/\/www.danburykarateschool.com\/es\/wp-json\/wp\/v2\/pages\/8614"}],"wp:attachment":[{"href":"https:\/\/www.danburykarateschool.com\/es\/wp-json\/wp\/v2\/media?parent=8645"}],"curies":[{"name":"wp","href":"https:\/\/api.w.org\/{rel}","templated":true}]}}