{"id":8626,"date":"2020-11-25T21:08:40","date_gmt":"2020-11-26T02:08:40","guid":{"rendered":"https:\/\/www.danburykarateschool.com\/ninos\/"},"modified":"2024-05-09T12:23:20","modified_gmt":"2024-05-09T16:23:20","slug":"ninos","status":"publish","type":"page","link":"https:\/\/www.danburykarateschool.com\/es\/ninos\/","title":{"rendered":"Ni\u00f1os"},"content":{"rendered":"<p>[et_pb_section fb_built=\u00bb1&#8243; fullwidth=\u00bbon\u00bb _builder_version=\u00bb4.16&#8243; global_colors_info=\u00bb{}\u00bb][et_pb_fullwidth_slider show_arrows=\u00bboff\u00bb show_pagination=\u00bboff\u00bb admin_label=\u00bbFullwidth Slider &#8211; Kids\u00bb _builder_version=\u00bb4.23&#8243; text_orientation=\u00bbleft\u00bb min_height=\u00bb450px\u00bb min_height_tablet=\u00bb240px\u00bb min_height_phone=\u00bb120px\u00bb min_height_last_edited=\u00bbon|phone\u00bb saved_tabs=\u00bball\u00bb global_colors_info=\u00bb{}\u00bb button_text_size__hover_enabled=\u00bboff\u00bb button_one_text_size__hover_enabled=\u00bboff\u00bb button_two_text_size__hover_enabled=\u00bboff\u00bb button_text_color__hover_enabled=\u00bboff\u00bb button_one_text_color__hover_enabled=\u00bboff\u00bb button_two_text_color__hover_enabled=\u00bboff\u00bb button_border_width__hover_enabled=\u00bboff\u00bb button_one_border_width__hover_enabled=\u00bboff\u00bb button_two_border_width__hover_enabled=\u00bboff\u00bb button_border_color__hover_enabled=\u00bboff\u00bb button_one_border_color__hover_enabled=\u00bboff\u00bb button_two_border_color__hover_enabled=\u00bboff\u00bb button_border_radius__hover_enabled=\u00bboff\u00bb button_one_border_radius__hover_enabled=\u00bboff\u00bb button_two_border_radius__hover_enabled=\u00bboff\u00bb button_letter_spacing__hover_enabled=\u00bboff\u00bb button_one_letter_spacing__hover_enabled=\u00bboff\u00bb button_two_letter_spacing__hover_enabled=\u00bboff\u00bb button_bg_color__hover_enabled=\u00bboff\u00bb button_one_bg_color__hover_enabled=\u00bboff\u00bb button_two_bg_color__hover_enabled=\u00bboff\u00bb][et_pb_slide heading=\u00bbKARATE INFANTIL\u00bb use_bg_overlay=\u00bboff\u00bb use_text_overlay=\u00bboff\u00bb admin_title=\u00bbKids Page Slider\u00bb _builder_version=\u00bb4.23&#8243; header_level=\u00bbh1&#8243; header_font=\u00bbOswald|700||on|||||\u00bb header_text_align=\u00bbleft\u00bb header_text_color=\u00bb#ffffff\u00bb header_font_size=\u00bb54px\u00bb body_font=\u00bbOswald||||||||\u00bb body_text_align=\u00bbleft\u00bb body_font_size=\u00bb15px\u00bb body_letter_spacing=\u00bb1px\u00bb background_color=\u00bb#ffffff\u00bb background_image=\u00bbhttps:\/\/www.danburykarateschool.com\/wp-content\/uploads\/2021\/03\/CTW-Fullwidth-Kids.jpg\u00bb background_enable_image=\u00bbon\u00bb background_position=\u00bbcenter_right\u00bb button_on_hover=\u00bbon\u00bb custom_padding=\u00bb100px||||false|false\u00bb custom_padding_tablet=\u00bb60px||||false|false\u00bb custom_padding_phone=\u00bb75px||||false|false\u00bb custom_padding_last_edited=\u00bbon|phone\u00bb header_font_tablet=\u00bb\u00bb header_font_phone=\u00bb\u00bb header_font_last_edited=\u00bbon|phone\u00bb header_text_align_tablet=\u00bb\u00bb header_text_align_phone=\u00bbleft\u00bb header_text_align_last_edited=\u00bbon|tablet\u00bb header_font_size_tablet=\u00bb54&#8243; header_font_size_phone=\u00bb54&#8243; body_font_tablet=\u00bb\u00bb body_font_phone=\u00bbOswald||on|on|||||\u00bb body_font_last_edited=\u00bbon|tablet\u00bb body_font_size_tablet=\u00bb10px\u00bb body_font_size_phone=\u00bb8px\u00bb body_font_size_last_edited=\u00bbon|phone\u00bb background_last_edited=\u00bbon|desktop\u00bb custom_css_main_element=\u00bbborder-bottom: 5px solid #ec3130;\u00bb custom_css_slide_description=\u00bbpadding-left:0;\u00bb global_colors_info=\u00bb{}\u00bb button_text_size__hover_enabled=\u00bboff\u00bb button_one_text_size__hover_enabled=\u00bboff\u00bb button_two_text_size__hover_enabled=\u00bboff\u00bb button_text_color__hover_enabled=\u00bboff\u00bb button_one_text_color__hover_enabled=\u00bboff\u00bb button_two_text_color__hover_enabled=\u00bboff\u00bb button_border_width__hover_enabled=\u00bboff\u00bb button_one_border_width__hover_enabled=\u00bboff\u00bb button_two_border_width__hover_enabled=\u00bboff\u00bb button_border_color__hover_enabled=\u00bboff\u00bb button_one_border_color__hover_enabled=\u00bboff\u00bb button_two_border_color__hover_enabled=\u00bboff\u00bb button_border_radius__hover_enabled=\u00bboff\u00bb button_one_border_radius__hover_enabled=\u00bboff\u00bb button_two_border_radius__hover_enabled=\u00bboff\u00bb button_letter_spacing__hover_enabled=\u00bboff\u00bb button_one_letter_spacing__hover_enabled=\u00bboff\u00bb button_two_letter_spacing__hover_enabled=\u00bboff\u00bb button_bg_color__hover_enabled=\u00bboff\u00bb button_one_bg_color__hover_enabled=\u00bboff\u00bb button_two_bg_color__hover_enabled=\u00bboff\u00bb sticky_transition=\u00bbon\u00bb]<\/p>\n<h1>Capacita a tu hijo con las artes marciales<\/h1>\n<h1>Formaci\u00f3n en nuestra escuela de Danbury<\/h1>\n<p><strong><a class=\"book-btn\" href=\"https:\/\/danburykarateschool.sites.zenplanner.com\/sign-up-now.cfm\">INSCR\u00cdBETE<\/a><\/strong><\/p>\n<p>[\/et_pb_slide][\/et_pb_fullwidth_slider][\/et_pb_section][et_pb_section fb_built=\u00bb1&#8243; _builder_version=\u00bb4.16&#8243; global_colors_info=\u00bb{}\u00bb][et_pb_row _builder_version=\u00bb4.16&#8243; global_colors_info=\u00bb{}\u00bb][et_pb_column type=\u00bb4_4&#8243; _builder_version=\u00bb4.16&#8243; custom_padding=\u00bb|||\u00bb global_colors_info=\u00bb{}\u00bb custom_padding__hover=\u00bb|||\u00bb][et_pb_text admin_label=\u00bbTitle -Kids\u00bb module_class=\u00bbskew\u00bb _builder_version=\u00bb4.16&#8243; text_text_color=\u00bb#000000&#8243; text_font_size=\u00bb30px\u00bb header_font=\u00bb|600|||||||\u00bb header_text_color=\u00bb#000000&#8243; header_font_size=\u00bb36px\u00bb header_2_text_color=\u00bb#000000&#8243; header_2_font_size=\u00bb30px\u00bb header_3_text_color=\u00bb#000000&#8243; header_4_text_color=\u00bb#000000&#8243; header_5_text_color=\u00bb#000000&#8243; header_6_text_color=\u00bb#000000&#8243; background_color=\u00bbrgba(0,0,0,0)\u00bb global_colors_info=\u00bb{}\u00bb]<\/p>\n<h1>Clases de k\u00e1rate para ni\u00f1os COnnecticut<\/h1>\n<p>[\/et_pb_text][\/et_pb_column][\/et_pb_row][et_pb_row column_structure=\u00bb1_2,1_2&#8243; _builder_version=\u00bb4.16&#8243; background_size=\u00bbinitial\u00bb background_position=\u00bbtop_left\u00bb background_repeat=\u00bbrepeat\u00bb global_colors_info=\u00bb{}\u00bb][et_pb_column type=\u00bb1_2&#8243; _builder_version=\u00bb4.16&#8243; custom_padding=\u00bb|||\u00bb global_colors_info=\u00bb{}\u00bb custom_padding__hover=\u00bb|||\u00bb][et_pb_text admin_label=\u00bbIntro &#8211; Kids\u00bb _builder_version=\u00bb4.16&#8243; text_text_color=\u00bb#000000&#8243; text_line_height=\u00bb1.3em\u00bb header_text_color=\u00bb#000000&#8243; header_2_text_color=\u00bb#000000&#8243; header_3_text_color=\u00bb#000000&#8243; header_4_text_color=\u00bb#000000&#8243; header_5_text_color=\u00bb#000000&#8243; header_6_text_color=\u00bb#000000&#8243; background_color=\u00bbrgba(0,0,0,0)\u00bb saved_tabs=\u00bball\u00bb global_colors_info=\u00bb{}\u00bb]<\/p>\n<div class=\"et_pb_module et_pb_text et_pb_text_1 et_pb_text_align_left et_pb_bg_layout_light\">\n<div class=\"et_pb_text_inner\">\n<p>Desde 1993, <strong>Kanreikai Karate of Connecticut<\/strong> ha sido un faro de excelencia en artes marciales en la zona de Danbury. Nuestra escuela est\u00e1 especializada en k\u00e1rate tradicional japon\u00e9s y ofrece un completo programa de artes marciales para ni\u00f1os, adolescentes y adultos. Somos algo m\u00e1s que una escuela de artes marciales; somos una comunidad dedicada a dotar a nuestros alumnos de habilidades para la vida.<\/p>\n<h3>Ver nuestras clases:<\/h3>\n<p><a href=\"https:\/\/www.danburykarateschool.com\/karate-classes\/4-6-years-old\/\"><strong>Introducci\u00f3n: Clases de k\u00e1rate para ni\u00f1os de 4 a 6 a\u00f1os<\/strong><\/a><\/p>\n<p><strong><a href=\"https:\/\/www.danburykarateschool.com\/karate-classes\/7-11-years-old\/\">Clases de k\u00e1rate para 7-11 a\u00f1os<\/a><\/strong><\/p>\n<\/div>\n<\/div>\n<p>[\/et_pb_text][\/et_pb_column][et_pb_column type=\u00bb1_2&#8243; _builder_version=\u00bb4.16&#8243; custom_padding=\u00bb|||\u00bb global_colors_info=\u00bb{}\u00bb custom_padding__hover=\u00bb|||\u00bb][et_pb_image src=\u00bbhttps:\/\/www.danburykarateschool.com\/wp-content\/uploads\/2021\/03\/CTW-Kids-1.jpg\u00bb title_text=\u00bbKanreikai para ni\u00f1os\u00bb admin_label=\u00bbImage-Kids-1&#8243; _builder_version=\u00bb4.16&#8243; _module_preset=\u00bbdefault\u00bb global_colors_info=\u00bb{}\u00bb][\/et_pb_image][\/et_pb_column][\/et_pb_row][\/et_pb_section][et_pb_section fb_built=\u00bb1&#8243; _builder_version=\u00bb4.16&#8243; background_color=\u00bb#eaeaea\u00bb global_colors_info=\u00bb{}\u00bb][et_pb_row _builder_version=\u00bb4.16&#8243; global_colors_info=\u00bb{}\u00bb][et_pb_column type=\u00bb4_4&#8243; _builder_version=\u00bb4.16&#8243; custom_padding=\u00bb|||\u00bb global_colors_info=\u00bb{}\u00bb custom_padding__hover=\u00bb|||\u00bb][et_pb_text admin_label=\u00bbAt Kanreikai CT&#8230;\u00bb module_class=\u00bbskew\u00bb _builder_version=\u00bb4.16&#8243; text_text_color=\u00bb#000000&#8243; header_text_color=\u00bb#000000&#8243; header_2_text_align=\u00bbleft\u00bb header_2_text_color=\u00bb#000000&#8243; header_2_font_size=\u00bb36px\u00bb header_3_text_color=\u00bb#000000&#8243; header_4_text_color=\u00bb#000000&#8243; header_5_text_color=\u00bb#000000&#8243; header_6_text_color=\u00bb#000000&#8243; background_color=\u00bbrgba(0,0,0,0)\u00bb global_colors_info=\u00bb{}\u00bb]<\/p>\n<h2>\u00bfPor qu\u00e9 elegir el k\u00e1rate Kanreikai para tu hijo?<\/h2>\n<p>[\/et_pb_text][\/et_pb_column][\/et_pb_row][et_pb_row column_structure=\u00bb1_2,1_2&#8243; make_equal=\u00bbon\u00bb _builder_version=\u00bb4.16&#8243; custom_padding=\u00bb||0px||false|false\u00bb global_colors_info=\u00bb{}\u00bb][et_pb_column type=\u00bb1_2&#8243; _builder_version=\u00bb4.16&#8243; background_color=\u00bb#ffffff\u00bb custom_padding=\u00bb|||\u00bb global_colors_info=\u00bb{}\u00bb custom_padding__hover=\u00bb|||\u00bb][et_pb_text admin_label=\u00bbChildren gets a fitness&#8230;\u00bb module_class=\u00bbaccueil-tier-title\u00bb _builder_version=\u00bb4.16&#8243; text_text_color=\u00bb#ffffff\u00bb text_font_size=\u00bb20px\u00bb header_text_color=\u00bb#ffffff\u00bb header_2_text_align=\u00bbcenter\u00bb header_2_text_color=\u00bb#ffffff\u00bb header_3_font=\u00bb|600||on|||||\u00bb header_3_text_align=\u00bbcenter\u00bb header_3_text_color=\u00bb#ffffff\u00bb header_3_font_size=\u00bb24px\u00bb header_4_text_color=\u00bb#ffffff\u00bb header_5_text_color=\u00bb#ffffff\u00bb header_6_text_color=\u00bb#ffffff\u00bb background_color=\u00bb#000000&#8243; custom_margin=\u00bb||0px||false|false\u00bb custom_padding=\u00bb10px||0px|\u00bb border_width_top=\u00bb0px\u00bb border_width_right=\u00bb0px\u00bb border_color_bottom=\u00bb#ea3337&#8243; border_width_left=\u00bb0px\u00bb saved_tabs=\u00bball\u00bb global_colors_info=\u00bb{}\u00bb]<\/p>\n<h3 class=\"accueil-middle-tier\">Karate tradicional japon\u00e9s con un enfoque moderno<\/h3>\n<p>[\/et_pb_text][et_pb_text admin_label=\u00bbText\u00bb _builder_version=\u00bb4.16&#8243; text_text_color=\u00bb#000000&#8243; text_line_height=\u00bb1.3em\u00bb header_text_color=\u00bb#000000&#8243; header_2_text_color=\u00bb#000000&#8243; header_3_text_color=\u00bb#000000&#8243; header_4_text_color=\u00bb#000000&#8243; header_5_text_color=\u00bb#000000&#8243; header_6_text_color=\u00bb#000000&#8243; text_orientation=\u00bbcenter\u00bb custom_padding=\u00bb20px|30px|30px|30px|false|false\u00bb saved_tabs=\u00bball\u00bb global_colors_info=\u00bb{}\u00bb]<\/p>\n<p>Nuestras clases combinan las t\u00e9cnicas intemporales del k\u00e1rate tradicional con m\u00e9todos de entrenamiento contempor\u00e1neos, garantizando un desarrollo integral de cada alumno.<\/p>\n<p>[\/et_pb_text][\/et_pb_column][et_pb_column type=\u00bb1_2&#8243; _builder_version=\u00bb4.16&#8243; background_color=\u00bb#ffffff\u00bb custom_padding=\u00bb|||\u00bb global_colors_info=\u00bb{}\u00bb custom_padding__hover=\u00bb|||\u00bb][et_pb_text admin_label=\u00bbChildren learn to work hard&#8230;\u00bb module_class=\u00bbaccueil-tier-title\u00bb _builder_version=\u00bb4.16&#8243; text_text_color=\u00bb#ffffff\u00bb text_font_size=\u00bb20px\u00bb header_text_color=\u00bb#ffffff\u00bb header_2_text_align=\u00bbcenter\u00bb header_2_text_color=\u00bb#ffffff\u00bb header_3_font=\u00bb|600||on|||||\u00bb header_3_text_align=\u00bbcenter\u00bb header_3_text_color=\u00bb#ffffff\u00bb header_3_font_size=\u00bb24px\u00bb header_4_text_color=\u00bb#ffffff\u00bb header_5_text_color=\u00bb#ffffff\u00bb header_6_text_color=\u00bb#ffffff\u00bb background_color=\u00bb#000000&#8243; custom_margin=\u00bb||0px||false|false\u00bb custom_padding=\u00bb10px||0px|\u00bb border_width_top=\u00bb0px\u00bb border_width_right=\u00bb0px\u00bb border_color_bottom=\u00bb#ea3337&#8243; border_width_left=\u00bb0px\u00bb saved_tabs=\u00bball\u00bb global_colors_info=\u00bb{}\u00bb]<\/p>\n<h3>Clases a medida para ni\u00f1os de todas las edades:<\/h3>\n<p>[\/et_pb_text][et_pb_text admin_label=\u00bbText\u00bb _builder_version=\u00bb4.16&#8243; text_text_color=\u00bb#000000&#8243; text_line_height=\u00bb1.3em\u00bb header_text_color=\u00bb#000000&#8243; header_2_text_color=\u00bb#000000&#8243; header_3_text_color=\u00bb#000000&#8243; header_4_text_color=\u00bb#000000&#8243; header_5_text_color=\u00bb#000000&#8243; header_6_text_color=\u00bb#000000&#8243; text_orientation=\u00bbcenter\u00bb custom_padding=\u00bb20px|30px|30px|30px|false|false\u00bb saved_tabs=\u00bball\u00bb global_colors_info=\u00bb{}\u00bb]<\/p>\n<p>Tanto si tu hijo tiene 3 a\u00f1os como si es un adolescente, nuestras clases de artes marciales est\u00e1n dise\u00f1adas para satisfacer sus necesidades \u00fanicas de desarrollo.<\/p>\n<p>[\/et_pb_text][\/et_pb_column][\/et_pb_row][et_pb_row column_structure=\u00bb1_2,1_2&#8243; make_equal=\u00bbon\u00bb _builder_version=\u00bb4.16&#8243; global_colors_info=\u00bb{}\u00bb][et_pb_column type=\u00bb1_2&#8243; _builder_version=\u00bb4.16&#8243; background_color=\u00bb#ffffff\u00bb custom_padding=\u00bb|||\u00bb global_colors_info=\u00bb{}\u00bb custom_padding__hover=\u00bb|||\u00bb][et_pb_text admin_label=\u00bbChildren learn to direct&#8230;\u00bb module_class=\u00bbaccueil-tier-title\u00bb _builder_version=\u00bb4.16&#8243; text_text_color=\u00bb#ffffff\u00bb text_font_size=\u00bb20px\u00bb header_text_color=\u00bb#ffffff\u00bb header_2_text_align=\u00bbcenter\u00bb header_2_text_color=\u00bb#ffffff\u00bb header_3_font=\u00bb|600||on|||||\u00bb header_3_text_align=\u00bbcenter\u00bb header_3_text_color=\u00bb#ffffff\u00bb header_3_font_size=\u00bb24px\u00bb header_4_text_color=\u00bb#ffffff\u00bb header_5_text_color=\u00bb#ffffff\u00bb header_6_text_color=\u00bb#ffffff\u00bb background_color=\u00bb#000000&#8243; custom_margin=\u00bb||0px||false|false\u00bb custom_padding=\u00bb10px||0px|\u00bb border_width_top=\u00bb0px\u00bb border_width_right=\u00bb0px\u00bb border_color_bottom=\u00bb#ea3337&#8243; border_width_left=\u00bb0px\u00bb saved_tabs=\u00bball\u00bb global_colors_info=\u00bb{}\u00bb]<\/p>\n<h3>Centrarse en el desarrollo integral<\/h3>\n<p>[\/et_pb_text][et_pb_text admin_label=\u00bbText\u00bb _builder_version=\u00bb4.16&#8243; text_text_color=\u00bb#000000&#8243; text_line_height=\u00bb1.3em\u00bb header_text_color=\u00bb#000000&#8243; header_2_text_color=\u00bb#000000&#8243; header_3_text_color=\u00bb#000000&#8243; header_4_text_color=\u00bb#000000&#8243; header_5_text_color=\u00bb#000000&#8243; header_6_text_color=\u00bb#000000&#8243; text_orientation=\u00bbcenter\u00bb custom_padding=\u00bb20px|30px|30px|30px|false|false\u00bb saved_tabs=\u00bball\u00bb global_colors_info=\u00bb{}\u00bb]<\/p>\n<p>Creemos en fomentar no s\u00f3lo la forma f\u00edsica, sino tambi\u00e9n la disciplina, la confianza en uno mismo y las habilidades sociales mediante el entrenamiento en artes marciales.<\/p>\n<p>[\/et_pb_text][\/et_pb_column][et_pb_column type=\u00bb1_2&#8243; _builder_version=\u00bb4.16&#8243; background_color=\u00bb#ffffff\u00bb custom_padding=\u00bb|||\u00bb global_colors_info=\u00bb{}\u00bb custom_padding__hover=\u00bb|||\u00bb][et_pb_text admin_label=\u00bbChildren are welcome&#8230;\u00bb module_class=\u00bbaccueil-tier-title\u00bb _builder_version=\u00bb4.16&#8243; text_text_color=\u00bb#ffffff\u00bb text_font_size=\u00bb20px\u00bb header_text_color=\u00bb#ffffff\u00bb header_2_text_align=\u00bbcenter\u00bb header_2_text_color=\u00bb#ffffff\u00bb header_3_font=\u00bb|600||on|||||\u00bb header_3_text_align=\u00bbcenter\u00bb header_3_text_color=\u00bb#ffffff\u00bb header_3_font_size=\u00bb24px\u00bb header_4_text_color=\u00bb#ffffff\u00bb header_5_text_color=\u00bb#ffffff\u00bb header_6_text_color=\u00bb#ffffff\u00bb background_color=\u00bb#000000&#8243; custom_margin=\u00bb||0px||false|false\u00bb custom_padding=\u00bb10px||0px|\u00bb border_width_top=\u00bb0px\u00bb border_width_right=\u00bb0px\u00bb border_color_bottom=\u00bb#ea3337&#8243; border_width_left=\u00bb0px\u00bb saved_tabs=\u00bball\u00bb global_colors_info=\u00bb{}\u00bb]<\/p>\n<h3 class=\"accueil-middle-tier\">Entorno de aprendizaje seguro, estimulante y divertido<\/h3>\n<p>[\/et_pb_text][et_pb_text admin_label=\u00bbText\u00bb _builder_version=\u00bb4.16&#8243; text_text_color=\u00bb#000000&#8243; text_line_height=\u00bb1.3em\u00bb header_text_color=\u00bb#000000&#8243; header_2_text_color=\u00bb#000000&#8243; header_3_text_color=\u00bb#000000&#8243; header_4_text_color=\u00bb#000000&#8243; header_5_text_color=\u00bb#000000&#8243; header_6_text_color=\u00bb#000000&#8243; text_orientation=\u00bbcenter\u00bb custom_padding=\u00bb20px|30px|30px|30px|false|false\u00bb saved_tabs=\u00bball\u00bb global_colors_info=\u00bb{}\u00bb]<\/p>\n<p>Nuestros experimentados instructores crean un ambiente acogedor en el que los ni\u00f1os se sienten c\u00f3modos y prosperan, tanto si son principiantes como avanzados.<\/p>\n<p>[\/et_pb_text][\/et_pb_column][\/et_pb_row][\/et_pb_section][et_pb_section fb_built=\u00bb1&#8243; _builder_version=\u00bb4.16&#8243; background_color=\u00bb#ffffff\u00bb global_colors_info=\u00bb{}\u00bb][et_pb_row _builder_version=\u00bb4.16&#8243; global_colors_info=\u00bb{}\u00bb][et_pb_column type=\u00bb4_4&#8243; _builder_version=\u00bb4.16&#8243; custom_padding=\u00bb|||\u00bb global_colors_info=\u00bb{}\u00bb custom_padding__hover=\u00bb|||\u00bb][et_pb_text admin_label=\u00bbYour child will grow&#8230;\u00bb module_class=\u00bbskew\u00bb _builder_version=\u00bb4.16&#8243; text_text_color=\u00bb#000000&#8243; header_text_color=\u00bb#000000&#8243; header_2_text_color=\u00bb#000000&#8243; header_2_font_size=\u00bb30px\u00bb header_3_text_align=\u00bbleft\u00bb header_3_text_color=\u00bb#000000&#8243; header_3_font_size=\u00bb36px\u00bb header_4_text_color=\u00bb#000000&#8243; header_5_text_color=\u00bb#000000&#8243; header_6_text_color=\u00bb#000000&#8243; background_color=\u00bb#ffffff\u00bb global_colors_info=\u00bb{}\u00bb]<\/p>\n<h1 style=\"text-align: center;\">Nuestros Programas: M\u00e1s que artes marciales<\/h1>\n<p>[\/et_pb_text][\/et_pb_column][\/et_pb_row][et_pb_row column_structure=\u00bb3_5,2_5&#8243; _builder_version=\u00bb4.16&#8243; _module_preset=\u00bbdefault\u00bb global_colors_info=\u00bb{}\u00bb][et_pb_column type=\u00bb3_5&#8243; _builder_version=\u00bb4.16&#8243; _module_preset=\u00bbdefault\u00bb global_colors_info=\u00bb{}\u00bb][et_pb_text admin_label=\u00bbText-A great activity\u00bb _builder_version=\u00bb4.16&#8243; text_text_color=\u00bb#000000&#8243; text_line_height=\u00bb1.3em\u00bb header_text_color=\u00bb#000000&#8243; header_2_text_color=\u00bb#000000&#8243; header_3_text_color=\u00bb#000000&#8243; header_4_text_color=\u00bb#000000&#8243; header_5_text_color=\u00bb#000000&#8243; header_6_text_color=\u00bb#000000&#8243; saved_tabs=\u00bball\u00bb global_colors_info=\u00bb{}\u00bb]<\/p>\n<div class=\"et_pb_module et_pb_text et_pb_text_13 et_pb_text_align_left et_pb_bg_layout_light\">\n<div class=\"et_pb_text_inner\">\n<p><strong>Clases de artes marciales para ni\u00f1os:<\/strong> Dise\u00f1adas para mejorar la forma f\u00edsica, la disciplina y la coordinaci\u00f3n, nuestras clases para ni\u00f1os son perfectas para desarrollar las habilidades b\u00e1sicas de las artes marciales.<\/p>\n<p><strong>Entrenamiento en Defensa Personal:<\/strong> Aprende habilidades pr\u00e1cticas de defensa personal con las que fomentar\u00e1s la confianza en ti mismo y la resiliencia.<\/p>\n<p><strong>Entrenamiento competitivo:<\/strong> Para los de esp\u00edritu m\u00e1s competitivo, ofrecemos oportunidades de unirse a nuestro equipo de competici\u00f3n y destacar en Kata, armas y competiciones de lucha.  <\/p>\n<p><strong>Cardio y forma f\u00edsica:<\/strong> Nuestras clases tambi\u00e9n son una forma estupenda de que los ni\u00f1os mejoren su forma f\u00edsica, centr\u00e1ndose en ejercicios cardiovasculares y entrenamiento de fuerza.<\/p>\n<h3>\u00a1\u00danete a nosotros hoy mismo!<\/h3>\n<p>\u00bfListo para embarcarte en un viaje de artes marciales con nosotros? Tanto si tu hijo es principiante como si tiene experiencia previa en artes marciales como el taekwondo o el jiu-jitsu, Kanreikai Karate est\u00e1 aqu\u00ed para guiarle en cada paso del camino.  <\/p>\n<\/div>\n<\/div>\n<div class=\"et_pb_module et_pb_text et_pb_text_13 et_pb_text_align_left et_pb_bg_layout_light\">\n<div class=\"et_pb_text_inner\"><\/div>\n<\/div>\n<p>[\/et_pb_text][et_pb_button button_url=\u00bbhttps:\/\/danburykarateschool.sites.zenplanner.com\/sign-up-now.cfm\u00bb button_text=\u00bbInscr\u00edbete ahora\u00bb _builder_version=\u00bb4.23&#8243; _module_preset=\u00bbdefault\u00bb custom_button=\u00bbon\u00bb button_bg_color=\u00bb#00864B\u00bb global_colors_info=\u00bb{}\u00bb][\/et_pb_button][\/et_pb_column][et_pb_column type=\u00bb2_5&#8243; _builder_version=\u00bb4.16&#8243; _module_preset=\u00bbdefault\u00bb global_colors_info=\u00bb{}\u00bb][et_pb_image src=\u00bbhttps:\/\/www.danburykarateschool.com\/wp-content\/uploads\/2021\/03\/CTW-Kids-2.jpg\u00bb title_text=\u00bbK\u00e1rate para ni\u00f1os\u00bb admin_label=\u00bbImage-Kids-2&#8243; _builder_version=\u00bb4.16&#8243; _module_preset=\u00bbdefault\u00bb global_colors_info=\u00bb{}\u00bb][\/et_pb_image][\/et_pb_column][\/et_pb_row][\/et_pb_section][et_pb_section fb_built=\u00bb1&#8243; admin_label=\u00bbSection\u00bb _builder_version=\u00bb4.21.0&#8243; _module_preset=\u00bbdefault\u00bb global_colors_info=\u00bb{}\u00bb][et_pb_row _builder_version=\u00bb4.21.0&#8243; _module_preset=\u00bbdefault\u00bb global_colors_info=\u00bb{}\u00bb][et_pb_column type=\u00bb4_4&#8243; _builder_version=\u00bb4.21.0&#8243; _module_preset=\u00bbdefault\u00bb global_colors_info=\u00bb{}\u00bb][et_pb_text _builder_version=\u00bb4.21.0&#8243; _module_preset=\u00bbdefault\u00bb global_colors_info=\u00bb{}\u00bb]<\/p>\n<div itemscope=\"\" itemtype=\"https:\/\/schema.org\/FAQPage\">\n<h2><\/h2>\n<h2>Preguntas frecuentes<\/h2>\n<p>&nbsp;<\/p>\n<div itemprop=\"mainEntity\" itemscope=\"\" itemtype=\"https:\/\/schema.org\/Question\">\n<h3>P: \u00bfQu\u00e9 hace que el k\u00e1rate Kanreikai sea \u00fanico?<\/h3>\n<p>El k\u00e1rate Kanreikai combina t\u00e9cnicas tradicionales de artes marciales con m\u00e9todos modernos de entrenamiento, lo que garantiza un desarrollo integral.<\/p>\n<h3>P: \u00bfEs adecuado para ni\u00f1os peque\u00f1os?<\/h3>\n<p>Por supuesto. Acogemos a ni\u00f1os a partir de 4 a\u00f1os, adaptando nuestras clases a su ritmo y nivel individuales.<\/p>\n<h3>P: \u00bfQu\u00e9 debe llevar mi hijo a clase?<\/h3>\n<p>\u00a1La comodidad es la clave! Se recomienda llevar ropa deportiva, y se puede adquirir un uniforme en nuestra escuela para disfrutar de una experiencia completa de k\u00e1rate.<\/p>\n<h3>P: \u00bfC\u00f3mo inscribo a mi hijo?<\/h3>\n<p>Visita nuestro sitio web o ponte en contacto directamente con nosotros para saber m\u00e1s sobre nuestros programas. \u00a1Tambi\u00e9n ofrecemos clases de prueba para los reci\u00e9n llegados!<\/p>\n<p><span data-contrast=\"auto\" lang=\"EN-US\" class=\"TextRun SCXW230306949 BCX9\"><br \/>\n  <span class=\"NormalTextRun SCXW230306949 BCX9\">\u00danete a nosotros en <\/span><br \/>\n  <span class=\"NormalTextRun SpellingErrorV2Themed SCXW230306949 BCX9\">Kanreikai<\/span><br \/>\n  <span class=\"NormalTextRun SCXW230306949 BCX9\"> Karate of Connecticut y observa c\u00f3mo crece tu hijo en un entorno que defiende las artes marciales, la autodisciplina y el crecimiento personal. <\/span><br \/>\n<\/span><span data-contrast=\"auto\" lang=\"EN-US\" class=\"TextRun SCXW230306949 BCX9\"><br \/>\n  <span class=\"NormalTextRun SCXW230306949 BCX9\">Ver <a href=\"https:\/\/www.danburykarateschool.com\/class-schedule\/\"><strong>nuestro horario de clases<\/strong><\/a> \u00a1y emb\u00e1rcate en una aventura de artes marciales hoy mismo!<\/span><br \/>\n<\/span><\/p>\n<p>&nbsp;<\/p>\n<\/div>\n<div itemprop=\"mainEntity\" itemscope=\"\" itemtype=\"https:\/\/schema.org\/Question\">\n<div itemprop=\"acceptedAnswer\" itemscope=\"\" itemtype=\"https:\/\/schema.org\/Answer\"><\/div>\n<\/div>\n<\/div>\n<p>[\/et_pb_text][\/et_pb_column][\/et_pb_row][\/et_pb_section]<\/p>\n","protected":false},"excerpt":{"rendered":"<p>Capacita a tu hijo con las artes marciales Formaci\u00f3n en nuestra escuela de Danbury INSCR\u00cdBETEClases de k\u00e1rate para ni\u00f1os COnnecticut Desde 1993, Kanreikai Karate of Connecticut ha sido un faro de excelencia en artes marciales en la zona de Danbury. Nuestra escuela est\u00e1 especializada en k\u00e1rate tradicional japon\u00e9s y ofrece un completo programa de artes [&hellip;]<\/p>\n","protected":false},"author":8,"featured_media":0,"parent":0,"menu_order":0,"comment_status":"closed","ping_status":"closed","template":"","meta":{"_et_pb_use_builder":"on","_et_pb_old_content":"","_et_gb_content_width":"","footnotes":""},"class_list":["post-8626","page","type-page","status-publish","hentry"],"_links":{"self":[{"href":"https:\/\/www.danburykarateschool.com\/es\/wp-json\/wp\/v2\/pages\/8626","targetHints":{"allow":["GET"]}}],"collection":[{"href":"https:\/\/www.danburykarateschool.com\/es\/wp-json\/wp\/v2\/pages"}],"about":[{"href":"https:\/\/www.danburykarateschool.com\/es\/wp-json\/wp\/v2\/types\/page"}],"author":[{"embeddable":true,"href":"https:\/\/www.danburykarateschool.com\/es\/wp-json\/wp\/v2\/users\/8"}],"replies":[{"embeddable":true,"href":"https:\/\/www.danburykarateschool.com\/es\/wp-json\/wp\/v2\/comments?post=8626"}],"version-history":[{"count":5,"href":"https:\/\/www.danburykarateschool.com\/es\/wp-json\/wp\/v2\/pages\/8626\/revisions"}],"predecessor-version":[{"id":8662,"href":"https:\/\/www.danburykarateschool.com\/es\/wp-json\/wp\/v2\/pages\/8626\/revisions\/8662"}],"wp:attachment":[{"href":"https:\/\/www.danburykarateschool.com\/es\/wp-json\/wp\/v2\/media?parent=8626"}],"curies":[{"name":"wp","href":"https:\/\/api.w.org\/{rel}","templated":true}]}}