{"id":8614,"date":"2018-02-27T14:34:41","date_gmt":"2018-02-27T19:34:41","guid":{"rendered":"https:\/\/www.danburykarateschool.com\/nuestra-escuela-de-karate\/"},"modified":"2024-05-09T12:17:50","modified_gmt":"2024-05-09T16:17:50","slug":"nuestra-escuela-de-karate","status":"publish","type":"page","link":"https:\/\/www.danburykarateschool.com\/es\/nuestra-escuela-de-karate\/","title":{"rendered":"Nuestra escuela de k\u00e1rate"},"content":{"rendered":"<p>[et_pb_section fb_built=\u00bb1&#8243; _builder_version=\u00bb4.16&#8243; custom_padding=\u00bb30px||30px|\u00bb global_colors_info=\u00bb{}\u00bb][et_pb_row _builder_version=\u00bb4.16&#8243; custom_padding=\u00bb30px|||\u00bb global_colors_info=\u00bb{}\u00bb][et_pb_column type=\u00bb4_4&#8243; _builder_version=\u00bb4.16&#8243; custom_padding=\u00bb|||\u00bb global_colors_info=\u00bb{}\u00bb custom_padding__hover=\u00bb|||\u00bb][et_pb_post_title title=\u00bboff\u00bb meta=\u00bboff\u00bb featured_image=\u00bboff\u00bb text_color=\u00bblight\u00bb module_class=\u00bbpost-title-class\u00bb _builder_version=\u00bb4.16&#8243; title_font=\u00bb|700|||||||\u00bb title_text_align=\u00bbleft\u00bb title_text_color=\u00bb#000000&#8243; title_font_size=\u00bb36px\u00bb global_colors_info=\u00bb{}\u00bb][\/et_pb_post_title][et_pb_text _builder_version=\u00bb4.16&#8243; _module_preset=\u00bbdefault\u00bb global_colors_info=\u00bb{}\u00bb]<\/p>\n<h1>Escuela de k\u00e1rate y artes marciales en Connecticut<\/h1>\n<p>[\/et_pb_text][\/et_pb_column][\/et_pb_row][et_pb_row column_structure=\u00bb2_3,1_3&#8243; use_custom_gutter=\u00bbon\u00bb _builder_version=\u00bb4.16&#8243; global_colors_info=\u00bb{}\u00bb][et_pb_column type=\u00bb2_3&#8243; _builder_version=\u00bb4.16&#8243; background_color=\u00bb#ffffff\u00bb custom_padding=\u00bb|||\u00bb global_colors_info=\u00bb{}\u00bb custom_padding__hover=\u00bb|||\u00bb][et_pb_text admin_label=\u00bbIntro &#8211; School\u00bb _builder_version=\u00bb4.16&#8243; text_text_color=\u00bb#000000&#8243; background_color=\u00bbrgba(0,0,0,0)\u00bb custom_padding=\u00bb0px|0px|0px|0px|false|false\u00bb global_colors_info=\u00bb{}\u00bb]Damos la bienvenida a cualquiera que quiera seguir nuestras ense\u00f1anzas y que busque formar parte de una organizaci\u00f3n que promueve las formas tradicionales del k\u00e1rate japon\u00e9s. Nuestro equipo ense\u00f1a karate en un ambiente positivo donde el entrenamiento duro, la perseverancia y el respeto son el n\u00facleo de nuestra base.<\/p>\n<p>Hay muchas razones por las que la gente se une a nosotros, algunos quieren aprender a luchar, otros quieren hacer un buen ejercicio o aprender nuestras katas y c\u00f3mo utilizar las armas. Sea cual sea tu motivo, aqu\u00ed hay un camino para que lo persigas. El k\u00e1rate es una forma de vida, s\u00f3lo empieza y nunca acaba.<\/p>\n<p>En Kanreikai Karate of Connecticut seguimos las ense\u00f1anzas de los grandes maestros <strong>Mas Oyama<\/strong>, <strong>Shigeru Oyama<\/strong> y <strong>Manny Matias<\/strong>. Estas ense\u00f1anzas son parte esencial de la <strong>Organizaci\u00f3n Mundial del K\u00e1rate Kanreikai<\/strong>.<\/p>\n<p><strong>Sensei Chris Goncalves<\/strong> y el equipo de Kanreikai Karate of Connecticut est\u00e1n liderando el camino para ayudar siempre a nuestros alumnos a alcanzar sus objetivos personales. El objetivo del equipo es promover continuamente nuestro estilo de k\u00e1rate tradicional japon\u00e9s, la salud y los beneficios mentales. Estamos aqu\u00ed para guiar a los alumnos para que vayan m\u00e1s all\u00e1 de lo que cre\u00edan que eran sus l\u00edmites.<\/p>\n<p>Te invitamos a que te pases por nuestro dojo para conocernos mejor y saber qu\u00e9 nos hace diferentes. Comprende nuestro <strong>c\u00f3digo de conducta<\/strong>, la <strong>terminolog\u00eda japonesa<\/strong> que utilizamos en el dojo, c\u00f3mo promocionamos a nuestros alumnos utilizando nuestro <strong>sistema de clasificaci\u00f3n<\/strong> (puntas y cinturones). Inf\u00f3rmate sobre nuestro <strong>Gran Maestro<\/strong>, <strong>Instructor Jefe <\/strong>e <strong>Instructores<\/strong>, y haz un recorrido por nuestro<strong> dojo<\/strong>.<br \/>\n[\/et_pb_text][\/et_pb_column][et_pb_column type=\u00bb1_3&#8243; module_class=\u00bbflex-center\u00bb _builder_version=\u00bb4.16&#8243; background_color=\u00bb#eaeaea\u00bb custom_padding=\u00bb20px||30px||false|false\u00bb border_width_top=\u00bb5px\u00bb border_color_top=\u00bb#e31f27&#8243; border_width_bottom=\u00bb5px\u00bb border_color_bottom=\u00bb#e31f27&#8243; global_colors_info=\u00bb{}\u00bb custom_padding__hover=\u00bb|||\u00bb][et_pb_text admin_label=\u00bbCT &#8211; CTA &#8211; Trial Classes\u00bb _builder_version=\u00bb4.23.1&#8243; text_font=\u00bb|600|||||||\u00bb text_text_color=\u00bb#000000&#8243; text_font_size=\u00bb28px\u00bb header_font=\u00bb|700|||||||\u00bb header_text_align=\u00bbcenter\u00bb header_text_color=\u00bb#e31f27&#8243; header_font_size=\u00bb44px\u00bb text_orientation=\u00bbcenter\u00bb hover_enabled=\u00bb0&#8243; global_colors_info=\u00bb{}\u00bb sticky_enabled=\u00bb0&#8243;]<\/p>\n<h1><strong>1 semana de prueba gratuita<\/strong><\/h1>\n<p>entonces 39,95 $ + impuestos el primer mes<br \/><img loading=\"lazy\" decoding=\"async\" class=\"wp-image-3460 alignnone size-full\" src=\"https:\/\/www.danburykarateschool.com\/wp-content\/uploads\/2020\/12\/CT-Uniform.png\" alt=\"\" width=\"113\" height=\"103\"><br \/>+<strong> UNIFORME DE K\u00c1RATE GRATIS<\/strong><\/p>\n<p><strong><a class=\"book-btn\" href=\"https:\/\/www.danburykarateschool.com\/contact-us\/#info\">OBT\u00c9N M\u00c1S INFORMACI\u00d3N<\/a><\/strong><\/p>\n<p>[\/et_pb_text][\/et_pb_column][\/et_pb_row][\/et_pb_section][et_pb_section fb_built=\u00bb1&#8243; _builder_version=\u00bb4.16&#8243; background_color=\u00bb#eaeaea\u00bb custom_padding=\u00bb30px||30px|\u00bb global_colors_info=\u00bb{}\u00bb][et_pb_row column_structure=\u00bb1_2,1_2&#8243; use_custom_gutter=\u00bbon\u00bb make_equal=\u00bbon\u00bb module_class=\u00bbaccueil-tier-row\u00bb _builder_version=\u00bb4.16&#8243; custom_padding=\u00bb||0px||false|false\u00bb global_colors_info=\u00bb{}\u00bb][et_pb_column type=\u00bb1_2&#8243; _builder_version=\u00bb4.16&#8243; background_color=\u00bb#ffffff\u00bb custom_padding=\u00bb||30px|\u00bb box_shadow_style=\u00bbpreset1&#8243; global_colors_info=\u00bb{}\u00bb custom_padding__hover=\u00bb|||\u00bb][et_pb_text admin_label=\u00bbAbout us\u00bb module_class=\u00bbaccueil-tier-title\u00bb _builder_version=\u00bb4.16&#8243; text_text_color=\u00bb#ffffff\u00bb text_font_size=\u00bb20px\u00bb header_2_text_align=\u00bbcenter\u00bb header_2_text_color=\u00bb#ffffff\u00bb header_3_font=\u00bb|600||on|||||\u00bb header_3_text_align=\u00bbcenter\u00bb header_3_text_color=\u00bb#ffffff\u00bb header_3_font_size=\u00bb24px\u00bb background_color=\u00bb#000000&#8243; custom_margin=\u00bb||0px||false|false\u00bb custom_padding=\u00bb10px||0px|\u00bb border_width_top=\u00bb0px\u00bb border_width_right=\u00bb0px\u00bb border_color_bottom=\u00bb#ea3337&#8243; border_width_left=\u00bb0px\u00bb global_colors_info=\u00bb{}\u00bb]<\/p>\n<h3>SOBRE KANREIKAI KARATE OF CONNECTICUT<\/h3>\n<p>[\/et_pb_text][et_pb_image src=\u00bbhttps:\/\/www.danburykarateschool.com\/wp-content\/uploads\/2021\/03\/CTW-School-1.jpg\u00bb title_text=\u00bbSobre nosotros\u00bb align=\u00bbcenter\u00bb admin_label=\u00bbImage-About us\u00bb _builder_version=\u00bb4.16&#8243; _module_preset=\u00bbdefault\u00bb custom_margin=\u00bb||0px||false|false\u00bb global_colors_info=\u00bb{}\u00bb][\/et_pb_image][et_pb_text admin_label=\u00bbText-About us\u00bb _builder_version=\u00bb4.16&#8243; text_text_color=\u00bb#000000&#8243; text_line_height=\u00bb1.3em\u00bb header_2_text_color=\u00bb#ffffff\u00bb text_orientation=\u00bbcenter\u00bb custom_padding=\u00bb20px|30px|30px|30px|false|false\u00bb global_colors_info=\u00bb{}\u00bb]Nos complace darte la bienvenida a <strong>Kanreikai Karate of Connecticut<\/strong>. Te invitamos a saber m\u00e1s sobre nuestra escuela de k\u00e1rate tradicional japon\u00e9s y nuestro m\u00e9todo de ense\u00f1anza, incluido nuestro c\u00f3digo de conducta y el glosario japon\u00e9s.<br \/>\n[\/et_pb_text][et_pb_text admin_label=\u00bbLearn more\u00bb module_class=\u00bbstick-to-bottom lm-btn\u00bb _builder_version=\u00bb4.16&#8243; _dynamic_attributes=\u00bblink_option_url\u00bb _module_preset=\u00bbdefault\u00bb text_font=\u00bb|700||on|||||\u00bb text_text_color=\u00bb#ffffff\u00bb background_color=\u00bb#e31f27&#8243; text_orientation=\u00bbcenter\u00bb custom_margin=\u00bb30px||||false|false\u00bb custom_padding=\u00bb10px|10px|10px|10px|false|false\u00bb link_option_url=\u00bb@ET-DC@eyJkeW5hbWljIjp0cnVlLCJjb250ZW50IjoicG9zdF9saW5rX3VybF9wYWdlIiwic2V0dGluZ3MiOnsicG9zdF9pZCI6IjIwODIifX0=@\u00bb global_colors_info=\u00bb{}\u00bb]Saber m\u00e1s<br \/>\n[\/et_pb_text][\/et_pb_column][et_pb_column type=\u00bb1_2&#8243; _builder_version=\u00bb4.16&#8243; background_color=\u00bb#ffffff\u00bb custom_padding=\u00bb||30px|\u00bb box_shadow_style=\u00bbpreset1&#8243; global_colors_info=\u00bb{}\u00bb custom_padding__hover=\u00bb|||\u00bb][et_pb_text admin_label=\u00bbDojo\u00bb module_class=\u00bbaccueil-tier-title\u00bb _builder_version=\u00bb4.16&#8243; text_text_color=\u00bb#ffffff\u00bb text_font_size=\u00bb20px\u00bb header_2_text_align=\u00bbcenter\u00bb header_2_text_color=\u00bb#ffffff\u00bb header_3_font=\u00bb|600||on|||||\u00bb header_3_text_align=\u00bbcenter\u00bb header_3_text_color=\u00bb#ffffff\u00bb header_3_font_size=\u00bb24px\u00bb background_color=\u00bb#000000&#8243; custom_margin=\u00bb||0px||false|false\u00bb custom_padding=\u00bb10px||0px|\u00bb border_width_top=\u00bb0px\u00bb border_width_right=\u00bb0px\u00bb border_color_bottom=\u00bb#ea3337&#8243; border_width_left=\u00bb0px\u00bb global_colors_info=\u00bb{}\u00bb]<\/p>\n<h3>NUESTRO DOJO DE DANBURY<\/h3>\n<p>[\/et_pb_text][et_pb_image src=\u00bbhttps:\/\/www.danburykarateschool.com\/wp-content\/uploads\/2021\/03\/CTW-DOJO2.jpg\u00bb title_text=\u00bbDojo\u00bb admin_label=\u00bbImage-Dojo2&#8243; _builder_version=\u00bb4.16&#8243; _module_preset=\u00bbdefault\u00bb custom_margin=\u00bb||0px||false|false\u00bb global_colors_info=\u00bb{}\u00bb][\/et_pb_image][et_pb_text admin_label=\u00bbText-Dojo\u00bb _builder_version=\u00bb4.16&#8243; text_text_color=\u00bb#000000&#8243; text_line_height=\u00bb1.3em\u00bb header_2_text_color=\u00bb#ffffff\u00bb text_orientation=\u00bbcenter\u00bb custom_padding=\u00bb20px|30px|30px|30px|false|false\u00bb global_colors_info=\u00bb{}\u00bb]Estamos orgullosos de ofrecerte una visita virtual a nuestro espacioso y totalmente equipado dojo de k\u00e1rate de Danbury. Nuestro objetivo es ofrecerte una ense\u00f1anza y una formaci\u00f3n de la m\u00e1xima calidad en un ambiente seguro y agradable.<br \/>\n[\/et_pb_text][et_pb_text admin_label=\u00bbLearn more\u00bb module_class=\u00bbstick-to-bottom lm-btn\u00bb _builder_version=\u00bb4.16&#8243; _dynamic_attributes=\u00bblink_option_url\u00bb _module_preset=\u00bbdefault\u00bb text_font=\u00bb|700||on|||||\u00bb text_text_color=\u00bb#ffffff\u00bb background_color=\u00bb#e31f27&#8243; text_orientation=\u00bbcenter\u00bb custom_margin=\u00bb30px||||false|false\u00bb custom_padding=\u00bb10px|10px|10px|10px|false|false\u00bb link_option_url=\u00bb@ET-DC@eyJkeW5hbWljIjp0cnVlLCJjb250ZW50IjoicG9zdF9saW5rX3VybF9wYWdlIiwic2V0dGluZ3MiOnsicG9zdF9pZCI6IjIxNjEifX0=@\u00bb global_colors_info=\u00bb{}\u00bb]Saber m\u00e1s<br \/>\n[\/et_pb_text][\/et_pb_column][\/et_pb_row][et_pb_row column_structure=\u00bb1_2,1_2&#8243; use_custom_gutter=\u00bbon\u00bb make_equal=\u00bbon\u00bb module_class=\u00bbaccueil-tier-row\u00bb _builder_version=\u00bb4.16&#8243; custom_padding=\u00bb||0px||false|false\u00bb global_colors_info=\u00bb{}\u00bb][et_pb_column type=\u00bb1_2&#8243; _builder_version=\u00bb4.16&#8243; background_color=\u00bb#ffffff\u00bb custom_padding=\u00bb||30px|\u00bb box_shadow_style=\u00bbpreset1&#8243; global_colors_info=\u00bb{}\u00bb custom_padding__hover=\u00bb|||\u00bb][et_pb_text admin_label=\u00bbGrand Master\u00bb module_class=\u00bbaccueil-tier-title\u00bb _builder_version=\u00bb4.16&#8243; text_text_color=\u00bb#ffffff\u00bb text_font_size=\u00bb20px\u00bb header_2_text_align=\u00bbcenter\u00bb header_2_text_color=\u00bb#ffffff\u00bb header_3_font=\u00bb|600||on|||||\u00bb header_3_text_align=\u00bbcenter\u00bb header_3_text_color=\u00bb#ffffff\u00bb header_3_font_size=\u00bb24px\u00bb background_color=\u00bb#000000&#8243; custom_margin=\u00bb||0px||false|false\u00bb custom_padding=\u00bb10px||0px|\u00bb border_width_top=\u00bb0px\u00bb border_width_right=\u00bb0px\u00bb border_color_bottom=\u00bb#ea3337&#8243; border_width_left=\u00bb0px\u00bb global_colors_info=\u00bb{}\u00bb]<\/p>\n<h3>GRAN MAESTRO<\/h3>\n<p>[\/et_pb_text][et_pb_image src=\u00bbhttps:\/\/www.danburykarateschool.com\/wp-content\/uploads\/2021\/03\/CTW-School-2.jpg\u00bb title_text=\u00bbGran Maestre\u00bb align=\u00bbcenter\u00bb admin_label=\u00bbImage-Grand master\u00bb _builder_version=\u00bb4.16&#8243; _module_preset=\u00bbdefault\u00bb custom_margin=\u00bb||0px||false|false\u00bb global_colors_info=\u00bb{}\u00bb][\/et_pb_image][et_pb_text admin_label=\u00bbText-Grand master\u00bb _builder_version=\u00bb4.16&#8243; text_text_color=\u00bb#000000&#8243; text_line_height=\u00bb1.3em\u00bb header_2_text_color=\u00bb#ffffff\u00bb text_orientation=\u00bbcenter\u00bb custom_padding=\u00bb20px|30px|30px|30px|false|false\u00bb global_colors_info=\u00bb{}\u00bb]<strong>Hanshi Manny Matias,<sup>8\u00ba<\/sup> dan, cofundador y Gran Maestro de World Kanreikai Karate<\/strong> es un pionero del k\u00e1rate tradicional japon\u00e9s en Am\u00e9rica. Lleva predicando con el ejemplo desde principios de los setenta, entrenando, compitiendo, ense\u00f1ando y formando a campeones del mundo.<br \/>\n[\/et_pb_text][et_pb_text admin_label=\u00bbLearn more\u00bb module_class=\u00bbstick-to-bottom lm-btn\u00bb _builder_version=\u00bb4.16&#8243; _dynamic_attributes=\u00bblink_option_url\u00bb _module_preset=\u00bbdefault\u00bb text_font=\u00bb|700||on|||||\u00bb text_text_color=\u00bb#ffffff\u00bb background_color=\u00bb#e31f27&#8243; text_orientation=\u00bbcenter\u00bb custom_margin=\u00bb30px||||false|false\u00bb custom_padding=\u00bb10px|10px|10px|10px|false|false\u00bb link_option_url=\u00bb@ET-DC@eyJkeW5hbWljIjp0cnVlLCJjb250ZW50IjoicG9zdF9saW5rX3VybF9wYWdlIiwic2V0dGluZ3MiOnsicG9zdF9pZCI6IjQ2NDAifX0=@\u00bb global_colors_info=\u00bb{}\u00bb]Saber m\u00e1s<br \/>\n[\/et_pb_text][\/et_pb_column][et_pb_column type=\u00bb1_2&#8243; _builder_version=\u00bb4.16&#8243; background_color=\u00bb#ffffff\u00bb custom_padding=\u00bb||30px|\u00bb box_shadow_style=\u00bbpreset1&#8243; global_colors_info=\u00bb{}\u00bb custom_padding__hover=\u00bb|||\u00bb][et_pb_text admin_label=\u00bbChief Instructor\u00bb module_class=\u00bbaccueil-tier-title\u00bb _builder_version=\u00bb4.16&#8243; text_text_color=\u00bb#ffffff\u00bb text_font_size=\u00bb20px\u00bb header_2_text_align=\u00bbcenter\u00bb header_2_text_color=\u00bb#ffffff\u00bb header_3_font=\u00bb|600||on|||||\u00bb header_3_text_align=\u00bbcenter\u00bb header_3_text_color=\u00bb#ffffff\u00bb header_3_font_size=\u00bb24px\u00bb background_color=\u00bb#000000&#8243; custom_margin=\u00bb||0px||false|false\u00bb custom_padding=\u00bb10px||0px|\u00bb border_width_top=\u00bb0px\u00bb border_width_right=\u00bb0px\u00bb border_color_bottom=\u00bb#ea3337&#8243; border_width_left=\u00bb0px\u00bb global_colors_info=\u00bb{}\u00bb]<\/p>\n<h3>INSTRUCTOR JEFE<\/h3>\n<p>[\/et_pb_text][et_pb_image src=\u00bbhttps:\/\/www.danburykarateschool.com\/wp-content\/uploads\/2021\/03\/CTW-School-3.jpg\u00bb title_text=\u00bbInstructor Jefe\u00bb align=\u00bbcenter\u00bb admin_label=\u00bbImage-Chief Instructor\u00bb _builder_version=\u00bb4.16&#8243; _module_preset=\u00bbdefault\u00bb custom_margin=\u00bb||0px||false|false\u00bb global_colors_info=\u00bb{}\u00bb][\/et_pb_image][et_pb_text admin_label=\u00bbText-Chief Instructor\u00bb _builder_version=\u00bb4.16&#8243; text_text_color=\u00bb#000000&#8243; text_line_height=\u00bb1.3em\u00bb header_2_text_color=\u00bb#ffffff\u00bb text_orientation=\u00bbcenter\u00bb custom_padding=\u00bb20px|30px|30px|30px|false|false\u00bb global_colors_info=\u00bb{}\u00bb]<strong>Sensei Chris Goncalves,<sup>3er<\/sup> dan<\/strong>, es una figura muy conocida en la comunidad del karate de contacto. Sus cualidades como profesor, entrenador y Campe\u00f3n del Mundo de Derribos le convierten en un embajador del k\u00e1rate muy apreciado y respetado entre sus compa\u00f1eros.<br \/>\n[\/et_pb_text][et_pb_text admin_label=\u00bbLearn more\u00bb module_class=\u00bbstick-to-bottom lm-btn\u00bb _builder_version=\u00bb4.16&#8243; _dynamic_attributes=\u00bblink_option_url\u00bb _module_preset=\u00bbdefault\u00bb text_font=\u00bb|700||on|||||\u00bb text_text_color=\u00bb#ffffff\u00bb background_color=\u00bb#e31f27&#8243; text_orientation=\u00bbcenter\u00bb custom_margin=\u00bb30px||||false|false\u00bb custom_padding=\u00bb10px|10px|10px|10px|false|false\u00bb link_option_url=\u00bb@ET-DC@eyJkeW5hbWljIjp0cnVlLCJjb250ZW50IjoicG9zdF9saW5rX3VybF9wYWdlIiwic2V0dGluZ3MiOnsicG9zdF9pZCI6IjQyIn19@\u00bb global_colors_info=\u00bb{}\u00bb]Saber m\u00e1s<br \/>\n[\/et_pb_text][\/et_pb_column][\/et_pb_row][et_pb_row column_structure=\u00bb1_2,1_2&#8243; use_custom_gutter=\u00bbon\u00bb make_equal=\u00bbon\u00bb module_class=\u00bbaccueil-tier-row\u00bb _builder_version=\u00bb4.16&#8243; global_colors_info=\u00bb{}\u00bb][et_pb_column type=\u00bb1_2&#8243; _builder_version=\u00bb4.16&#8243; background_color=\u00bb#ffffff\u00bb custom_padding=\u00bb||30px|\u00bb box_shadow_style=\u00bbpreset1&#8243; global_colors_info=\u00bb{}\u00bb custom_padding__hover=\u00bb|||\u00bb][et_pb_text admin_label=\u00bbTeam of Instructors\u00bb module_class=\u00bbaccueil-tier-title\u00bb _builder_version=\u00bb4.16&#8243; text_text_color=\u00bb#ffffff\u00bb text_font_size=\u00bb20px\u00bb header_2_text_align=\u00bbcenter\u00bb header_2_text_color=\u00bb#ffffff\u00bb header_3_font=\u00bb|600||on|||||\u00bb header_3_text_align=\u00bbcenter\u00bb header_3_text_color=\u00bb#ffffff\u00bb header_3_font_size=\u00bb24px\u00bb background_color=\u00bb#000000&#8243; custom_margin=\u00bb||0px||false|false\u00bb custom_padding=\u00bb10px||0px|\u00bb border_width_top=\u00bb0px\u00bb border_width_right=\u00bb0px\u00bb border_color_bottom=\u00bb#ea3337&#8243; border_width_left=\u00bb0px\u00bb global_colors_info=\u00bb{}\u00bb]<\/p>\n<h3>EQUIPO DE INSTRUCTORES<\/h3>\n<p>[\/et_pb_text][et_pb_image src=\u00bbhttps:\/\/www.danburykarateschool.com\/wp-content\/uploads\/2021\/03\/CTW-School-4.jpg\u00bb title_text=\u00bbInstructores\u00bb align=\u00bbcenter\u00bb admin_label=\u00bbImage-Instructors\u00bb _builder_version=\u00bb4.16&#8243; _module_preset=\u00bbdefault\u00bb custom_margin=\u00bb||0px||false|false\u00bb global_colors_info=\u00bb{}\u00bb][\/et_pb_image][et_pb_text admin_label=\u00bbText-Instructors\u00bb _builder_version=\u00bb4.16&#8243; text_text_color=\u00bb#000000&#8243; text_line_height=\u00bb1.3em\u00bb header_2_text_color=\u00bb#ffffff\u00bb text_orientation=\u00bbcenter\u00bb custom_padding=\u00bb20px|30px|30px|30px|false|false\u00bb global_colors_info=\u00bb{}\u00bb]Los instructores que ayudan a Sensei Chris son profesores con talento y experiencia que se conocen y respetan desde hace muchos a\u00f1os. Con Sensei Chris, forman un equipo s\u00f3lido en el que cada uno aporta una contribuci\u00f3n \u00fanica seg\u00fan sus habilidades espec\u00edficas.<br \/>\n[\/et_pb_text][et_pb_text admin_label=\u00bbLearn more\u00bb module_class=\u00bbstick-to-bottom lm-btn\u00bb _builder_version=\u00bb4.16&#8243; _dynamic_attributes=\u00bblink_option_url\u00bb _module_preset=\u00bbdefault\u00bb text_font=\u00bb|700||on|||||\u00bb text_text_color=\u00bb#ffffff\u00bb background_color=\u00bb#e31f27&#8243; text_orientation=\u00bbcenter\u00bb custom_margin=\u00bb30px||||false|false\u00bb custom_padding=\u00bb10px|10px|10px|10px|false|false\u00bb link_option_url=\u00bb@ET-DC@eyJkeW5hbWljIjp0cnVlLCJjb250ZW50IjoicG9zdF9saW5rX3VybF9wYWdlIiwic2V0dGluZ3MiOnsicG9zdF9pZCI6IjQ0In19@\u00bb global_colors_info=\u00bb{}\u00bb]Saber m\u00e1s<br \/>\n[\/et_pb_text][\/et_pb_column][et_pb_column type=\u00bb1_2&#8243; _builder_version=\u00bb4.16&#8243; background_color=\u00bb#ffffff\u00bb custom_padding=\u00bb||30px|\u00bb box_shadow_style=\u00bbpreset1&#8243; global_colors_info=\u00bb{}\u00bb custom_padding__hover=\u00bb|||\u00bb][et_pb_text admin_label=\u00bbRanking System\u00bb module_class=\u00bbaccueil-tier-title\u00bb _builder_version=\u00bb4.16&#8243; text_text_color=\u00bb#ffffff\u00bb text_font_size=\u00bb20px\u00bb header_2_text_align=\u00bbcenter\u00bb header_2_text_color=\u00bb#ffffff\u00bb header_3_font=\u00bb|600||on|||||\u00bb header_3_text_align=\u00bbcenter\u00bb header_3_text_color=\u00bb#ffffff\u00bb header_3_font_size=\u00bb24px\u00bb background_color=\u00bb#000000&#8243; custom_margin=\u00bb||0px||false|false\u00bb custom_padding=\u00bb10px||0px|\u00bb border_width_top=\u00bb0px\u00bb border_width_right=\u00bb0px\u00bb border_color_bottom=\u00bb#ea3337&#8243; border_width_left=\u00bb0px\u00bb global_colors_info=\u00bb{}\u00bb]<\/p>\n<h3>SISTEMA DE CLASIFICACI\u00d3N<\/h3>\n<p>[\/et_pb_text][et_pb_image src=\u00bbhttps:\/\/www.danburykarateschool.com\/wp-content\/uploads\/2021\/03\/CTW-School-5.jpg\u00bb title_text=\u00bbSistema de clasificaci\u00f3n\u00bb align=\u00bbcenter\u00bb admin_label=\u00bbImage-Ranking\u00bb _builder_version=\u00bb4.16&#8243; _module_preset=\u00bbdefault\u00bb custom_margin=\u00bb||0px||false|false\u00bb global_colors_info=\u00bb{}\u00bb][\/et_pb_image][et_pb_text admin_label=\u00bbText-Ranking\u00bb _builder_version=\u00bb4.16&#8243; text_text_color=\u00bb#000000&#8243; text_line_height=\u00bb1.3em\u00bb header_2_text_color=\u00bb#ffffff\u00bb text_orientation=\u00bbcenter\u00bb custom_padding=\u00bb20px|30px|30px|30px|false|false\u00bb global_colors_info=\u00bb{}\u00bb]El nivel de aprendizaje de cada alumno se muestra mediante el color de su cintur\u00f3n y de su punta. Nuestro <strong>Sistema de Clasificaci\u00f3n de Karate Kanreikai<\/strong> establece los requisitos t\u00e9cnicos para cada nivel de cintur\u00f3n (o punta). Este sistema se utiliza en todas las escuelas de k\u00e1rate de World Kanreikai, a\u00f1ade coherencia y equidad al proceso de promoci\u00f3n de nuestros alumnos.<br \/>\n[\/et_pb_text][et_pb_text admin_label=\u00bbLearn more\u00bb module_class=\u00bbstick-to-bottom lm-btn\u00bb _builder_version=\u00bb4.16&#8243; _dynamic_attributes=\u00bblink_option_url\u00bb _module_preset=\u00bbdefault\u00bb text_font=\u00bb|700||on|||||\u00bb text_text_color=\u00bb#ffffff\u00bb background_color=\u00bb#e31f27&#8243; text_orientation=\u00bbcenter\u00bb custom_margin=\u00bb30px||||false|false\u00bb custom_padding=\u00bb10px|10px|10px|10px|false|false\u00bb link_option_url=\u00bb@ET-DC@eyJkeW5hbWljIjp0cnVlLCJjb250ZW50IjoicG9zdF9saW5rX3VybF9wYWdlIiwic2V0dGluZ3MiOnsicG9zdF9pZCI6IjIwNjAifX0=@\u00bb global_colors_info=\u00bb{}\u00bb]Saber m\u00e1s<br \/>\n[\/et_pb_text][\/et_pb_column][\/et_pb_row][\/et_pb_section]<\/p>\n","protected":false},"excerpt":{"rendered":"<p>Escuela de k\u00e1rate y artes marciales en Connecticut Damos la bienvenida a cualquiera que quiera seguir nuestras ense\u00f1anzas y que busque formar parte de una organizaci\u00f3n que promueve las formas tradicionales del k\u00e1rate japon\u00e9s. Nuestro equipo ense\u00f1a karate en un ambiente positivo donde el entrenamiento duro, la perseverancia y el respeto son el n\u00facleo de [&hellip;]<\/p>\n","protected":false},"author":8,"featured_media":0,"parent":0,"menu_order":10,"comment_status":"closed","ping_status":"closed","template":"","meta":{"_et_pb_use_builder":"on","_et_pb_old_content":"","_et_gb_content_width":"","footnotes":""},"class_list":["post-8614","page","type-page","status-publish","hentry"],"_links":{"self":[{"href":"https:\/\/www.danburykarateschool.com\/es\/wp-json\/wp\/v2\/pages\/8614","targetHints":{"allow":["GET"]}}],"collection":[{"href":"https:\/\/www.danburykarateschool.com\/es\/wp-json\/wp\/v2\/pages"}],"about":[{"href":"https:\/\/www.danburykarateschool.com\/es\/wp-json\/wp\/v2\/types\/page"}],"author":[{"embeddable":true,"href":"https:\/\/www.danburykarateschool.com\/es\/wp-json\/wp\/v2\/users\/8"}],"replies":[{"embeddable":true,"href":"https:\/\/www.danburykarateschool.com\/es\/wp-json\/wp\/v2\/comments?post=8614"}],"version-history":[{"count":2,"href":"https:\/\/www.danburykarateschool.com\/es\/wp-json\/wp\/v2\/pages\/8614\/revisions"}],"predecessor-version":[{"id":8618,"href":"https:\/\/www.danburykarateschool.com\/es\/wp-json\/wp\/v2\/pages\/8614\/revisions\/8618"}],"wp:attachment":[{"href":"https:\/\/www.danburykarateschool.com\/es\/wp-json\/wp\/v2\/media?parent=8614"}],"curies":[{"name":"wp","href":"https:\/\/api.w.org\/{rel}","templated":true}]}}